{"id":12557,"date":"2024-09-18T12:00:51","date_gmt":"2024-09-18T12:00:51","guid":{"rendered":"https:\/\/energizer.com\/canada-french\/?post_type=product&#038;p=12557"},"modified":"2024-10-01T11:23:02","modified_gmt":"2024-10-01T11:23:02","slug":"energizerrechargeable-multi-purpose-cob-headlamp","status":"publish","type":"product","link":"https:\/\/energizer.com\/canada-french\/product\/eclairage\/mains-libres\/energizerrechargeable-multi-purpose-cob-headlamp\/","title":{"rendered":"Energizer\u00aeRechargeable Multi Purpose COB Headlamp"},"content":{"rendered":"<div class=\"button\"><a class=\"redbtn\" href=\"https:\/\/energizer.com\/canada-french\/fr-headlights\/\" rel=\"noopener\" aria-label=\"En savoir plus sur les lampes frontales\">En savoir plus sur les lampes frontales<\/a><\/div>\n<ul>\n<li>Lampe multifonctionnelle qui peut \u00eatre retir\u00e9e de la sangle de la lampe frontale ou fix\u00e9e \u00e0 celle-ci<\/li>\n<li>Excellente lampe rechargeable pour une utilisation de zone et mains libres pour les t\u00e2ches de travail<\/li>\n<li>Faisceau puissant projetant 180\u00a0lumens \u00e0 haute intensit\u00e9<\/li>\n<li>Se d\u00e9tache de la base pour \u00eatre utilis\u00e9 comme lampe de poche \u00e0 360\u00a0degr\u00e9s<\/li>\n<li>Cette lampe rechargeable est dot\u00e9e d\u2019un indice d\u2019\u00e9tanch\u00e9it\u00e9 de IPX4<\/li>\n<li>Fonction de lumi\u00e8re rouge clignotante<\/li>\n<\/ul>\n","protected":false},"excerpt":{"rendered":"<p>En savoir plus sur les lampes frontales Lampe multifonctionnelle qui peut \u00eatre retir\u00e9e de la sangle de la lampe frontale ou fix\u00e9e \u00e0 celle-ci Excellente lampe rechargeable pour une utilisation de zone et mains libres pour les t\u00e2ches de travail Faisceau puissant projetant 180\u00a0lumens \u00e0 haute intensit\u00e9 Se d\u00e9tache de la base pour \u00eatre utilis\u00e9 [&hellip;]<\/p>\n","protected":false},"featured_media":0,"comment_status":"open","ping_status":"closed","template":"","meta":{"_acf_changed":false},"product_brand":[],"product_cat":[43,132],"product_tag":[],"class_list":{"0":"post-12557","1":"product","2":"type-product","3":"status-publish","5":"product_cat-mains-libres","6":"product_cat-trouvez-des-produits-declairage-energizer","7":"pa_uses-bricolage","8":"pa_uses-exterieur","9":"pa_uses-travail","11":"first","12":"instock","13":"shipping-taxable","14":"product-type-simple"},"acf":[],"_links":{"self":[{"href":"https:\/\/energizer.com\/canada-french\/wp-json\/wp\/v2\/product\/12557","targetHints":{"allow":["GET"]}}],"collection":[{"href":"https:\/\/energizer.com\/canada-french\/wp-json\/wp\/v2\/product"}],"about":[{"href":"https:\/\/energizer.com\/canada-french\/wp-json\/wp\/v2\/types\/product"}],"replies":[{"embeddable":true,"href":"https:\/\/energizer.com\/canada-french\/wp-json\/wp\/v2\/comments?post=12557"}],"version-history":[{"count":0,"href":"https:\/\/energizer.com\/canada-french\/wp-json\/wp\/v2\/product\/12557\/revisions"}],"wp:attachment":[{"href":"https:\/\/energizer.com\/canada-french\/wp-json\/wp\/v2\/media?parent=12557"}],"wp:term":[{"taxonomy":"product_brand","embeddable":true,"href":"https:\/\/energizer.com\/canada-french\/wp-json\/wp\/v2\/product_brand?post=12557"},{"taxonomy":"product_cat","embeddable":true,"href":"https:\/\/energizer.com\/canada-french\/wp-json\/wp\/v2\/product_cat?post=12557"},{"taxonomy":"product_tag","embeddable":true,"href":"https:\/\/energizer.com\/canada-french\/wp-json\/wp\/v2\/product_tag?post=12557"}],"curies":[{"name":"wp","href":"https:\/\/api.w.org\/{rel}","templated":true}]}}