{"id":12562,"date":"2024-09-18T12:08:22","date_gmt":"2024-09-18T12:08:22","guid":{"rendered":"https:\/\/energizer.com\/canada-french\/?post_type=product&#038;p=12562"},"modified":"2024-10-01T11:21:28","modified_gmt":"2024-10-01T11:21:28","slug":"energizervision-hd-led-headlamp","status":"publish","type":"product","link":"https:\/\/energizer.com\/canada-french\/product\/eclairage\/mains-libres\/energizervision-hd-led-headlamp\/","title":{"rendered":"Energizer\u00aeVision HD LED Headlamp"},"content":{"rendered":"<div class=\"button\"><a class=\"redbtn\" href=\"https:\/\/energizer.com\/canada-french\/fr-headlights\/\" rel=\"noopener\" aria-label=\"En savoir plus sur les lampes frontales\">En savoir plus sur les lampes frontales<\/a><\/div>\n<ul>\n<li>Fonction de pointe qui permet de contr\u00f4ler l\u2019intensit\u00e9 de la lumi\u00e8re en modes concentr\u00e9 et \u00e9largi<\/li>\n<li>Arr\u00eat automatique afin d\u2019\u00e9viter les cycles de commutation inutiles<\/li>\n<li>Lampe durable r\u00e9sistante \u00e0 l\u2019eau, norme IPX4, avec lentille incassable<\/li>\n<li>T\u00eate pivotante pour diriger la lumi\u00e8re selon vos besoins<\/li>\n<li>Jusqu\u2019\u00e0 4X plus brillante que la technologie D\u00c9L standard<\/li>\n<li>Optiques brevet\u00e9es offrant une vision directe et p\u00e9riph\u00e9rique exceptionnelle<\/li>\n<li>Longue dur\u00e9e d\u2019utilisation<\/li>\n<li>Fonctionne avec 3\u00a0<a class=\"anchorhover\" href=\"https:\/\/energizer.com\/canada-french\/product\/power\/energizer-max\/energizer-max-aaa\/\" rel=\"noopener\" aria-label=\"AAA Energizer MAX\u00ae\">AAA Energizer MAX\u00ae<\/a>\u00a0piles<\/li>\n<li>Voir\u00a0<a class=\"anchorhover\" href=\"https:\/\/energizer.com\/canada-french\/wp-content\/uploads\/sites\/3\/2024\/09\/hdb32e-1.pdf\" target=\"_blank\" rel=\"noopener\" aria-label=\"feuille d\u2019instruction\">feuille d\u2019instruction<\/a><\/li>\n<\/ul>\n","protected":false},"excerpt":{"rendered":"<p>En savoir plus sur les lampes frontales Fonction de pointe qui permet de contr\u00f4ler l\u2019intensit\u00e9 de la lumi\u00e8re en modes concentr\u00e9 et \u00e9largi Arr\u00eat automatique afin d\u2019\u00e9viter les cycles de commutation inutiles Lampe durable r\u00e9sistante \u00e0 l\u2019eau, norme IPX4, avec lentille incassable T\u00eate pivotante pour diriger la lumi\u00e8re selon vos besoins Jusqu\u2019\u00e0 4X plus brillante [&hellip;]<\/p>\n","protected":false},"featured_media":0,"comment_status":"open","ping_status":"closed","template":"","meta":{"_acf_changed":false},"product_brand":[],"product_cat":[43,132],"product_tag":[],"class_list":{"0":"post-12562","1":"product","2":"type-product","3":"status-publish","5":"product_cat-mains-libres","6":"product_cat-trouvez-des-produits-declairage-energizer","7":"pa_uses-bricolage","8":"pa_uses-exterieur","9":"pa_uses-quotidien","10":"pa_uses-travail","12":"first","13":"instock","14":"shipping-taxable","15":"product-type-simple"},"acf":[],"_links":{"self":[{"href":"https:\/\/energizer.com\/canada-french\/wp-json\/wp\/v2\/product\/12562","targetHints":{"allow":["GET"]}}],"collection":[{"href":"https:\/\/energizer.com\/canada-french\/wp-json\/wp\/v2\/product"}],"about":[{"href":"https:\/\/energizer.com\/canada-french\/wp-json\/wp\/v2\/types\/product"}],"replies":[{"embeddable":true,"href":"https:\/\/energizer.com\/canada-french\/wp-json\/wp\/v2\/comments?post=12562"}],"version-history":[{"count":0,"href":"https:\/\/energizer.com\/canada-french\/wp-json\/wp\/v2\/product\/12562\/revisions"}],"wp:attachment":[{"href":"https:\/\/energizer.com\/canada-french\/wp-json\/wp\/v2\/media?parent=12562"}],"wp:term":[{"taxonomy":"product_brand","embeddable":true,"href":"https:\/\/energizer.com\/canada-french\/wp-json\/wp\/v2\/product_brand?post=12562"},{"taxonomy":"product_cat","embeddable":true,"href":"https:\/\/energizer.com\/canada-french\/wp-json\/wp\/v2\/product_cat?post=12562"},{"taxonomy":"product_tag","embeddable":true,"href":"https:\/\/energizer.com\/canada-french\/wp-json\/wp\/v2\/product_tag?post=12562"}],"curies":[{"name":"wp","href":"https:\/\/api.w.org\/{rel}","templated":true}]}}