{"id":12565,"date":"2024-09-18T12:13:09","date_gmt":"2024-09-18T12:13:09","guid":{"rendered":"https:\/\/energizer.com\/canada-french\/?post_type=product&#038;p=12565"},"modified":"2024-10-01T12:28:54","modified_gmt":"2024-10-01T12:28:54","slug":"energizervision-hd-focus-led-headlamp","status":"publish","type":"product","link":"https:\/\/energizer.com\/canada-french\/product\/eclairage\/mains-libres\/energizervision-hd-focus-led-headlamp\/","title":{"rendered":"Energizer\u00aeVision HD+ Focus LED Headlamp"},"content":{"rendered":"<div class=\"button\"><a class=\"redbtn\" href=\"https:\/\/energizer.com\/canada-french\/fr-headlights\/\" rel=\"noopener\" aria-label=\"En savoir plus sur les lampes frontales\">En savoir plus sur les lampes frontales<\/a><\/div>\n<ul>\n<li>Cinq modes d\u2019\u00e9clairage D\u00c9L\n<ul>\n<li>Mode intense, blanc<\/li>\n<li>Mode faible, blanc<\/li>\n<li>Faisceau concentr\u00e9 blanc<\/li>\n<li>Faisceau \u00e9largi blanc<\/li>\n<li>Rouge pour la vision nocturne<\/li>\n<\/ul>\n<\/li>\n<li class=\"cta\">Fonction de rappel qui permet \u00e0 l\u2019utilisateur d\u2019acc\u00e9der rapidement \u00e0 son r\u00e9glage d\u2019intensit\u00e9 pr\u00e9f\u00e9r\u00e9 lorsque la lampe est rallum\u00e9e<\/li>\n<li>Mise au point num\u00e9rique brevet\u00e9e permettant \u00e0 l\u2019utilisateur d\u2019\u00e9largir ou de r\u00e9duire le faisceau de lumi\u00e8re<\/li>\n<li>T\u00eate pivotante pour diriger la lumi\u00e8re selon vos besoins<\/li>\n<li>Faisceau D\u00c9L puissant. Jusqu\u2019\u00e0 4X plus brillant que la technologie D\u00c9L standard<\/li>\n<li>R\u00e9sistante \u00e0 l\u2019eau et aux tests de chutes dans des conditions extr\u00eames<\/li>\n<li>Fonctionne avec 3 piles AAA (comprend 3 piles\u00a0<a class=\"anchorhover\" href=\"https:\/\/energizer.com\/canada-french\/product\/power\/energizer-max\/energizer-max-aaa\/\" aria-label=\"AAA Energizer MAX\u00ae\">AAA Energizer MAX\u00ae<\/a>)<\/li>\n<li>Voir\u00a0<a class=\"anchorhover\" href=\"https:\/\/energizer.ca\/wp-content\/uploads\/2023\/11\/hdd32e-1.pdf\" target=\"_blank\" rel=\"noopener\" aria-label=\"feuille d\u2019instruction\">feuille d\u2019instruction<\/a><\/li>\n<\/ul>\n","protected":false},"excerpt":{"rendered":"<p>En savoir plus sur les lampes frontales Cinq modes d\u2019\u00e9clairage D\u00c9L Mode intense, blanc Mode faible, blanc Faisceau concentr\u00e9 blanc Faisceau \u00e9largi blanc Rouge pour la vision nocturne Fonction de rappel qui permet \u00e0 l\u2019utilisateur d\u2019acc\u00e9der rapidement \u00e0 son r\u00e9glage d\u2019intensit\u00e9 pr\u00e9f\u00e9r\u00e9 lorsque la lampe est rallum\u00e9e Mise au point num\u00e9rique brevet\u00e9e permettant \u00e0 l\u2019utilisateur [&hellip;]<\/p>\n","protected":false},"featured_media":0,"comment_status":"open","ping_status":"closed","template":"","meta":{"_acf_changed":false},"product_brand":[],"product_cat":[43,132],"product_tag":[],"class_list":{"0":"post-12565","1":"product","2":"type-product","3":"status-publish","5":"product_cat-mains-libres","6":"product_cat-trouvez-des-produits-declairage-energizer","7":"pa_uses-bricolage","8":"pa_uses-exterieur","9":"pa_uses-quotidien","10":"pa_uses-travail","12":"first","13":"instock","14":"shipping-taxable","15":"product-type-simple"},"acf":[],"_links":{"self":[{"href":"https:\/\/energizer.com\/canada-french\/wp-json\/wp\/v2\/product\/12565","targetHints":{"allow":["GET"]}}],"collection":[{"href":"https:\/\/energizer.com\/canada-french\/wp-json\/wp\/v2\/product"}],"about":[{"href":"https:\/\/energizer.com\/canada-french\/wp-json\/wp\/v2\/types\/product"}],"replies":[{"embeddable":true,"href":"https:\/\/energizer.com\/canada-french\/wp-json\/wp\/v2\/comments?post=12565"}],"version-history":[{"count":0,"href":"https:\/\/energizer.com\/canada-french\/wp-json\/wp\/v2\/product\/12565\/revisions"}],"wp:attachment":[{"href":"https:\/\/energizer.com\/canada-french\/wp-json\/wp\/v2\/media?parent=12565"}],"wp:term":[{"taxonomy":"product_brand","embeddable":true,"href":"https:\/\/energizer.com\/canada-french\/wp-json\/wp\/v2\/product_brand?post=12565"},{"taxonomy":"product_cat","embeddable":true,"href":"https:\/\/energizer.com\/canada-french\/wp-json\/wp\/v2\/product_cat?post=12565"},{"taxonomy":"product_tag","embeddable":true,"href":"https:\/\/energizer.com\/canada-french\/wp-json\/wp\/v2\/product_tag?post=12565"}],"curies":[{"name":"wp","href":"https:\/\/api.w.org\/{rel}","templated":true}]}}