{"id":12571,"date":"2024-09-18T12:18:18","date_gmt":"2024-09-18T12:18:18","guid":{"rendered":"https:\/\/energizer.com\/canada-french\/?post_type=product&#038;p=12571"},"modified":"2025-02-25T13:30:30","modified_gmt":"2025-02-25T13:30:30","slug":"energizervision-ultra-hd-rechargeable-headlamp","status":"publish","type":"product","link":"https:\/\/energizer.com\/canada-french\/product\/eclairage\/mains-libres\/energizervision-ultra-hd-rechargeable-headlamp\/","title":{"rendered":"Energizer\u00aeVision Ultra HD Rechargeable Headlamp"},"content":{"rendered":"<div class=\"button\"><a class=\"redbtn\" href=\"https:\/\/energizer.com\/canada-french\/fr-headlights\/\" rel=\"noopener\" aria-label=\"En savoir plus sur les lampes frontales\">En savoir plus sur les lampes frontales<\/a><\/div>\n<ul>\n<li>Rechargeable \u2013 recharge compl\u00e8te en 4 heures*<\/li>\n<li>Comprend un c\u00e2ble de recharge USB<\/li>\n<li>La technologie d\u2019intensit\u00e9 variable intelligente d\u2019<em>Energizer<\/em><sub>\u00ae<\/sub> permet de contr\u00f4ler la luminosit\u00e9.<\/li>\n<li>La technologie VisionGuard prot\u00e8ge la vision en augmentant graduellement l\u2019intensit\u00e9 de l\u2019\u00e9clairage.<\/li>\n<li>Les DEL rouge et verte pr\u00e9servent la vision de nuit pour les activit\u00e9s ext\u00e9rieures, comme la chasse et la p\u00eache.<\/li>\n<li>R\u00e9sistante \u00e0 l\u2019eau avec lentille incassable<\/li>\n<li>Munie de la technologie DEL<\/li>\n<li>Produit une luminosit\u00e9 jusqu\u2019\u00e0 15 fois sup\u00e9rieure \u00e0 celle d\u2019une technologie DEL ordinaire<\/li>\n<li>Grande autonomie en mode faible intensit\u00e9<\/li>\n<li>7 modes\n<ul>\n<li>Haute intensit\u00e9<\/li>\n<li>Faible intensit\u00e9<\/li>\n<li>Faisceau large<\/li>\n<li>Faisceau large de faible intensit\u00e9<\/li>\n<li>Rouge<\/li>\n<li>Rouge clignotant<\/li>\n<li>Vert<\/li>\n<\/ul>\n<\/li>\n<li class=\"cta\">Utilise une pile au lithium-ion non amovible<\/li>\n<\/ul>\n","protected":false},"excerpt":{"rendered":"<p>En savoir plus sur les lampes frontales Rechargeable \u2013 recharge compl\u00e8te en 4 heures* Comprend un c\u00e2ble de recharge USB La technologie d\u2019intensit\u00e9 variable intelligente d\u2019Energizer\u00ae permet de contr\u00f4ler la luminosit\u00e9. La technologie VisionGuard prot\u00e8ge la vision en augmentant graduellement l\u2019intensit\u00e9 de l\u2019\u00e9clairage. Les DEL rouge et verte pr\u00e9servent la vision de nuit pour les [&hellip;]<\/p>\n","protected":false},"featured_media":0,"comment_status":"open","ping_status":"closed","template":"","meta":{"_acf_changed":false},"product_brand":[],"product_cat":[43,132],"product_tag":[],"class_list":{"0":"post-12571","1":"product","2":"type-product","3":"status-publish","5":"product_cat-mains-libres","6":"product_cat-trouvez-des-produits-declairage-energizer","7":"pa_uses-bricolage","8":"pa_uses-exterieur","9":"pa_uses-soyez-pret","10":"pa_uses-travail","12":"first","13":"instock","14":"shipping-taxable","15":"product-type-simple"},"acf":[],"_links":{"self":[{"href":"https:\/\/energizer.com\/canada-french\/wp-json\/wp\/v2\/product\/12571","targetHints":{"allow":["GET"]}}],"collection":[{"href":"https:\/\/energizer.com\/canada-french\/wp-json\/wp\/v2\/product"}],"about":[{"href":"https:\/\/energizer.com\/canada-french\/wp-json\/wp\/v2\/types\/product"}],"replies":[{"embeddable":true,"href":"https:\/\/energizer.com\/canada-french\/wp-json\/wp\/v2\/comments?post=12571"}],"version-history":[{"count":0,"href":"https:\/\/energizer.com\/canada-french\/wp-json\/wp\/v2\/product\/12571\/revisions"}],"wp:attachment":[{"href":"https:\/\/energizer.com\/canada-french\/wp-json\/wp\/v2\/media?parent=12571"}],"wp:term":[{"taxonomy":"product_brand","embeddable":true,"href":"https:\/\/energizer.com\/canada-french\/wp-json\/wp\/v2\/product_brand?post=12571"},{"taxonomy":"product_cat","embeddable":true,"href":"https:\/\/energizer.com\/canada-french\/wp-json\/wp\/v2\/product_cat?post=12571"},{"taxonomy":"product_tag","embeddable":true,"href":"https:\/\/energizer.com\/canada-french\/wp-json\/wp\/v2\/product_tag?post=12571"}],"curies":[{"name":"wp","href":"https:\/\/api.w.org\/{rel}","templated":true}]}}