{"id":12578,"date":"2024-09-18T12:21:24","date_gmt":"2024-09-18T12:21:24","guid":{"rendered":"https:\/\/energizer.com\/canada-french\/?post_type=product&#038;p=12578"},"modified":"2024-10-01T09:17:58","modified_gmt":"2024-10-01T09:17:58","slug":"lampe-frontale-intrinsequement-securitaire-em-energizer-em-sub-reg-sub","status":"publish","type":"product","link":"https:\/\/energizer.com\/canada-french\/product\/eclairage\/eclairage-a-grand-faisceau\/lampe-frontale-intrinsequement-securitaire-em-energizer-em-sub-reg-sub\/","title":{"rendered":"Energizer\u00ae Panel Work Light"},"content":{"rendered":"<ul>\n<li>Fabrication durable pour les situations difficiles<\/li>\n<li>Poign\u00e9e ajustable qui peut \u00eatre utilis\u00e9e pour positionner la lumi\u00e8re ou l\u2019accrocher<\/li>\n<li>Deux panneaux ajustables (180\u00a0lumi\u00e8res chaque)<\/li>\n<li>Rechargeable\u00a0: fonctionne avec une pile rechargeable au lithium-ion (c\u00e2ble inclus)<\/li>\n<li>Port\u00a0USB sortant pour recharger des appareils<\/li>\n<li>Panneaux ajustables individuellement pour une meilleure flexibilit\u00e9<\/li>\n<li>Quatre indicateurs de charge\u00a0DEL de couleur verte pour les charges de\u00a025, 50, 75 et 100\u00a0%<\/li>\n<\/ul>\n","protected":false},"excerpt":{"rendered":"<p>Le panneau de travail lumineux a de nombreuses caract\u00e9ristiques qui en font une lampe tr\u00e8s polyvalente. Ses deux panneaux ajustables fournissent un \u00e9clairage \u00e0 180\u00b0 (chacun) et la lumi\u00e8re peut \u00eatre orient\u00e9e l\u00e0 o\u00f9 vous en avez besoin. \u00a0De plus, les deux pieds sont ajustables, ce qui vous permet de le placer o\u00f9 vous le souhaitez et de l\u2019accrocher n\u2019importe o\u00f9. Cette lampe n\u2019est pas seulement rechargeable, mais elle poss\u00e8de \u00e9galement un port USB qui peut \u00eatre utilis\u00e9 pour recharger d\u2019autres appareils.\u00a0 Cette caract\u00e9ristique du port USB peut s\u2019av\u00e9rer utile dans des situations d\u2019urgence. Quelle que soit l\u2019activit\u00e9, qu\u2019il s\u2019agisse du travail, d\u2019un projet de bricolage, d\u2019activit\u00e9s de plein air ou de camping, le panneau de travail lumineux est une excellente solution pour vos besoins en \u00e9clairage.<\/p>\n","protected":false},"featured_media":0,"comment_status":"open","ping_status":"closed","template":"","meta":{"_acf_changed":false},"product_brand":[],"product_cat":[44,132],"product_tag":[],"class_list":{"0":"post-12578","1":"product","2":"type-product","3":"status-publish","5":"product_cat-eclairage-a-grand-faisceau","6":"product_cat-trouvez-des-produits-declairage-energizer","7":"pa_uses-bricolage","8":"pa_uses-exterieur","9":"pa_uses-soyez-pret","10":"pa_uses-travail","12":"first","13":"instock","14":"shipping-taxable","15":"product-type-simple"},"acf":[],"_links":{"self":[{"href":"https:\/\/energizer.com\/canada-french\/wp-json\/wp\/v2\/product\/12578","targetHints":{"allow":["GET"]}}],"collection":[{"href":"https:\/\/energizer.com\/canada-french\/wp-json\/wp\/v2\/product"}],"about":[{"href":"https:\/\/energizer.com\/canada-french\/wp-json\/wp\/v2\/types\/product"}],"replies":[{"embeddable":true,"href":"https:\/\/energizer.com\/canada-french\/wp-json\/wp\/v2\/comments?post=12578"}],"version-history":[{"count":0,"href":"https:\/\/energizer.com\/canada-french\/wp-json\/wp\/v2\/product\/12578\/revisions"}],"wp:attachment":[{"href":"https:\/\/energizer.com\/canada-french\/wp-json\/wp\/v2\/media?parent=12578"}],"wp:term":[{"taxonomy":"product_brand","embeddable":true,"href":"https:\/\/energizer.com\/canada-french\/wp-json\/wp\/v2\/product_brand?post=12578"},{"taxonomy":"product_cat","embeddable":true,"href":"https:\/\/energizer.com\/canada-french\/wp-json\/wp\/v2\/product_cat?post=12578"},{"taxonomy":"product_tag","embeddable":true,"href":"https:\/\/energizer.com\/canada-french\/wp-json\/wp\/v2\/product_tag?post=12578"}],"curies":[{"name":"wp","href":"https:\/\/api.w.org\/{rel}","templated":true}]}}