{"id":12580,"date":"2024-09-18T12:24:02","date_gmt":"2024-09-18T12:24:02","guid":{"rendered":"https:\/\/energizer.com\/canada-french\/?post_type=product&#038;p=12580"},"modified":"2024-09-30T13:26:11","modified_gmt":"2024-09-30T13:26:11","slug":"projecteur-rechargeable-em-energizer-em-sub-reg-sub","status":"publish","type":"product","link":"https:\/\/energizer.com\/canada-french\/product\/eclairage\/eclairage-a-grand-faisceau\/projecteur-rechargeable-em-energizer-em-sub-reg-sub\/","title":{"rendered":"Energizer\u00ae Rechargeable Spotlight"},"content":{"rendered":"<ul>\n<li>Compact et l\u00e9ger<\/li>\n<li>Grand bouton poussoir<\/li>\n<li>Support pliant pour une utilisation mains libres<\/li>\n<li>C\u00e2ble de recharge inclus dans le compartiment interne offrant un rangement facile<\/li>\n<li>Longue port\u00e9e de faisceau<\/li>\n<li>Batterie rechargeable aux ions de lithium fixe<\/li>\n<\/ul>\n","protected":false},"excerpt":{"rendered":"<p>Le projecteur rechargeable Energizer\u00ae est un excellent outil pour le travail et les projets de bricolage. Son corps compact et l\u00e9ger offre une excellente performance et une excellente luminosit\u00e9. Le support pliant permet une utilisation mains libres; d\u00e9posez simplement le projecteur et pointez-le l\u00e0 o\u00f9 vous en avez besoin. Le grand bouton-poussoir fonctionne tr\u00e8s bien avec des gants de travail et le rend facile \u00e0 utiliser. Ce projecteur est rechargeable et le c\u00e2ble USB est inclus dans le compartiment \u00e0 l\u2019arri\u00e8re de celui-ci, vous permettant de toujours l\u2019avoir \u00e0 port\u00e9e de main chaque fois que vous avez besoin de le recharger.<\/p>\n","protected":false},"featured_media":0,"comment_status":"open","ping_status":"closed","template":"","meta":{"_acf_changed":false},"product_brand":[],"product_cat":[44,97],"product_tag":[],"class_list":{"0":"post-12580","1":"product","2":"type-product","3":"status-publish","5":"product_cat-eclairage-a-grand-faisceau","6":"product_cat-lampes-de-poche","7":"pa_uses-exterieur","8":"pa_uses-soyez-pret","9":"pa_uses-travail","11":"first","12":"instock","13":"shipping-taxable","14":"product-type-simple"},"acf":[],"_links":{"self":[{"href":"https:\/\/energizer.com\/canada-french\/wp-json\/wp\/v2\/product\/12580","targetHints":{"allow":["GET"]}}],"collection":[{"href":"https:\/\/energizer.com\/canada-french\/wp-json\/wp\/v2\/product"}],"about":[{"href":"https:\/\/energizer.com\/canada-french\/wp-json\/wp\/v2\/types\/product"}],"replies":[{"embeddable":true,"href":"https:\/\/energizer.com\/canada-french\/wp-json\/wp\/v2\/comments?post=12580"}],"version-history":[{"count":0,"href":"https:\/\/energizer.com\/canada-french\/wp-json\/wp\/v2\/product\/12580\/revisions"}],"wp:attachment":[{"href":"https:\/\/energizer.com\/canada-french\/wp-json\/wp\/v2\/media?parent=12580"}],"wp:term":[{"taxonomy":"product_brand","embeddable":true,"href":"https:\/\/energizer.com\/canada-french\/wp-json\/wp\/v2\/product_brand?post=12580"},{"taxonomy":"product_cat","embeddable":true,"href":"https:\/\/energizer.com\/canada-french\/wp-json\/wp\/v2\/product_cat?post=12580"},{"taxonomy":"product_tag","embeddable":true,"href":"https:\/\/energizer.com\/canada-french\/wp-json\/wp\/v2\/product_tag?post=12580"}],"curies":[{"name":"wp","href":"https:\/\/api.w.org\/{rel}","templated":true}]}}