{"id":12593,"date":"2024-09-18T12:39:38","date_gmt":"2024-09-18T12:39:38","guid":{"rendered":"https:\/\/energizer.com\/canada-french\/?post_type=product&#038;p=12593"},"modified":"2024-10-01T11:06:08","modified_gmt":"2024-10-01T11:06:08","slug":"energizer-led-pen-light","status":"publish","type":"product","link":"https:\/\/energizer.com\/canada-french\/product\/eclairage\/nouveautes\/energizer-led-pen-light\/","title":{"rendered":"Energizer\u00ae LED Pen Light"},"content":{"rendered":"<div class=\"button\"><a class=\"redbtn\" href=\"https:\/\/energizer.com\/canada-french\/lampes-stylo-energizer\/\" rel=\"noopener\" aria-label=\"En savoir plus sur les lampes stylo\">En savoir plus sur les lampes stylo<br \/>\n<\/a><\/div>\n<ul>\n<li>Cette lampe stylo compacte offre une lumi\u00e8re blanche et s\u2019av\u00e8re pratique dans presque toutes les situations<\/li>\n<li>Son corps en acier inoxydable offre une bonne r\u00e9sistance aux chutes et \u00e0 l\u2019usure<\/li>\n<li>Son interrupteur est activable par pression, pour une maniabilit\u00e9 optimale<\/li>\n<li>Son attache en acier permet de la fixer fermement \u00e0 votre poche, votre trousse \u00e0 outils ou \u00e0 une chemise<\/li>\n<li>Lampe torche en acier inoxydable fournie avec deux piles AAA\u00a0<em>Energizer<\/em><sub>\u00ae<\/sub>\u00a0MAX<sub>\u00ae<\/sub><\/li>\n<\/ul>\n","protected":false},"excerpt":{"rendered":"<p>En savoir plus sur les lampes stylo Cette lampe stylo compacte offre une lumi\u00e8re blanche et s\u2019av\u00e8re pratique dans presque toutes les situations Son corps en acier inoxydable offre une bonne r\u00e9sistance aux chutes et \u00e0 l\u2019usure Son interrupteur est activable par pression, pour une maniabilit\u00e9 optimale Son attache en acier permet de la fixer [&hellip;]<\/p>\n","protected":false},"featured_media":0,"comment_status":"open","ping_status":"closed","template":"","meta":{"_acf_changed":false},"product_brand":[],"product_cat":[97,45,132],"product_tag":[],"class_list":{"0":"post-12593","1":"product","2":"type-product","3":"status-publish","5":"product_cat-lampes-de-poche","6":"product_cat-nouveautes","7":"product_cat-trouvez-des-produits-declairage-energizer","8":"pa_uses-bricolage","10":"first","11":"instock","12":"shipping-taxable","13":"product-type-simple"},"acf":[],"_links":{"self":[{"href":"https:\/\/energizer.com\/canada-french\/wp-json\/wp\/v2\/product\/12593","targetHints":{"allow":["GET"]}}],"collection":[{"href":"https:\/\/energizer.com\/canada-french\/wp-json\/wp\/v2\/product"}],"about":[{"href":"https:\/\/energizer.com\/canada-french\/wp-json\/wp\/v2\/types\/product"}],"replies":[{"embeddable":true,"href":"https:\/\/energizer.com\/canada-french\/wp-json\/wp\/v2\/comments?post=12593"}],"version-history":[{"count":0,"href":"https:\/\/energizer.com\/canada-french\/wp-json\/wp\/v2\/product\/12593\/revisions"}],"wp:attachment":[{"href":"https:\/\/energizer.com\/canada-french\/wp-json\/wp\/v2\/media?parent=12593"}],"wp:term":[{"taxonomy":"product_brand","embeddable":true,"href":"https:\/\/energizer.com\/canada-french\/wp-json\/wp\/v2\/product_brand?post=12593"},{"taxonomy":"product_cat","embeddable":true,"href":"https:\/\/energizer.com\/canada-french\/wp-json\/wp\/v2\/product_cat?post=12593"},{"taxonomy":"product_tag","embeddable":true,"href":"https:\/\/energizer.com\/canada-french\/wp-json\/wp\/v2\/product_tag?post=12593"}],"curies":[{"name":"wp","href":"https:\/\/api.w.org\/{rel}","templated":true}]}}