{"id":12611,"date":"2024-09-18T12:43:48","date_gmt":"2024-09-18T12:43:48","guid":{"rendered":"https:\/\/energizer.com\/canada-french\/?post_type=product&#038;p=12611"},"modified":"2024-10-01T11:02:05","modified_gmt":"2024-10-01T11:02:05","slug":"energizer-premium-pen-light","status":"publish","type":"product","link":"https:\/\/energizer.com\/canada-french\/product\/eclairage\/nouveautes\/energizer-premium-pen-light\/","title":{"rendered":"Energizer\u00ae Premium Pen Light"},"content":{"rendered":"<div class=\"button\"><a class=\"redbtn\" href=\"https:\/\/energizer.com\/canada-french\/lampes-stylo-energizer\/\" rel=\"noopener\" aria-label=\"En savoir plus sur les lampes stylo \">En savoir plus sur les lampes stylo<\/a><\/div>\n<ul>\n<li>Corps en aluminium durable<\/li>\n<li>Interrupteur \u00e0 bouton-poussoir facile \u00e0 utiliser<\/li>\n<li>Pince int\u00e9gr\u00e9e<\/li>\n<li>Forme \u00e9l\u00e9gante et compacte<\/li>\n<li>Technologie DEL<\/li>\n<li>Fonctionne avec 2 batteries AAA<\/li>\n<\/ul>\n","protected":false},"excerpt":{"rendered":"<p>En savoir plus sur les lampes stylo Corps en aluminium durable Interrupteur \u00e0 bouton-poussoir facile \u00e0 utiliser Pince int\u00e9gr\u00e9e Forme \u00e9l\u00e9gante et compacte Technologie DEL Fonctionne avec 2 batteries AAA<\/p>\n","protected":false},"featured_media":0,"comment_status":"open","ping_status":"closed","template":"","meta":{"_acf_changed":false},"product_brand":[],"product_cat":[97,45,132],"product_tag":[],"class_list":{"0":"post-12611","1":"product","2":"type-product","3":"status-publish","5":"product_cat-lampes-de-poche","6":"product_cat-nouveautes","7":"product_cat-trouvez-des-produits-declairage-energizer","9":"first","10":"instock","11":"shipping-taxable","12":"product-type-simple"},"acf":[],"_links":{"self":[{"href":"https:\/\/energizer.com\/canada-french\/wp-json\/wp\/v2\/product\/12611","targetHints":{"allow":["GET"]}}],"collection":[{"href":"https:\/\/energizer.com\/canada-french\/wp-json\/wp\/v2\/product"}],"about":[{"href":"https:\/\/energizer.com\/canada-french\/wp-json\/wp\/v2\/types\/product"}],"replies":[{"embeddable":true,"href":"https:\/\/energizer.com\/canada-french\/wp-json\/wp\/v2\/comments?post=12611"}],"version-history":[{"count":0,"href":"https:\/\/energizer.com\/canada-french\/wp-json\/wp\/v2\/product\/12611\/revisions"}],"wp:attachment":[{"href":"https:\/\/energizer.com\/canada-french\/wp-json\/wp\/v2\/media?parent=12611"}],"wp:term":[{"taxonomy":"product_brand","embeddable":true,"href":"https:\/\/energizer.com\/canada-french\/wp-json\/wp\/v2\/product_brand?post=12611"},{"taxonomy":"product_cat","embeddable":true,"href":"https:\/\/energizer.com\/canada-french\/wp-json\/wp\/v2\/product_cat?post=12611"},{"taxonomy":"product_tag","embeddable":true,"href":"https:\/\/energizer.com\/canada-french\/wp-json\/wp\/v2\/product_tag?post=12611"}],"curies":[{"name":"wp","href":"https:\/\/api.w.org\/{rel}","templated":true}]}}