{"id":12624,"date":"2024-09-18T12:59:24","date_gmt":"2024-09-18T12:59:24","guid":{"rendered":"https:\/\/energizer.com\/canada-french\/?post_type=product&#038;p=12624"},"modified":"2025-02-25T11:48:25","modified_gmt":"2025-02-25T11:48:25","slug":"lampe-de-poche-paw-patrol-energizer","status":"publish","type":"product","link":"https:\/\/energizer.com\/canada-french\/product\/eclairage\/eclairage-a-grand-faisceau\/lampe-de-poche-paw-patrol-energizer\/","title":{"rendered":"Energizer\u00ae PAW Patrol Flashlight"},"content":{"rendered":"<h2 class=\"h3_size\">D\u00e9tails du produit<\/h2>\n<ul>\n<li>Rendez l\u2019obscurit\u00e9 amusante pour les enfants avec la lampe de poche \u00e0 DEL PAW Patrol Energizer\u00ae\u00a0En projetant une douce lueur, les lampes de poche pour enfants peuvent aider les enfants \u00e0 jouer et \u00e0 explorer dans l\u2019obscurit\u00e9, que ce soit \u00e0 l\u2019int\u00e9rieur ou dans le jardin la nuit.<\/li>\n<li>Petite et l\u00e9g\u00e8re, cette lampe de poche pour enfants offre un \u00e9clairage s\u00e9curitaire pour les enfants de 3 ans et plus La lampe \u00e0 DEL en plastique est dot\u00e9e d\u2019une lentille incassable et d\u2019un corps r\u00e9sistant aux chocs provoqu\u00e9s par une chute d\u2019une hauteur maximale de 3 pieds.<\/li>\n<li>Une conception de bouton-poussoir facile \u00e0 utiliser et une conception de poign\u00e9e confortable rendent l\u2019op\u00e9ration simple m\u00eame pour la plus petite main, et un cordon int\u00e9gr\u00e9 vous permet d\u2019accrocher la lampe aliment\u00e9e par batterie \u00e0 la port\u00e9e de votre enfant.<\/li>\n<li>Le design color\u00e9 correspond \u00e0 leurs autres jouets de la PAW Patrol.<br \/>\nUne autonomie de 72 heures signifie que cette lampe de poche compacte durera tout au long de n\u2019importe quel temps de jeu sans \u00e9puiser la batterie.<\/li>\n<li>Vous recevrez l\u2019une des deux options de couleur si vous achetez en ligne.<br \/>\nPour des performances fiables en toute situation, faites confiance \u00e0 Energizer\u00ae.<\/li>\n<li>Voir la d\u00e9claration de la FCC<\/li>\n<\/ul>\n","protected":false},"excerpt":{"rendered":"<p>Cette collection de lampes de poche PAW Patrol est un excellent choix pour ajouter plus de plaisir lorsque les enfants jouent dans l\u2019obscurit\u00e9. Ces lampes sont une option d\u2019\u00e9clairage conviviale et l\u00e9g\u00e8re pour les enfants qui les aideront \u00e0 explorer l\u2019ext\u00e9rieur ou simplement \u00e0 \u00eatre cr\u00e9atifs \u00e0 l\u2019int\u00e9rieur. La lampe est con\u00e7ue sur le th\u00e8me de la PAW Patrol et peut aider \u00e0 stimuler la cr\u00e9ativit\u00e9 des enfants pour qu\u2019ils explorent davantage. Cette lampe de poche est une option d\u2019\u00e9clairage s\u00e9curitaire et amusante pour les enfants qui les accompagnera dans toutes leurs aventures.<\/p>\n","protected":false},"featured_media":0,"comment_status":"open","ping_status":"closed","template":"","meta":{"_acf_changed":false},"product_brand":[],"product_cat":[44,97,45,132],"product_tag":[],"class_list":{"0":"post-12624","1":"product","2":"type-product","3":"status-publish","5":"product_cat-eclairage-a-grand-faisceau","6":"product_cat-lampes-de-poche","7":"product_cat-nouveautes","8":"product_cat-trouvez-des-produits-declairage-energizer","9":"pa_collection-lampes-paw-patrol","11":"first","12":"instock","13":"shipping-taxable","14":"product-type-simple"},"acf":[],"_links":{"self":[{"href":"https:\/\/energizer.com\/canada-french\/wp-json\/wp\/v2\/product\/12624","targetHints":{"allow":["GET"]}}],"collection":[{"href":"https:\/\/energizer.com\/canada-french\/wp-json\/wp\/v2\/product"}],"about":[{"href":"https:\/\/energizer.com\/canada-french\/wp-json\/wp\/v2\/types\/product"}],"replies":[{"embeddable":true,"href":"https:\/\/energizer.com\/canada-french\/wp-json\/wp\/v2\/comments?post=12624"}],"version-history":[{"count":0,"href":"https:\/\/energizer.com\/canada-french\/wp-json\/wp\/v2\/product\/12624\/revisions"}],"wp:attachment":[{"href":"https:\/\/energizer.com\/canada-french\/wp-json\/wp\/v2\/media?parent=12624"}],"wp:term":[{"taxonomy":"product_brand","embeddable":true,"href":"https:\/\/energizer.com\/canada-french\/wp-json\/wp\/v2\/product_brand?post=12624"},{"taxonomy":"product_cat","embeddable":true,"href":"https:\/\/energizer.com\/canada-french\/wp-json\/wp\/v2\/product_cat?post=12624"},{"taxonomy":"product_tag","embeddable":true,"href":"https:\/\/energizer.com\/canada-french\/wp-json\/wp\/v2\/product_tag?post=12624"}],"curies":[{"name":"wp","href":"https:\/\/api.w.org\/{rel}","templated":true}]}}