{"id":12647,"date":"2024-09-19T04:37:56","date_gmt":"2024-09-19T04:37:56","guid":{"rendered":"https:\/\/energizer.com\/canada-french\/?post_type=product&#038;p=12647"},"modified":"2024-09-25T07:20:47","modified_gmt":"2024-09-25T07:20:47","slug":"energizer-recharge-power-plus-aa","status":"publish","type":"product","link":"https:\/\/energizer.com\/canada-french\/product\/power\/energizer-recharge\/energizer-recharge-power-plus-aa\/","title":{"rendered":"ENERGIZER\u00ae RECHARGE POWER PLUS AA"},"content":{"rendered":"<ul>\n<li>L\u2019innovation en mati\u00e8re de piles recyclables s\u2019\u00e9tend aux piles\u00a0<em>Energizer<\/em><sub>\u00ae<\/sub>\u00a0Recharge<sub>\u00ae<\/sub><\/li>\n<li>Une \u00e9nergie durable pour les appareils photo num\u00e9riques<\/li>\n<li>Durent jusqu\u2019\u00e0 5 ans lorsqu\u2019elles sont utilis\u00e9es dans des conditions normales<\/li>\n<li>Peuvent \u00eatre recharg\u00e9es des centaines de fois<\/li>\n<li>La charge dure jusqu\u2019\u00e0 12 mois lorsqu\u2019elles sont entrepos\u00e9es<\/li>\n<li>La premi\u00e8re marque de piles rechargeables au monde selon les donn\u00e9es d\u2019une \u00e9tude de march\u00e9<\/li>\n<li>Les piles sont vendues pr\u00e9charg\u00e9es<\/li>\n<\/ul>\n","protected":false},"excerpt":{"rendered":"<p>L\u2019innovation en mati\u00e8re de piles recyclables s\u2019\u00e9tend aux piles\u00a0Energizer\u00ae\u00a0Recharge\u00ae Une \u00e9nergie durable pour les appareils photo num\u00e9riques Durent jusqu\u2019\u00e0 5 ans lorsqu\u2019elles sont utilis\u00e9es dans des conditions normales Peuvent \u00eatre recharg\u00e9es des centaines de fois La charge dure jusqu\u2019\u00e0 12 mois lorsqu\u2019elles sont entrepos\u00e9es La premi\u00e8re marque de piles rechargeables au monde selon les donn\u00e9es [&hellip;]<\/p>\n","protected":false},"featured_media":0,"comment_status":"open","ping_status":"closed","template":"","meta":{"_acf_changed":false},"product_brand":[],"product_cat":[31],"product_tag":[],"class_list":{"0":"post-12647","1":"product","2":"type-product","3":"status-publish","5":"product_cat-energizer-recharge","7":"first","8":"instock","9":"shipping-taxable","10":"product-type-simple"},"acf":[],"_links":{"self":[{"href":"https:\/\/energizer.com\/canada-french\/wp-json\/wp\/v2\/product\/12647","targetHints":{"allow":["GET"]}}],"collection":[{"href":"https:\/\/energizer.com\/canada-french\/wp-json\/wp\/v2\/product"}],"about":[{"href":"https:\/\/energizer.com\/canada-french\/wp-json\/wp\/v2\/types\/product"}],"replies":[{"embeddable":true,"href":"https:\/\/energizer.com\/canada-french\/wp-json\/wp\/v2\/comments?post=12647"}],"version-history":[{"count":0,"href":"https:\/\/energizer.com\/canada-french\/wp-json\/wp\/v2\/product\/12647\/revisions"}],"wp:attachment":[{"href":"https:\/\/energizer.com\/canada-french\/wp-json\/wp\/v2\/media?parent=12647"}],"wp:term":[{"taxonomy":"product_brand","embeddable":true,"href":"https:\/\/energizer.com\/canada-french\/wp-json\/wp\/v2\/product_brand?post=12647"},{"taxonomy":"product_cat","embeddable":true,"href":"https:\/\/energizer.com\/canada-french\/wp-json\/wp\/v2\/product_cat?post=12647"},{"taxonomy":"product_tag","embeddable":true,"href":"https:\/\/energizer.com\/canada-french\/wp-json\/wp\/v2\/product_tag?post=12647"}],"curies":[{"name":"wp","href":"https:\/\/api.w.org\/{rel}","templated":true}]}}