{"id":12705,"date":"2024-09-19T04:48:31","date_gmt":"2024-09-19T04:48:31","guid":{"rendered":"https:\/\/energizer.com\/canada-french\/?post_type=product&#038;p=12705"},"modified":"2024-09-25T07:27:03","modified_gmt":"2024-09-25T07:27:03","slug":"energizer-recharge-power-plus-aaa","status":"publish","type":"product","link":"https:\/\/energizer.com\/canada-french\/product\/power\/energizer-recharge\/energizer-recharge-power-plus-aaa\/","title":{"rendered":"ENERGIZER\u00ae RECHARGE POWER PLUS AAA"},"content":{"rendered":"<ul>\n<li>L\u2019innovation en mati\u00e8re de piles recyclables Energizer s\u2019\u00e9tend aux piles\u00a0<em>Energizer<\/em><sub>\u00ae<\/sub>Recharge<sub>\u00ae<\/sub><\/li>\n<li>Peuvent \u00eatre recharg\u00e9es jusqu\u2019\u00e0 700 fois<\/li>\n<li>Id\u00e9al pour les appareils gourmands en \u00e9nergie comme les appareils photo num\u00e9riques, les GPS portables, les lecteurs MP3 et les jeux \u00e9lectroniques<\/li>\n<li>La charge dure jusqu\u2019\u00e0 12 mois lorsqu\u2019elles sont entrepos\u00e9es<\/li>\n<li>Dure 4 fois plus longtemps dans les appareils-photos num\u00e9riques (comparativement aux piles\u00a0<em>Energizer<\/em><sub>\u00ae<\/sub>\u00a0MAX<sub>\u00ae<\/sub>; les r\u00e9sultats varient selon l\u2019appareil-photo)<\/li>\n<li>Durent jusqu\u2019\u00e0 5 ans lorsqu\u2019elles sont utilis\u00e9es dans des conditions normales<\/li>\n<li>La premi\u00e8re marque de piles rechargeables au monde selon les donn\u00e9es d\u2019une \u00e9tude de march\u00e9<\/li>\n<li>Les piles sont vendues pr\u00e9charg\u00e9es<\/li>\n<\/ul>\n","protected":false},"excerpt":{"rendered":"<p>L\u2019innovation en mati\u00e8re de piles recyclables Energizer s\u2019\u00e9tend aux piles\u00a0Energizer\u00aeRecharge\u00ae Peuvent \u00eatre recharg\u00e9es jusqu\u2019\u00e0 700 fois Id\u00e9al pour les appareils gourmands en \u00e9nergie comme les appareils photo num\u00e9riques, les GPS portables, les lecteurs MP3 et les jeux \u00e9lectroniques La charge dure jusqu\u2019\u00e0 12 mois lorsqu\u2019elles sont entrepos\u00e9es Dure 4 fois plus longtemps dans les appareils-photos [&hellip;]<\/p>\n","protected":false},"featured_media":0,"comment_status":"open","ping_status":"closed","template":"","meta":{"_acf_changed":false},"product_brand":[],"product_cat":[31],"product_tag":[],"class_list":{"0":"post-12705","1":"product","2":"type-product","3":"status-publish","5":"product_cat-energizer-recharge","7":"first","8":"instock","9":"shipping-taxable","10":"product-type-simple"},"acf":[],"_links":{"self":[{"href":"https:\/\/energizer.com\/canada-french\/wp-json\/wp\/v2\/product\/12705","targetHints":{"allow":["GET"]}}],"collection":[{"href":"https:\/\/energizer.com\/canada-french\/wp-json\/wp\/v2\/product"}],"about":[{"href":"https:\/\/energizer.com\/canada-french\/wp-json\/wp\/v2\/types\/product"}],"replies":[{"embeddable":true,"href":"https:\/\/energizer.com\/canada-french\/wp-json\/wp\/v2\/comments?post=12705"}],"version-history":[{"count":0,"href":"https:\/\/energizer.com\/canada-french\/wp-json\/wp\/v2\/product\/12705\/revisions"}],"wp:attachment":[{"href":"https:\/\/energizer.com\/canada-french\/wp-json\/wp\/v2\/media?parent=12705"}],"wp:term":[{"taxonomy":"product_brand","embeddable":true,"href":"https:\/\/energizer.com\/canada-french\/wp-json\/wp\/v2\/product_brand?post=12705"},{"taxonomy":"product_cat","embeddable":true,"href":"https:\/\/energizer.com\/canada-french\/wp-json\/wp\/v2\/product_cat?post=12705"},{"taxonomy":"product_tag","embeddable":true,"href":"https:\/\/energizer.com\/canada-french\/wp-json\/wp\/v2\/product_tag?post=12705"}],"curies":[{"name":"wp","href":"https:\/\/api.w.org\/{rel}","templated":true}]}}