{"id":12717,"date":"2024-09-19T05:08:37","date_gmt":"2024-09-19T05:08:37","guid":{"rendered":"https:\/\/energizer.com\/canada-french\/?post_type=product&#038;p=12717"},"modified":"2025-03-14T05:16:52","modified_gmt":"2025-03-14T05:16:52","slug":"energizer-recharge-universal-aaa","status":"publish","type":"product","link":"https:\/\/energizer.com\/canada-french\/product\/power\/energizer-recharge\/energizer-recharge-universal-aaa\/","title":{"rendered":"ENERGIZER\u00ae RECHARGE UNIVERSAL AAA"},"content":{"rendered":"<ul>\n<li>Peuvent \u00eatre recharg\u00e9es jusqu\u2019\u00e0 1 000 fois<\/li>\n<li>La construction innovante vous donne davantage de charge qu\u2019avec les piles Power, et les piles restent de plus charg\u00e9es jusqu\u2019\u00e0 1 an lorsqu\u2019elles sont entrepos\u00e9es<\/li>\n<li>La charge dure jusqu\u2019\u00e0 12 mois lorsqu\u2019elles ne sont pas utilis\u00e9es<\/li>\n<li>La premi\u00e8re marque de piles rechargeables au monde selon les donn\u00e9es d\u2019une \u00e9tude de march\u00e9<\/li>\n<li>Durent jusqu\u2019\u00e0 5 ans lorsqu\u2019elles sont utilis\u00e9es dans des conditions normales<\/li>\n<li>Les piles sont vendues pr\u00e9charg\u00e9es<\/li>\n<\/ul>\n","protected":false},"excerpt":{"rendered":"<p>Peuvent \u00eatre recharg\u00e9es jusqu\u2019\u00e0 1 000 fois La construction innovante vous donne davantage de charge qu\u2019avec les piles Power, et les piles restent de plus charg\u00e9es jusqu\u2019\u00e0 1 an lorsqu\u2019elles sont entrepos\u00e9es La charge dure jusqu\u2019\u00e0 12 mois lorsqu\u2019elles ne sont pas utilis\u00e9es La premi\u00e8re marque de piles rechargeables au monde selon les donn\u00e9es d\u2019une [&hellip;]<\/p>\n","protected":false},"featured_media":18057,"comment_status":"open","ping_status":"closed","template":"","meta":{"_acf_changed":false},"product_brand":[],"product_cat":[31],"product_tag":[],"class_list":{"0":"post-12717","1":"product","2":"type-product","3":"status-publish","4":"has-post-thumbnail","6":"product_cat-energizer-recharge","8":"first","9":"instock","10":"shipping-taxable","11":"product-type-simple"},"acf":[],"_links":{"self":[{"href":"https:\/\/energizer.com\/canada-french\/wp-json\/wp\/v2\/product\/12717","targetHints":{"allow":["GET"]}}],"collection":[{"href":"https:\/\/energizer.com\/canada-french\/wp-json\/wp\/v2\/product"}],"about":[{"href":"https:\/\/energizer.com\/canada-french\/wp-json\/wp\/v2\/types\/product"}],"replies":[{"embeddable":true,"href":"https:\/\/energizer.com\/canada-french\/wp-json\/wp\/v2\/comments?post=12717"}],"version-history":[{"count":1,"href":"https:\/\/energizer.com\/canada-french\/wp-json\/wp\/v2\/product\/12717\/revisions"}],"predecessor-version":[{"id":18058,"href":"https:\/\/energizer.com\/canada-french\/wp-json\/wp\/v2\/product\/12717\/revisions\/18058"}],"wp:featuredmedia":[{"embeddable":true,"href":"https:\/\/energizer.com\/canada-french\/wp-json\/wp\/v2\/media\/18057"}],"wp:attachment":[{"href":"https:\/\/energizer.com\/canada-french\/wp-json\/wp\/v2\/media?parent=12717"}],"wp:term":[{"taxonomy":"product_brand","embeddable":true,"href":"https:\/\/energizer.com\/canada-french\/wp-json\/wp\/v2\/product_brand?post=12717"},{"taxonomy":"product_cat","embeddable":true,"href":"https:\/\/energizer.com\/canada-french\/wp-json\/wp\/v2\/product_cat?post=12717"},{"taxonomy":"product_tag","embeddable":true,"href":"https:\/\/energizer.com\/canada-french\/wp-json\/wp\/v2\/product_tag?post=12717"}],"curies":[{"name":"wp","href":"https:\/\/api.w.org\/{rel}","templated":true}]}}