{"id":12720,"date":"2024-09-19T05:11:15","date_gmt":"2024-09-19T05:11:15","guid":{"rendered":"https:\/\/energizer.com\/canada-french\/?post_type=product&#038;p=12720"},"modified":"2024-09-25T07:33:22","modified_gmt":"2024-09-25T07:33:22","slug":"energizer-recharge-c","status":"publish","type":"product","link":"https:\/\/energizer.com\/canada-french\/product\/power\/energizer-recharge\/energizer-recharge-c\/","title":{"rendered":"ENERGIZER\u00ae RECHARGE C"},"content":{"rendered":"<ul>\n<li>Peuvent \u00eatre recharg\u00e9es des centaines de fois<\/li>\n<li>Pour de meilleurs r\u00e9sultats, rechargez vos piles\u00a0<em>Energizer<\/em><sub>\u00ae<\/sub>\u00a0Recharge<sub>\u00ae<\/sub>\u00a0avec les chargeurs\u00a0<em>Energizer<\/em><sub>\u00ae<\/sub><\/li>\n<li>La premi\u00e8re marque de piles rechargeables au monde gr\u00e2ce \u00e0 l\u2019innovation Energizer, selon les donn\u00e9es d\u2019une \u00e9tude de march\u00e9<\/li>\n<\/ul>\n","protected":false},"excerpt":{"rendered":"<p>Peuvent \u00eatre recharg\u00e9es des centaines de fois Pour de meilleurs r\u00e9sultats, rechargez vos piles\u00a0Energizer\u00ae\u00a0Recharge\u00ae\u00a0avec les chargeurs\u00a0Energizer\u00ae La premi\u00e8re marque de piles rechargeables au monde gr\u00e2ce \u00e0 l\u2019innovation Energizer, selon les donn\u00e9es d\u2019une \u00e9tude de march\u00e9<\/p>\n","protected":false},"featured_media":0,"comment_status":"open","ping_status":"closed","template":"","meta":{"_acf_changed":false},"product_brand":[],"product_cat":[31],"product_tag":[],"class_list":{"0":"post-12720","1":"product","2":"type-product","3":"status-publish","5":"product_cat-energizer-recharge","7":"first","8":"instock","9":"shipping-taxable","10":"product-type-simple"},"acf":[],"_links":{"self":[{"href":"https:\/\/energizer.com\/canada-french\/wp-json\/wp\/v2\/product\/12720","targetHints":{"allow":["GET"]}}],"collection":[{"href":"https:\/\/energizer.com\/canada-french\/wp-json\/wp\/v2\/product"}],"about":[{"href":"https:\/\/energizer.com\/canada-french\/wp-json\/wp\/v2\/types\/product"}],"replies":[{"embeddable":true,"href":"https:\/\/energizer.com\/canada-french\/wp-json\/wp\/v2\/comments?post=12720"}],"version-history":[{"count":0,"href":"https:\/\/energizer.com\/canada-french\/wp-json\/wp\/v2\/product\/12720\/revisions"}],"wp:attachment":[{"href":"https:\/\/energizer.com\/canada-french\/wp-json\/wp\/v2\/media?parent=12720"}],"wp:term":[{"taxonomy":"product_brand","embeddable":true,"href":"https:\/\/energizer.com\/canada-french\/wp-json\/wp\/v2\/product_brand?post=12720"},{"taxonomy":"product_cat","embeddable":true,"href":"https:\/\/energizer.com\/canada-french\/wp-json\/wp\/v2\/product_cat?post=12720"},{"taxonomy":"product_tag","embeddable":true,"href":"https:\/\/energizer.com\/canada-french\/wp-json\/wp\/v2\/product_tag?post=12720"}],"curies":[{"name":"wp","href":"https:\/\/api.w.org\/{rel}","templated":true}]}}