{"id":12735,"date":"2024-09-19T05:46:19","date_gmt":"2024-09-19T05:46:19","guid":{"rendered":"https:\/\/energizer.com\/canada-french\/?post_type=product&#038;p=12735"},"modified":"2024-10-01T07:33:44","modified_gmt":"2024-10-01T07:33:44","slug":"pile-357-303","status":"publish","type":"product","link":"https:\/\/energizer.com\/canada-french\/product\/power\/specialty\/pile-357-303\/","title":{"rendered":"ENERGIZER\u00ae WATCH BATTERIES \u2013 357\/303"},"content":{"rendered":"<h3>D\u00e9tails du produit<\/h3>\n<ul>\n<li>\u00c9nergise avec fiabilit\u00e9 les jouets, montres, glucom\u00e8tres et calculatrices<\/li>\n<li>Format: 357\/303<\/li>\n<li>Type: Oxyde d\u2019argent<\/li>\n<li>Volt: 1.5<\/li>\n<li>Remplacement pour: 280-03, 280-08, 303\/357, D303\/357, SB-A9, SR 1154 SW, SR 44 SW, SR 44SW, SR44SW, WS14<\/li>\n<\/ul>\n","protected":false},"excerpt":{"rendered":"<p>Pour l\u2019\u00e9lectronique autour de la maison \u2013 comme le t\u00e9l\u00e9d\u00e9verrouillage, des livres \u00e9lectroniques et des moniteurs de glucose \u2013 Energizer va au-del\u00e0 tailles de batterie de base pour vous apporter les bonnes piles pour le poste.<\/p>\n","protected":false},"featured_media":0,"comment_status":"open","ping_status":"closed","template":"","meta":{"_acf_changed":false},"product_brand":[],"product_cat":[58],"product_tag":[],"class_list":{"0":"post-12735","1":"product","2":"type-product","3":"status-publish","5":"product_cat-specialty","7":"first","8":"instock","9":"shipping-taxable","10":"product-type-simple"},"acf":[],"_links":{"self":[{"href":"https:\/\/energizer.com\/canada-french\/wp-json\/wp\/v2\/product\/12735","targetHints":{"allow":["GET"]}}],"collection":[{"href":"https:\/\/energizer.com\/canada-french\/wp-json\/wp\/v2\/product"}],"about":[{"href":"https:\/\/energizer.com\/canada-french\/wp-json\/wp\/v2\/types\/product"}],"replies":[{"embeddable":true,"href":"https:\/\/energizer.com\/canada-french\/wp-json\/wp\/v2\/comments?post=12735"}],"version-history":[{"count":0,"href":"https:\/\/energizer.com\/canada-french\/wp-json\/wp\/v2\/product\/12735\/revisions"}],"wp:attachment":[{"href":"https:\/\/energizer.com\/canada-french\/wp-json\/wp\/v2\/media?parent=12735"}],"wp:term":[{"taxonomy":"product_brand","embeddable":true,"href":"https:\/\/energizer.com\/canada-french\/wp-json\/wp\/v2\/product_brand?post=12735"},{"taxonomy":"product_cat","embeddable":true,"href":"https:\/\/energizer.com\/canada-french\/wp-json\/wp\/v2\/product_cat?post=12735"},{"taxonomy":"product_tag","embeddable":true,"href":"https:\/\/energizer.com\/canada-french\/wp-json\/wp\/v2\/product_tag?post=12735"}],"curies":[{"name":"wp","href":"https:\/\/api.w.org\/{rel}","templated":true}]}}