{"id":12744,"date":"2024-09-19T05:54:27","date_gmt":"2024-09-19T05:54:27","guid":{"rendered":"https:\/\/energizer.com\/canada-french\/?post_type=product&#038;p=12744"},"modified":"2025-02-25T07:19:39","modified_gmt":"2025-02-25T07:19:39","slug":"pile-377","status":"publish","type":"product","link":"https:\/\/energizer.com\/canada-french\/product\/power\/specialty\/pile-377\/","title":{"rendered":"ENERGIZER\u00ae WATCH BATTERIES \u2013 377"},"content":{"rendered":"<h3>D\u00e9tails du produit<\/h3>\n<ul>\n<li>Pour les montres, jouets, glucom\u00e8tres et calculatrices<\/li>\n<li>Format: 377<\/li>\n<li>Type: Oxyde d\u2019argent<\/li>\n<li>Volt: 1.5<\/li>\n<li>Remplacement pour: 376\/377, 377BP, D377, SB-AW, SR626SW, SR66<\/li>\n<\/ul>\n","protected":false},"excerpt":{"rendered":"<p>pour les appareils \u00e9lectroniques domestiques comme les syst\u00e8mes d\u2019entr\u00e9e sans cl\u00e9, les livres \u00e9lectroniques et les glucom\u00e8tres.<\/p>\n","protected":false},"featured_media":0,"comment_status":"open","ping_status":"closed","template":"","meta":{"_acf_changed":false},"product_brand":[],"product_cat":[58],"product_tag":[],"class_list":{"0":"post-12744","1":"product","2":"type-product","3":"status-publish","5":"product_cat-specialty","7":"first","8":"instock","9":"shipping-taxable","10":"product-type-simple"},"acf":[],"_links":{"self":[{"href":"https:\/\/energizer.com\/canada-french\/wp-json\/wp\/v2\/product\/12744","targetHints":{"allow":["GET"]}}],"collection":[{"href":"https:\/\/energizer.com\/canada-french\/wp-json\/wp\/v2\/product"}],"about":[{"href":"https:\/\/energizer.com\/canada-french\/wp-json\/wp\/v2\/types\/product"}],"replies":[{"embeddable":true,"href":"https:\/\/energizer.com\/canada-french\/wp-json\/wp\/v2\/comments?post=12744"}],"version-history":[{"count":0,"href":"https:\/\/energizer.com\/canada-french\/wp-json\/wp\/v2\/product\/12744\/revisions"}],"wp:attachment":[{"href":"https:\/\/energizer.com\/canada-french\/wp-json\/wp\/v2\/media?parent=12744"}],"wp:term":[{"taxonomy":"product_brand","embeddable":true,"href":"https:\/\/energizer.com\/canada-french\/wp-json\/wp\/v2\/product_brand?post=12744"},{"taxonomy":"product_cat","embeddable":true,"href":"https:\/\/energizer.com\/canada-french\/wp-json\/wp\/v2\/product_cat?post=12744"},{"taxonomy":"product_tag","embeddable":true,"href":"https:\/\/energizer.com\/canada-french\/wp-json\/wp\/v2\/product_tag?post=12744"}],"curies":[{"name":"wp","href":"https:\/\/api.w.org\/{rel}","templated":true}]}}