{"id":12795,"date":"2024-09-19T06:14:37","date_gmt":"2024-09-19T06:14:37","guid":{"rendered":"https:\/\/energizer.com\/canada-french\/?post_type=product&#038;p=12795"},"modified":"2025-03-14T05:39:08","modified_gmt":"2025-03-14T05:39:08","slug":"energizer-hearing-aid-batteries-13","status":"publish","type":"product","link":"https:\/\/energizer.com\/canada-french\/product\/power\/hearing-aid\/energizer-hearing-aid-batteries-13\/","title":{"rendered":"ENERGIZER\u00ae HEARING AID BATTERIES \u201313"},"content":{"rendered":"<ul>\n<li>Nos piles pour appareil auditif de format 13 les plus durables!<\/li>\n<li>Les piles pour appareils auditifs Energizer 13 offrent jusqu\u2019\u00e0 huit heures de diffusion en continu sans fil de plus que le principal concurrent<\/li>\n<li>Le cadran de pile double face et le compartiment verrouillable gardent vos piles d\u2019appareils auditifs zinc-air prot\u00e9g\u00e9es et en place<\/li>\n<li>De longues languettes orange facilitent l\u2019utilisation et la manipulation de ces piles<\/li>\n<li>Con\u00e7ues pour offrir une qualit\u00e9 sonore fiable pendant toute la dur\u00e9e de vie de la pile sans fuites dommageables<\/li>\n<li>Conservent leur \u00e9nergie pendant 4 ans lorsqu\u2019elles sont entrepos\u00e9es<\/li>\n<\/ul>\n","protected":false},"excerpt":{"rendered":"<p>Nos piles pour appareil auditif de format 13 les plus durables! Les piles pour appareils auditifs Energizer 13 offrent jusqu\u2019\u00e0 huit heures de diffusion en continu sans fil de plus que le principal concurrent Le cadran de pile double face et le compartiment verrouillable gardent vos piles d\u2019appareils auditifs zinc-air prot\u00e9g\u00e9es et en place De [&hellip;]<\/p>\n","protected":false},"featured_media":18070,"comment_status":"open","ping_status":"closed","template":"","meta":{"_acf_changed":false},"product_brand":[],"product_cat":[32],"product_tag":[],"class_list":{"0":"post-12795","1":"product","2":"type-product","3":"status-publish","4":"has-post-thumbnail","6":"product_cat-hearing-aid","8":"first","9":"instock","10":"shipping-taxable","11":"product-type-simple"},"acf":[],"_links":{"self":[{"href":"https:\/\/energizer.com\/canada-french\/wp-json\/wp\/v2\/product\/12795","targetHints":{"allow":["GET"]}}],"collection":[{"href":"https:\/\/energizer.com\/canada-french\/wp-json\/wp\/v2\/product"}],"about":[{"href":"https:\/\/energizer.com\/canada-french\/wp-json\/wp\/v2\/types\/product"}],"replies":[{"embeddable":true,"href":"https:\/\/energizer.com\/canada-french\/wp-json\/wp\/v2\/comments?post=12795"}],"version-history":[{"count":1,"href":"https:\/\/energizer.com\/canada-french\/wp-json\/wp\/v2\/product\/12795\/revisions"}],"predecessor-version":[{"id":18079,"href":"https:\/\/energizer.com\/canada-french\/wp-json\/wp\/v2\/product\/12795\/revisions\/18079"}],"wp:featuredmedia":[{"embeddable":true,"href":"https:\/\/energizer.com\/canada-french\/wp-json\/wp\/v2\/media\/18070"}],"wp:attachment":[{"href":"https:\/\/energizer.com\/canada-french\/wp-json\/wp\/v2\/media?parent=12795"}],"wp:term":[{"taxonomy":"product_brand","embeddable":true,"href":"https:\/\/energizer.com\/canada-french\/wp-json\/wp\/v2\/product_brand?post=12795"},{"taxonomy":"product_cat","embeddable":true,"href":"https:\/\/energizer.com\/canada-french\/wp-json\/wp\/v2\/product_cat?post=12795"},{"taxonomy":"product_tag","embeddable":true,"href":"https:\/\/energizer.com\/canada-french\/wp-json\/wp\/v2\/product_tag?post=12795"}],"curies":[{"name":"wp","href":"https:\/\/api.w.org\/{rel}","templated":true}]}}