{"id":12825,"date":"2024-09-19T06:34:39","date_gmt":"2024-09-19T06:34:39","guid":{"rendered":"https:\/\/energizer.com\/canada-french\/?post_type=product&#038;p=12825"},"modified":"2024-09-30T05:51:34","modified_gmt":"2024-09-30T05:51:34","slug":"pile-a544","status":"publish","type":"product","link":"https:\/\/energizer.com\/canada-french\/product\/power\/specialty\/pile-a544\/","title":{"rendered":"ENERGIZER\u00ae ELECTRONIC BATTERIES \u2013 A544\/4LR44"},"content":{"rendered":"<h3>D\u00e9tails du produit<\/h3>\n<ul>\n<li>Utilis\u00e9e dans les appareils m\u00e9dicaux, colliers pour chiens et plus encore.<\/li>\n<li>Type: Alcaline miniature<\/li>\n<li>Volt: 6<\/li>\n<li>Remplacement pour: 476A, 4LR44, GP476, K28L, L1325, PX28A, V28PX<\/li>\n<\/ul>\n","protected":false},"excerpt":{"rendered":"<p>Lorsque les piles AA ou AAA ne conviennent pas, nos piles alcalines miniatures sont appropri\u00e9es pour votre appareil. D\u00e9couvrez notre gamme compl\u00e8te de piles miniatures pour les appareils \u00e9lectroniques domestiques comme les syst\u00e8mes d\u2019entr\u00e9e sans cl\u00e9, les livres \u00e9lectroniques et les glucom\u00e8tres.<\/p>\n","protected":false},"featured_media":0,"comment_status":"open","ping_status":"closed","template":"","meta":{"_acf_changed":false},"product_brand":[],"product_cat":[58],"product_tag":[],"class_list":{"0":"post-12825","1":"product","2":"type-product","3":"status-publish","5":"product_cat-specialty","7":"first","8":"instock","9":"shipping-taxable","10":"product-type-simple"},"acf":[],"_links":{"self":[{"href":"https:\/\/energizer.com\/canada-french\/wp-json\/wp\/v2\/product\/12825","targetHints":{"allow":["GET"]}}],"collection":[{"href":"https:\/\/energizer.com\/canada-french\/wp-json\/wp\/v2\/product"}],"about":[{"href":"https:\/\/energizer.com\/canada-french\/wp-json\/wp\/v2\/types\/product"}],"replies":[{"embeddable":true,"href":"https:\/\/energizer.com\/canada-french\/wp-json\/wp\/v2\/comments?post=12825"}],"version-history":[{"count":0,"href":"https:\/\/energizer.com\/canada-french\/wp-json\/wp\/v2\/product\/12825\/revisions"}],"wp:attachment":[{"href":"https:\/\/energizer.com\/canada-french\/wp-json\/wp\/v2\/media?parent=12825"}],"wp:term":[{"taxonomy":"product_brand","embeddable":true,"href":"https:\/\/energizer.com\/canada-french\/wp-json\/wp\/v2\/product_brand?post=12825"},{"taxonomy":"product_cat","embeddable":true,"href":"https:\/\/energizer.com\/canada-french\/wp-json\/wp\/v2\/product_cat?post=12825"},{"taxonomy":"product_tag","embeddable":true,"href":"https:\/\/energizer.com\/canada-french\/wp-json\/wp\/v2\/product_tag?post=12825"}],"curies":[{"name":"wp","href":"https:\/\/api.w.org\/{rel}","templated":true}]}}