{"id":12877,"date":"2024-09-19T06:54:29","date_gmt":"2024-09-19T06:54:29","guid":{"rendered":"https:\/\/energizer.com\/canada-french\/?post_type=product&#038;p=12877"},"modified":"2024-10-01T07:43:35","modified_gmt":"2024-10-01T07:43:35","slug":"chargeur-piles-rechargeable","status":"publish","type":"product","link":"https:\/\/energizer.com\/canada-french\/product\/power\/battery-chargers\/chargeur-piles-rechargeable\/","title":{"rendered":"Energizer Recharge\u00ae Value Charger"},"content":{"rendered":"<h3><span id=\"ctl00_contentPlaceholder_C001_ctl00_ctl00_ctl00_listsControl_ctrl0_listItemsControl_ctrl1_lbl1\">D\u00e9tails du produit<\/span><\/h3>\n<ul>\n<li>Statut de la charge facile \u00e0 lire gr\u00e2ce \u00e0 l\u2019affichage D\u00c9L :Rouge = En cours de charge\u00a0 Vert = Pr\u00eat!<\/li>\n<li>Indicateur de mauvaise pile<\/li>\n<li>La protection contre la surcharge r\u00e9duit le dommage aux piles en cas de surcharge<\/li>\n<li>Interrupteur automatique de s\u00e9curit\u00e9 lorsque la charge est compl\u00e8te<\/li>\n<li>Recharge 2 ou 4 piles NiMH AA ou AAA rechargeables en 5 heures<\/li>\n<li>La marque rechargeable Num\u00e9ro 1 au monde selon les donn\u00e9es d\u2019une \u00e9tude de march\u00e9<\/li>\n<li>Pour obtenir le temps approximatif de charge, veuillez t\u00e9l\u00e9charger\u00a0le manuel de l\u2019utilisateur<\/li>\n<\/ul>\n<p>&nbsp;<\/p>\n<ul class=\"charger-table-ul\">\n<li><strong>TEMPS DE CHARGE: <\/strong>5 heures*<\/li>\n<li><strong>CHARGEZ LES PILES:<\/strong> AA\/AAA<\/li>\n<li><strong>NOMBRE DE POSITIONS POUR LA CHARGE:<\/strong> 4<\/li>\n<li><strong>L\u2019EMPLACEMENT DU CHARGEUR:<\/strong> Domicile<\/li>\n<li><strong>ARR\u00caT AUTOMATIQUE:<\/strong> OUI<\/li>\n<li><strong>INDICATEUR DE CHARGE D\u00c9L:<\/strong> OUI<\/li>\n<li><strong>D\u00c9TECTION D\u2019UNE MAUVAISE PILE:<\/strong> OUI<\/li>\n<li><strong>GARANTIE:<\/strong> OUI<\/li>\n<\/ul>\n<p><small>*5 heures pour 1300 et 500 mAh seulement; 9 heures pour toutes les piles AA\/AAA<\/small><\/p>\n","protected":false},"excerpt":{"rendered":"<p>Vous pouvez compter sur l\u2019efficacit\u00e9 de notre chargeur Valeur\u00a0<em>Energizer<\/em>\u00a0Recharge<sub>\u00ae<\/sub>, un chargeur de piles rechargeables qui vous offre des avantages comme l\u2019indicateur du statut de la charge et l\u2019interrupteur de s\u00e9curit\u00e9.<\/p>\n","protected":false},"featured_media":0,"comment_status":"open","ping_status":"closed","template":"","meta":{"_acf_changed":false},"product_brand":[],"product_cat":[82],"product_tag":[],"class_list":{"0":"post-12877","1":"product","2":"type-product","3":"status-publish","5":"product_cat-battery-chargers","7":"first","8":"instock","9":"shipping-taxable","10":"product-type-simple"},"acf":[],"_links":{"self":[{"href":"https:\/\/energizer.com\/canada-french\/wp-json\/wp\/v2\/product\/12877","targetHints":{"allow":["GET"]}}],"collection":[{"href":"https:\/\/energizer.com\/canada-french\/wp-json\/wp\/v2\/product"}],"about":[{"href":"https:\/\/energizer.com\/canada-french\/wp-json\/wp\/v2\/types\/product"}],"replies":[{"embeddable":true,"href":"https:\/\/energizer.com\/canada-french\/wp-json\/wp\/v2\/comments?post=12877"}],"version-history":[{"count":0,"href":"https:\/\/energizer.com\/canada-french\/wp-json\/wp\/v2\/product\/12877\/revisions"}],"wp:attachment":[{"href":"https:\/\/energizer.com\/canada-french\/wp-json\/wp\/v2\/media?parent=12877"}],"wp:term":[{"taxonomy":"product_brand","embeddable":true,"href":"https:\/\/energizer.com\/canada-french\/wp-json\/wp\/v2\/product_brand?post=12877"},{"taxonomy":"product_cat","embeddable":true,"href":"https:\/\/energizer.com\/canada-french\/wp-json\/wp\/v2\/product_cat?post=12877"},{"taxonomy":"product_tag","embeddable":true,"href":"https:\/\/energizer.com\/canada-french\/wp-json\/wp\/v2\/product_tag?post=12877"}],"curies":[{"name":"wp","href":"https:\/\/api.w.org\/{rel}","templated":true}]}}