{"id":12884,"date":"2024-09-19T06:57:56","date_gmt":"2024-09-19T06:57:56","guid":{"rendered":"https:\/\/energizer.com\/canada-french\/?post_type=product&#038;p=12884"},"modified":"2024-10-01T07:43:33","modified_gmt":"2024-10-01T07:43:33","slug":"chargeur-universel-piles","status":"publish","type":"product","link":"https:\/\/energizer.com\/canada-french\/product\/power\/battery-chargers\/chargeur-universel-piles\/","title":{"rendered":"Energizer Recharge\u00ae Universal Charger"},"content":{"rendered":"<h3><span id=\"ctl00_contentPlaceholder_C001_ctl00_ctl00_ctl00_listsControl_ctrl0_listItemsControl_ctrl1_lbl1\">D\u00e9tails du produit<\/span><\/h3>\n<ul>\n<li>Charge les piles NiMH rechargeables 8AA, 8AAA, 4C, 4D ou 1 9V<\/li>\n<li>Arr\u00eat automatique<\/li>\n<li>Charge 4 piles AA en 3 heures<\/li>\n<li>\u00c9cran D\u00c9L facile \u00e0 lire qui affiche le statut de la charge des piles \u00e0 l\u2019int\u00e9rieur<\/li>\n<li>Fournit une charge compl\u00e8te<\/li>\n<li>La marque rechargeable Num\u00e9ro 1 au monde selon les donn\u00e9es d\u2019une \u00e9tude de march\u00e9<\/li>\n<li>Pour plus de d\u00e9tails, veuillez t\u00e9l\u00e9charger\u00a0le manuel de l\u2019utilisateur<\/li>\n<\/ul>\n<p>&nbsp;<\/p>\n<ul class=\"charger-table-ul\">\n<li><strong>TEMPS DE CHARGE: <\/strong>2-6 HEURES*<\/li>\n<li><strong>CHARGEZ LES PILES:<\/strong> AA\/AAA, C\/D\/9V<\/li>\n<li><strong>NOMBRE DE POSITIONS POUR LA CHARGE:<\/strong> 1-8 AA\/AAA, 1\/4 C\/D, 1 9V<\/li>\n<li><strong>L\u2019EMPLACEMENT DU CHARGEUR:<\/strong> Domicile<\/li>\n<li><strong>ARR\u00caT AUTOMATIQUE:<\/strong> OUI<\/li>\n<li><strong>INDICATEUR DE CHARGE D\u00c9L:<\/strong> OUI<\/li>\n<li><strong>D\u00c9TECTION D\u2019UNE MAUVAISE PILE:<\/strong> OUI<\/li>\n<li><strong>GARANTIE:<\/strong> OUI<\/li>\n<\/ul>\n<p><small>*2 Hours for AA\/AAA 1300 and 500 mAh, 3 hours for all AA\/AAA\/C\/D, 9V is 6 hours<\/small><\/p>\n","protected":false},"excerpt":{"rendered":"<p>Vous allez adorer le chargeur Universel\u00a0<em>Energizer<\/em>\u00a0Recharge<sub>\u00ae \u00a0<\/sub>pour ses capacit\u00e9s \u00e0 charger plusieurs formats de piles comme les AA, AAA, C, D ou 9V. C\u2019est le chargeur id\u00e9al pour la famille qui utilise toutes sortes d\u2019appareils\u2026 et qui aime faire des \u00e9conomies.<\/p>\n","protected":false},"featured_media":0,"comment_status":"open","ping_status":"closed","template":"","meta":{"_acf_changed":false},"product_brand":[],"product_cat":[82],"product_tag":[],"class_list":{"0":"post-12884","1":"product","2":"type-product","3":"status-publish","5":"product_cat-battery-chargers","7":"first","8":"instock","9":"shipping-taxable","10":"product-type-simple"},"acf":[],"_links":{"self":[{"href":"https:\/\/energizer.com\/canada-french\/wp-json\/wp\/v2\/product\/12884","targetHints":{"allow":["GET"]}}],"collection":[{"href":"https:\/\/energizer.com\/canada-french\/wp-json\/wp\/v2\/product"}],"about":[{"href":"https:\/\/energizer.com\/canada-french\/wp-json\/wp\/v2\/types\/product"}],"replies":[{"embeddable":true,"href":"https:\/\/energizer.com\/canada-french\/wp-json\/wp\/v2\/comments?post=12884"}],"version-history":[{"count":0,"href":"https:\/\/energizer.com\/canada-french\/wp-json\/wp\/v2\/product\/12884\/revisions"}],"wp:attachment":[{"href":"https:\/\/energizer.com\/canada-french\/wp-json\/wp\/v2\/media?parent=12884"}],"wp:term":[{"taxonomy":"product_brand","embeddable":true,"href":"https:\/\/energizer.com\/canada-french\/wp-json\/wp\/v2\/product_brand?post=12884"},{"taxonomy":"product_cat","embeddable":true,"href":"https:\/\/energizer.com\/canada-french\/wp-json\/wp\/v2\/product_cat?post=12884"},{"taxonomy":"product_tag","embeddable":true,"href":"https:\/\/energizer.com\/canada-french\/wp-json\/wp\/v2\/product_tag?post=12884"}],"curies":[{"name":"wp","href":"https:\/\/api.w.org\/{rel}","templated":true}]}}