{"id":12900,"date":"2024-09-19T07:07:09","date_gmt":"2024-09-19T07:07:09","guid":{"rendered":"https:\/\/energizer.com\/canada-french\/?post_type=product&#038;p=12900"},"modified":"2024-10-03T07:55:01","modified_gmt":"2024-10-03T07:55:01","slug":"lampe-compacte-a-del-energizer","status":"publish","type":"product","link":"https:\/\/energizer.com\/canada-french\/product\/eclairage\/nouveautes\/lampe-compacte-a-del-energizer\/","title":{"rendered":"Lampe compacte \u00e0 D\u00c9L Energizer\u00ae"},"content":{"rendered":"<ul>\n<li>Optimal size to easily transport in your pocket or handbag<\/li>\n<li>Textured switch is easy to find<\/li>\n<li>Easily attach to lanyard or keychain ring<\/li>\n<li>Can illuminate objects up to 44 meters, providing ample light for finding keyholes or misplaced objects<\/li>\n<li>Excellent runtime<\/li>\n<li>Features LED technology<\/li>\n<li>Operates on 2 AAA batteries (Includes 2\u00a0<a class=\"anchorhover\" href=\"https:\/\/energizer.com\/canada-french\/product\/power\/energizer-max\/energizer-max-aaa\/\" aria-label=\"AAA Energizer MAX\u00ae\">AAA Energizer MAX\u00ae<\/a> <a class=\"anchorhover\" href=\"https:\/\/energizer.com\/canada-french\/product\/power\/energizer-max\/energizer-max-aa\/\" aria-label=\"AA batteries\">AA batteries<\/a>)<\/li>\n<\/ul>\n","protected":false},"excerpt":{"rendered":"<p>L\u00e9g\u00e8re et facile \u00e0 utiliser, la lampe de poche \u00e0 D\u00c9L Energizer<sub>\u00ae<\/sub>\u00a0se glisse facilement dans une poche, un sac \u00e0 main ou un sac \u00e0 dos. Dot\u00e9e d\u2019une technologie D\u00c9L de pointe, la lampe de poche compact fournit un \u00e9clairage uniforme et brillant, une puissante distance du faisceau ainsi qu\u2019une dur\u00e9e d\u2019utilisation prolong\u00e9e. C\u2019est la solution optimale pour un \u00e9clairage pratique permettant de localiser les trous de serrure ou bien les objets \u00e9gar\u00e9s. La lampe de poche\u00a0<em>Energizer<sub>\u00ae<\/sub><\/em>\u00a0est la solution pour vous si vous \u00eates \u00e0 la recherche d\u2019une lampe brillante, compacte et portable.<\/p>\n","protected":false},"featured_media":0,"comment_status":"open","ping_status":"closed","template":"","meta":{"_acf_changed":false},"product_brand":[],"product_cat":[97,45,132],"product_tag":[],"class_list":{"0":"post-12900","1":"product","2":"type-product","3":"status-publish","5":"product_cat-lampes-de-poche","6":"product_cat-nouveautes","7":"product_cat-trouvez-des-produits-declairage-energizer","8":"pa_uses-bricolage","9":"pa_uses-exterieur","10":"pa_uses-quotidien","11":"pa_uses-soyez-pret","13":"first","14":"instock","15":"shipping-taxable","16":"product-type-simple"},"acf":[],"_links":{"self":[{"href":"https:\/\/energizer.com\/canada-french\/wp-json\/wp\/v2\/product\/12900","targetHints":{"allow":["GET"]}}],"collection":[{"href":"https:\/\/energizer.com\/canada-french\/wp-json\/wp\/v2\/product"}],"about":[{"href":"https:\/\/energizer.com\/canada-french\/wp-json\/wp\/v2\/types\/product"}],"replies":[{"embeddable":true,"href":"https:\/\/energizer.com\/canada-french\/wp-json\/wp\/v2\/comments?post=12900"}],"version-history":[{"count":0,"href":"https:\/\/energizer.com\/canada-french\/wp-json\/wp\/v2\/product\/12900\/revisions"}],"wp:attachment":[{"href":"https:\/\/energizer.com\/canada-french\/wp-json\/wp\/v2\/media?parent=12900"}],"wp:term":[{"taxonomy":"product_brand","embeddable":true,"href":"https:\/\/energizer.com\/canada-french\/wp-json\/wp\/v2\/product_brand?post=12900"},{"taxonomy":"product_cat","embeddable":true,"href":"https:\/\/energizer.com\/canada-french\/wp-json\/wp\/v2\/product_cat?post=12900"},{"taxonomy":"product_tag","embeddable":true,"href":"https:\/\/energizer.com\/canada-french\/wp-json\/wp\/v2\/product_tag?post=12900"}],"curies":[{"name":"wp","href":"https:\/\/api.w.org\/{rel}","templated":true}]}}