{"id":12903,"date":"2024-09-19T07:13:12","date_gmt":"2024-09-19T07:13:12","guid":{"rendered":"https:\/\/energizer.com\/canada-french\/?post_type=product&#038;p=12903"},"modified":"2024-09-30T06:03:45","modified_gmt":"2024-09-30T06:03:45","slug":"lampe-de-poche-a-del-3-dans-1-weatheready-energizer","status":"publish","type":"product","link":"https:\/\/energizer.com\/canada-french\/product\/eclairage\/eclairage-a-grand-faisceau\/lampe-de-poche-a-del-3-dans-1-weatheready-energizer\/","title":{"rendered":"Energizer\u00ae Weatheready\u00ae Emergency All-in-One Light"},"content":{"rendered":"<h2 class=\"h3_size\">D\u00e9tails du produit<\/h2>\n<ul>\n<li>Illumination simultan\u00e9e vers l\u2019avant et vers le sol<\/li>\n<li>Deux modes d\u2019\u00e9clairage \u00e0 D\u00c9L: \u00c0 faisceau de projection et vers le sol; mode d\u2019\u00e9clairage \u00e9tendu<\/li>\n<li>La base solide permet de la placer debout pour l\u2019utilisation mains-libres<\/li>\n<li>L\u2019\u00e9conomie de la technologie PowerSwitch permet le fonctionnement avec 4 ou 2 piles AA<\/li>\n<li>Durable, antichocs et r\u00e9sistante \u00e0 l\u2019eau \u2013 Voil\u00e0 la lampe de poche d\u2019urgence id\u00e9ale!<\/li>\n<li>La lampe de poche de secours comprend deux piles AA<em>\u00a0Energizer<\/em>\u00a0MAX<sub>\u00ae<\/sub><\/li>\n<\/ul>\n","protected":false},"excerpt":{"rendered":"<p>La lampe de secours tout-en-un Weatheready<sub>\u00ae<\/sub><em>Energizer<\/em><sub>\u00ae<\/sub>vous offre la polyvalence \u00e0 son apog\u00e9e vers une nouvelle direction. Elle \u00e9claire en effet dans deux directions! Lorsqu\u2019elle est tenue \u00e0 la main en cas d\u2019urgence, son design unique \u00e9claire simultan\u00e9ment la lumi\u00e8re D\u00c9L blanche brillante vers l\u2019avant et vers le sol, ce qui est id\u00e9al pour \u00e9clairer directement devant vous. Passez d\u2019un mode d\u2019\u00e9clairage \u00e0 l\u2019autre: le faisceau de projection dirig\u00e9 vers le sol et le grand faisceau d\u2019\u00e9clairage lorsque vous d\u00e9sirez un \u00e9clairage brillant et \u00e9tendu.<\/p>\n","protected":false},"featured_media":0,"comment_status":"open","ping_status":"closed","template":"","meta":{"_acf_changed":false},"product_brand":[],"product_cat":[44,97,132],"product_tag":[],"class_list":{"0":"post-12903","1":"product","2":"type-product","3":"status-publish","5":"product_cat-eclairage-a-grand-faisceau","6":"product_cat-lampes-de-poche","7":"product_cat-trouvez-des-produits-declairage-energizer","8":"pa_collection-weatheready-energizer","9":"pa_uses-soyez-pret","11":"first","12":"instock","13":"shipping-taxable","14":"product-type-simple"},"acf":[],"_links":{"self":[{"href":"https:\/\/energizer.com\/canada-french\/wp-json\/wp\/v2\/product\/12903","targetHints":{"allow":["GET"]}}],"collection":[{"href":"https:\/\/energizer.com\/canada-french\/wp-json\/wp\/v2\/product"}],"about":[{"href":"https:\/\/energizer.com\/canada-french\/wp-json\/wp\/v2\/types\/product"}],"replies":[{"embeddable":true,"href":"https:\/\/energizer.com\/canada-french\/wp-json\/wp\/v2\/comments?post=12903"}],"version-history":[{"count":0,"href":"https:\/\/energizer.com\/canada-french\/wp-json\/wp\/v2\/product\/12903\/revisions"}],"wp:attachment":[{"href":"https:\/\/energizer.com\/canada-french\/wp-json\/wp\/v2\/media?parent=12903"}],"wp:term":[{"taxonomy":"product_brand","embeddable":true,"href":"https:\/\/energizer.com\/canada-french\/wp-json\/wp\/v2\/product_brand?post=12903"},{"taxonomy":"product_cat","embeddable":true,"href":"https:\/\/energizer.com\/canada-french\/wp-json\/wp\/v2\/product_cat?post=12903"},{"taxonomy":"product_tag","embeddable":true,"href":"https:\/\/energizer.com\/canada-french\/wp-json\/wp\/v2\/product_tag?post=12903"}],"curies":[{"name":"wp","href":"https:\/\/api.w.org\/{rel}","templated":true}]}}