{"id":12967,"date":"2024-09-19T07:29:41","date_gmt":"2024-09-19T07:29:41","guid":{"rendered":"https:\/\/energizer.com\/canada-french\/?post_type=product&#038;p=12967"},"modified":"2024-10-03T07:54:47","modified_gmt":"2024-10-03T07:54:47","slug":"energizerhard-caseprofessional-rugged-led-headlamp","status":"publish","type":"product","link":"https:\/\/energizer.com\/canada-french\/product\/eclairage\/mains-libres\/energizerhard-caseprofessional-rugged-led-headlamp\/","title":{"rendered":"Energizer\u00aeHard Case\u00aeProfessional Rugged Headlamp"},"content":{"rendered":"<div class=\"button\"><a class=\"redbtn\" href=\"https:\/\/energizer.com\/canada-french\/fr-headlights\/\" rel=\"noopener\" aria-label=\"En savoir plus sur les lampes frontales\">En savoir plus sur les lampes frontales<\/a><\/div>\n<ul>\n<li>Fabrication exceptionnellement durable pour les travaux les plus exigeants<\/li>\n<li>Le polym\u00e8re robuste et le surmoulage durable optimisent l\u2019absorption des chutes<\/li>\n<li>Conception durable de 20 ans selon une utilisation normale du consommateur\n<ul>\n<li>Huit modes d\u2019\u00e9clairage D\u00c9L:<\/li>\n<li>Intense (Concentr\u00e9 + \u00c9largi)<\/li>\n<li>Faible (Concentr\u00e9 + \u00c9largi)<\/li>\n<li>Concentr\u00e9 seulement \u2013 Intense<\/li>\n<li>Concentr\u00e9 seulement \u2013 Faible<\/li>\n<li>\u00c9largi seulement \u2013 Intense<\/li>\n<li>\u00c9largi seulement \u2013 Faible<\/li>\n<li>Concentr\u00e9 faible + \u00c9largi intense<\/li>\n<li>Concentr\u00e9 intense + \u00c9largi faible<\/li>\n<\/ul>\n<\/li>\n<li class=\"cta\">Plus de stabilit\u00e9 gr\u00e2ce \u00e0 la courroie sup\u00e9rieure int\u00e9gr\u00e9e<\/li>\n<li>Pivote afin de diriger la lumi\u00e8re selon vos besoins<\/li>\n<li>Courroie antid\u00e9rapante qui convient \u00e0 la plupart des casques industriels<\/li>\n<li>R\u00e9sistante \u00e0 l\u2019eau (norme IPX4) pour une tranquillit\u00e9 d\u2019esprit dans toutes les conditions m\u00e9t\u00e9orologiques<\/li>\n<li>Lampe polyvalente qui fournit 8 modes d\u2019\u00e9clairage pour accomplir de nombreuses t\u00e2ches<\/li>\n<li>Commutateurs ind\u00e9pendants permettant une utilisation pr\u00e9cise des modes d\u2019\u00e9clairage concentr\u00e9 et \u00e9largi<\/li>\n<li>Dur\u00e9e d\u2019utilisation exceptionnelle<\/li>\n<li>Fonctionne avec 3 piles AAA (comprend 3 piles\u00a0<a class=\"anchorhover\" href=\"https:\/\/energizer.com\/canada-french\/product\/power\/energizer-max\/energizer-max-aaa\/\" rel=\"noopener\" aria-label=\"AAA Energizer MAX\u00ae\">AAA Energizer MAX\u00ae<\/a>)<\/li>\n<\/ul>\n","protected":false},"excerpt":{"rendered":"<p>En savoir plus sur les lampes frontales Fabrication exceptionnellement durable pour les travaux les plus exigeants Le polym\u00e8re robuste et le surmoulage durable optimisent l\u2019absorption des chutes Conception durable de 20 ans selon une utilisation normale du consommateur Huit modes d\u2019\u00e9clairage D\u00c9L: Intense (Concentr\u00e9 + \u00c9largi) Faible (Concentr\u00e9 + \u00c9largi) Concentr\u00e9 seulement \u2013 Intense Concentr\u00e9 [&hellip;]<\/p>\n","protected":false},"featured_media":0,"comment_status":"open","ping_status":"closed","template":"","meta":{"_acf_changed":false},"product_brand":[],"product_cat":[43,132],"product_tag":[],"class_list":{"0":"post-12967","1":"product","2":"type-product","3":"status-publish","5":"product_cat-mains-libres","6":"product_cat-trouvez-des-produits-declairage-energizer","7":"pa_collection-hard-case-professional-energizer","8":"pa_uses-bricolage","9":"pa_uses-travail","11":"first","12":"instock","13":"shipping-taxable","14":"product-type-simple"},"acf":[],"_links":{"self":[{"href":"https:\/\/energizer.com\/canada-french\/wp-json\/wp\/v2\/product\/12967","targetHints":{"allow":["GET"]}}],"collection":[{"href":"https:\/\/energizer.com\/canada-french\/wp-json\/wp\/v2\/product"}],"about":[{"href":"https:\/\/energizer.com\/canada-french\/wp-json\/wp\/v2\/types\/product"}],"replies":[{"embeddable":true,"href":"https:\/\/energizer.com\/canada-french\/wp-json\/wp\/v2\/comments?post=12967"}],"version-history":[{"count":0,"href":"https:\/\/energizer.com\/canada-french\/wp-json\/wp\/v2\/product\/12967\/revisions"}],"wp:attachment":[{"href":"https:\/\/energizer.com\/canada-french\/wp-json\/wp\/v2\/media?parent=12967"}],"wp:term":[{"taxonomy":"product_brand","embeddable":true,"href":"https:\/\/energizer.com\/canada-french\/wp-json\/wp\/v2\/product_brand?post=12967"},{"taxonomy":"product_cat","embeddable":true,"href":"https:\/\/energizer.com\/canada-french\/wp-json\/wp\/v2\/product_cat?post=12967"},{"taxonomy":"product_tag","embeddable":true,"href":"https:\/\/energizer.com\/canada-french\/wp-json\/wp\/v2\/product_tag?post=12967"}],"curies":[{"name":"wp","href":"https:\/\/api.w.org\/{rel}","templated":true}]}}