{"id":12989,"date":"2024-09-19T07:36:18","date_gmt":"2024-09-19T07:36:18","guid":{"rendered":"https:\/\/energizer.com\/canada-french\/?post_type=product&#038;p=12989"},"modified":"2024-10-03T07:54:45","modified_gmt":"2024-10-03T07:54:45","slug":"energizerhard-caseprofessional-magnet-headlamp","status":"publish","type":"product","link":"https:\/\/energizer.com\/canada-french\/product\/eclairage\/mains-libres\/energizerhard-caseprofessional-magnet-headlamp\/","title":{"rendered":"Energizer\u00ae Hard Case\u00ae Professional Magnet Headlamp"},"content":{"rendered":"<div class=\"button\"><a class=\"redbtn\" href=\"https:\/\/energizer.com\/canada-french\/fr-headlights\/\" rel=\"noopener\" aria-label=\"En savoir plus sur les lampes frontales\">En savoir plus sur les lampes frontales<\/a><\/div>\n<ul>\n<li>Fabrication exceptionnellement durable pour les travaux les plus exigeants\n<ul>\n<li>Le polym\u00e8re robuste et le surmoulage durable optimisent l\u2019absorption des chutes<\/li>\n<li>Conception durable de 20 ans selon une utilisation normale du consommateur<\/li>\n<\/ul>\n<\/li>\n<li class=\"cta\">Deux modes d\u2019\u00e9clairage pour contr\u00f4ler la dur\u00e9e d\u2019utilisation et la luminosit\u00e9<\/li>\n<li>Se d\u00e9tache facilement pour se fixer \u00e0 l\u2019aimant afin de fournir un \u00e9clairage mains libres selon vos besoins<\/li>\n<li>Choisissez un mode d\u2019\u00e9clairage intense ou faible<\/li>\n<li>R\u00e9sistante \u00e0 l\u2019eau (norme IPX4) pour une tranquillit\u00e9 d\u2019esprit dans toutes les conditions m\u00e9t\u00e9orologiques<\/li>\n<li>Courroie antid\u00e9rapante qui reste en place sur les casques de s\u00e9curit\u00e9 ou sur votre t\u00eate<\/li>\n<li>Fonctionne avec 3 piles AAA (comprend 3 piles\u00a0<a class=\"anchorhover\" href=\"https:\/\/energizer.com\/canada-french\/product\/power\/energizer-max\/energizer-max-aaa\/\" rel=\"noopener\" aria-label=\"AAA Energizer MAX\u00ae\">AAA Energizer MAX\u00ae<\/a>)<\/li>\n<\/ul>\n","protected":false},"excerpt":{"rendered":"<p>En savoir plus sur les lampes frontales Fabrication exceptionnellement durable pour les travaux les plus exigeants Le polym\u00e8re robuste et le surmoulage durable optimisent l\u2019absorption des chutes Conception durable de 20 ans selon une utilisation normale du consommateur Deux modes d\u2019\u00e9clairage pour contr\u00f4ler la dur\u00e9e d\u2019utilisation et la luminosit\u00e9 Se d\u00e9tache facilement pour se fixer [&hellip;]<\/p>\n","protected":false},"featured_media":0,"comment_status":"open","ping_status":"closed","template":"","meta":{"_acf_changed":false},"product_brand":[],"product_cat":[43,132],"product_tag":[],"class_list":{"0":"post-12989","1":"product","2":"type-product","3":"status-publish","5":"product_cat-mains-libres","6":"product_cat-trouvez-des-produits-declairage-energizer","7":"pa_collection-hard-case-professional-energizer","8":"pa_uses-bricolage","9":"pa_uses-exterieur","10":"pa_uses-travail","12":"first","13":"instock","14":"shipping-taxable","15":"product-type-simple"},"acf":[],"_links":{"self":[{"href":"https:\/\/energizer.com\/canada-french\/wp-json\/wp\/v2\/product\/12989","targetHints":{"allow":["GET"]}}],"collection":[{"href":"https:\/\/energizer.com\/canada-french\/wp-json\/wp\/v2\/product"}],"about":[{"href":"https:\/\/energizer.com\/canada-french\/wp-json\/wp\/v2\/types\/product"}],"replies":[{"embeddable":true,"href":"https:\/\/energizer.com\/canada-french\/wp-json\/wp\/v2\/comments?post=12989"}],"version-history":[{"count":0,"href":"https:\/\/energizer.com\/canada-french\/wp-json\/wp\/v2\/product\/12989\/revisions"}],"wp:attachment":[{"href":"https:\/\/energizer.com\/canada-french\/wp-json\/wp\/v2\/media?parent=12989"}],"wp:term":[{"taxonomy":"product_brand","embeddable":true,"href":"https:\/\/energizer.com\/canada-french\/wp-json\/wp\/v2\/product_brand?post=12989"},{"taxonomy":"product_cat","embeddable":true,"href":"https:\/\/energizer.com\/canada-french\/wp-json\/wp\/v2\/product_cat?post=12989"},{"taxonomy":"product_tag","embeddable":true,"href":"https:\/\/energizer.com\/canada-french\/wp-json\/wp\/v2\/product_tag?post=12989"}],"curies":[{"name":"wp","href":"https:\/\/api.w.org\/{rel}","templated":true}]}}