{"id":12995,"date":"2024-09-19T07:38:57","date_gmt":"2024-09-19T07:38:57","guid":{"rendered":"https:\/\/energizer.com\/canada-french\/?post_type=product&#038;p=12995"},"modified":"2024-10-03T07:54:44","modified_gmt":"2024-10-03T07:54:44","slug":"energizervision-led-headlamp","status":"publish","type":"product","link":"https:\/\/energizer.com\/canada-french\/product\/eclairage\/mains-libres\/energizervision-led-headlamp\/","title":{"rendered":"Energizer\u00aeVision LED Headlamp"},"content":{"rendered":"<div class=\"button\"><a class=\"redbtn\" href=\"https:\/\/energizer.com\/canada-french\/fr-headlights\/\" rel=\"noopener\" aria-label=\"En savoir plus sur les lampes frontales\">En savoir plus sur les lampes frontales<\/a><\/div>\n<ul>\n<li>Commutateur \u00e0 glissi\u00e8re pratique permettant \u00e0 l\u2019utilisateur de s\u00e9lectionner le mode intense ou faible<\/li>\n<li>Deux modes d\u2019\u00e9clairage pour contr\u00f4ler la brillance et la dur\u00e9e d\u2019utilisation<\/li>\n<li>Utilisation de longue dur\u00e9e<\/li>\n<li>D\u00c9L blanches puissantes et r\u00e9glage intense\/faible pour contr\u00f4ler l\u2019intensit\u00e9 de la lumi\u00e8re afin de fournir un \u00e9clairage id\u00e9al pour une vari\u00e9t\u00e9 de t\u00e2ches et d\u2019activit\u00e9s<\/li>\n<li>Jusqu\u2019\u00e0 4X plus brillante que la technologie D\u00c9L standard<\/li>\n<li>Pivote afin d\u2019orienter la lumi\u00e8re selon vos besoins<\/li>\n<li>Fonctionne avec 3\u00a0<a class=\"anchorhover\" href=\"https:\/\/energizer.com\/canada-french\/product\/power\/energizer-max\/energizer-max-aaa\/\" rel=\"noopener\" aria-label=\"AAA Energizer MAX\u00ae\">AAA Energizer MAX\u00ae<\/a>\u00a0piles<\/li>\n<\/ul>\n","protected":false},"excerpt":{"rendered":"<p>En savoir plus sur les lampes frontales Commutateur \u00e0 glissi\u00e8re pratique permettant \u00e0 l\u2019utilisateur de s\u00e9lectionner le mode intense ou faible Deux modes d\u2019\u00e9clairage pour contr\u00f4ler la brillance et la dur\u00e9e d\u2019utilisation Utilisation de longue dur\u00e9e D\u00c9L blanches puissantes et r\u00e9glage intense\/faible pour contr\u00f4ler l\u2019intensit\u00e9 de la lumi\u00e8re afin de fournir un \u00e9clairage id\u00e9al pour [&hellip;]<\/p>\n","protected":false},"featured_media":0,"comment_status":"open","ping_status":"closed","template":"","meta":{"_acf_changed":false},"product_brand":[],"product_cat":[43,132],"product_tag":[],"class_list":{"0":"post-12995","1":"product","2":"type-product","3":"status-publish","5":"product_cat-mains-libres","6":"product_cat-trouvez-des-produits-declairage-energizer","7":"pa_uses-bricolage","8":"pa_uses-exterieur","9":"pa_uses-quotidien","10":"pa_uses-travail","12":"first","13":"instock","14":"shipping-taxable","15":"product-type-simple"},"acf":[],"_links":{"self":[{"href":"https:\/\/energizer.com\/canada-french\/wp-json\/wp\/v2\/product\/12995","targetHints":{"allow":["GET"]}}],"collection":[{"href":"https:\/\/energizer.com\/canada-french\/wp-json\/wp\/v2\/product"}],"about":[{"href":"https:\/\/energizer.com\/canada-french\/wp-json\/wp\/v2\/types\/product"}],"replies":[{"embeddable":true,"href":"https:\/\/energizer.com\/canada-french\/wp-json\/wp\/v2\/comments?post=12995"}],"version-history":[{"count":0,"href":"https:\/\/energizer.com\/canada-french\/wp-json\/wp\/v2\/product\/12995\/revisions"}],"wp:attachment":[{"href":"https:\/\/energizer.com\/canada-french\/wp-json\/wp\/v2\/media?parent=12995"}],"wp:term":[{"taxonomy":"product_brand","embeddable":true,"href":"https:\/\/energizer.com\/canada-french\/wp-json\/wp\/v2\/product_brand?post=12995"},{"taxonomy":"product_cat","embeddable":true,"href":"https:\/\/energizer.com\/canada-french\/wp-json\/wp\/v2\/product_cat?post=12995"},{"taxonomy":"product_tag","embeddable":true,"href":"https:\/\/energizer.com\/canada-french\/wp-json\/wp\/v2\/product_tag?post=12995"}],"curies":[{"name":"wp","href":"https:\/\/api.w.org\/{rel}","templated":true}]}}