{"id":12997,"date":"2024-09-19T07:40:59","date_gmt":"2024-09-19T07:40:59","guid":{"rendered":"https:\/\/energizer.com\/canada-french\/?post_type=product&#038;p=12997"},"modified":"2024-10-03T07:54:38","modified_gmt":"2024-10-03T07:54:38","slug":"projecteur-hard-case-energizer","status":"publish","type":"product","link":"https:\/\/energizer.com\/canada-french\/product\/eclairage\/eclairage-a-grand-faisceau\/projecteur-hard-case-energizer\/","title":{"rendered":"Energizer\u00ae Hard Case\u00ae Professional Spotlight"},"content":{"rendered":"<ul>\n<li>Fabrication exceptionnellement durable pour les travaux les plus exigeants\n<ul>\n<li>Le polym\u00e8re robuste et le surmoulage durable maximisent l\u2019absorption des chutes<\/li>\n<li>Conception durable de 20 ans selon un usage normal du consommateur<\/li>\n<\/ul>\n<\/li>\n<li class=\"cta\">Technologie D\u00c9L la plus avanc\u00e9e pour offrir une luminosit\u00e9 \u00e0 la fois claire et brillante pour une vari\u00e9t\u00e9 de t\u00e2ches<\/li>\n<li>Puissante distance du faisceau afin de voir les objets lointains<\/li>\n<li>Modes intense et faible pour le contr\u00f4le de la luminosit\u00e9 et de la dur\u00e9e d\u2019utilisation<\/li>\n<li>R\u00e9sistant \u00e0 l\u2019eau<\/li>\n<li>Gros interrupteur \u00e0 bouton-poussoir pour une manipulation facile, m\u00eame avec des gants<\/li>\n<li>Dur\u00e9e d\u2019utilisation exceptionnelle<\/li>\n<li>Comprend 6 piles AA (Includes 6\u00a0<a class=\"anchorhover\" href=\"https:\/\/energizer.com\/canada-french\/product\/power\/energizer-max\/energizer-max-aa\/\" target=\"_blank\" rel=\"noopener\" aria-label=\"AA Energizer MAX\u00ae\">AA Energizer MAX\u00ae<\/a>\u00a0piles)<\/li>\n<\/ul>\n","protected":false},"excerpt":{"rendered":"<p>Pour les moments o\u00f9 il vous faut un faisceau blanc intens\u00e9ment concentr\u00e9, le projecteur Hard Case\u00ae\u00a0<em>Energizer<\/em><sub>\u00ae<\/sub>est id\u00e9al. Robuste et durable, il est con\u00e7u pour \u00e9clairer exactement l\u00e0 o\u00f9 vous le voulez.<\/p>\n","protected":false},"featured_media":0,"comment_status":"open","ping_status":"closed","template":"","meta":{"_acf_changed":false},"product_brand":[],"product_cat":[44,132],"product_tag":[],"class_list":{"0":"post-12997","1":"product","2":"type-product","3":"status-publish","5":"product_cat-eclairage-a-grand-faisceau","6":"product_cat-trouvez-des-produits-declairage-energizer","7":"pa_collection-hard-case-professional-energizer","8":"pa_uses-bricolage","9":"pa_uses-travail","11":"first","12":"instock","13":"shipping-taxable","14":"product-type-simple"},"acf":[],"_links":{"self":[{"href":"https:\/\/energizer.com\/canada-french\/wp-json\/wp\/v2\/product\/12997","targetHints":{"allow":["GET"]}}],"collection":[{"href":"https:\/\/energizer.com\/canada-french\/wp-json\/wp\/v2\/product"}],"about":[{"href":"https:\/\/energizer.com\/canada-french\/wp-json\/wp\/v2\/types\/product"}],"replies":[{"embeddable":true,"href":"https:\/\/energizer.com\/canada-french\/wp-json\/wp\/v2\/comments?post=12997"}],"version-history":[{"count":0,"href":"https:\/\/energizer.com\/canada-french\/wp-json\/wp\/v2\/product\/12997\/revisions"}],"wp:attachment":[{"href":"https:\/\/energizer.com\/canada-french\/wp-json\/wp\/v2\/media?parent=12997"}],"wp:term":[{"taxonomy":"product_brand","embeddable":true,"href":"https:\/\/energizer.com\/canada-french\/wp-json\/wp\/v2\/product_brand?post=12997"},{"taxonomy":"product_cat","embeddable":true,"href":"https:\/\/energizer.com\/canada-french\/wp-json\/wp\/v2\/product_cat?post=12997"},{"taxonomy":"product_tag","embeddable":true,"href":"https:\/\/energizer.com\/canada-french\/wp-json\/wp\/v2\/product_tag?post=12997"}],"curies":[{"name":"wp","href":"https:\/\/api.w.org\/{rel}","templated":true}]}}