{"id":13059,"date":"2024-09-19T08:15:57","date_gmt":"2024-09-19T08:15:57","guid":{"rendered":"https:\/\/energizer.com\/canada-french\/?post_type=product&#038;p=13059"},"modified":"2024-09-30T06:09:42","modified_gmt":"2024-09-30T06:09:42","slug":"energizer-ultimate-lithium-aa","status":"publish","type":"product","link":"https:\/\/energizer.com\/canada-french\/product\/power\/energizer-ultimate-lithium\/energizer-ultimate-lithium-aa\/","title":{"rendered":"ENERGIZER\u00ae ULTIMATE LITHIUM AA"},"content":{"rendered":"<ul>\n<li>Les piles AA les plus durables<\/li>\n<li>Consid\u00e9r\u00e9es par de nombreuses personnes comme \u00e9tant les meilleures piles AA<\/li>\n<li>P\u00e8sent 1\/3 de moins que les piles alcalines standard<\/li>\n<li>Performantes dans les temp\u00e9ratures extr\u00eames allant de -40 \u00b0F \u00e0 140 \u00b0F<\/li>\n<li>Conservent leur \u00e9nergie jusqu\u2019\u00e0 20 ans lorsqu\u2019elles sont entrepos\u00e9es<\/li>\n<li>Dot\u00e9es d\u2019une fabrication anti-fuite, c\u2019est garanti (bas\u00e9 sur une utilisation standard)<br \/>\nDot\u00e9es d\u2019une fabrication anti-fuite, c\u2019est garanti (bas\u00e9 sur une utilisation standard)<\/li>\n<\/ul>\n","protected":false},"excerpt":{"rendered":"<p>Les piles AA les plus durables Consid\u00e9r\u00e9es par de nombreuses personnes comme \u00e9tant les meilleures piles AA P\u00e8sent 1\/3 de moins que les piles alcalines standard Performantes dans les temp\u00e9ratures extr\u00eames allant de -40 \u00b0F \u00e0 140 \u00b0F Conservent leur \u00e9nergie jusqu\u2019\u00e0 20 ans lorsqu\u2019elles sont entrepos\u00e9es Dot\u00e9es d\u2019une fabrication anti-fuite, c\u2019est garanti (bas\u00e9 sur [&hellip;]<\/p>\n","protected":false},"featured_media":0,"comment_status":"open","ping_status":"closed","template":"","meta":{"_acf_changed":false},"product_brand":[],"product_cat":[30],"product_tag":[],"class_list":{"0":"post-13059","1":"product","2":"type-product","3":"status-publish","5":"product_cat-energizer-ultimate-lithium","7":"first","8":"instock","9":"shipping-taxable","10":"product-type-simple"},"acf":[],"_links":{"self":[{"href":"https:\/\/energizer.com\/canada-french\/wp-json\/wp\/v2\/product\/13059","targetHints":{"allow":["GET"]}}],"collection":[{"href":"https:\/\/energizer.com\/canada-french\/wp-json\/wp\/v2\/product"}],"about":[{"href":"https:\/\/energizer.com\/canada-french\/wp-json\/wp\/v2\/types\/product"}],"replies":[{"embeddable":true,"href":"https:\/\/energizer.com\/canada-french\/wp-json\/wp\/v2\/comments?post=13059"}],"version-history":[{"count":0,"href":"https:\/\/energizer.com\/canada-french\/wp-json\/wp\/v2\/product\/13059\/revisions"}],"wp:attachment":[{"href":"https:\/\/energizer.com\/canada-french\/wp-json\/wp\/v2\/media?parent=13059"}],"wp:term":[{"taxonomy":"product_brand","embeddable":true,"href":"https:\/\/energizer.com\/canada-french\/wp-json\/wp\/v2\/product_brand?post=13059"},{"taxonomy":"product_cat","embeddable":true,"href":"https:\/\/energizer.com\/canada-french\/wp-json\/wp\/v2\/product_cat?post=13059"},{"taxonomy":"product_tag","embeddable":true,"href":"https:\/\/energizer.com\/canada-french\/wp-json\/wp\/v2\/product_tag?post=13059"}],"curies":[{"name":"wp","href":"https:\/\/api.w.org\/{rel}","templated":true}]}}