{"id":13158,"date":"2024-09-19T09:24:07","date_gmt":"2024-09-19T09:24:07","guid":{"rendered":"https:\/\/energizer.com\/canada-french\/?post_type=product&#038;p=13158"},"modified":"2024-10-01T07:43:26","modified_gmt":"2024-10-01T07:43:26","slug":"chargeur-rapide-piles","status":"publish","type":"product","link":"https:\/\/energizer.com\/canada-french\/product\/power\/battery-chargers\/chargeur-rapide-piles\/","title":{"rendered":"Energizer Recharge\u00ae 1 Hour Charger"},"content":{"rendered":"<h3><span id=\"ctl00_contentPlaceholder_C001_ctl00_ctl00_ctl00_listsControl_ctrl0_listItemsControl_ctrl1_lbl1\">D\u00e9tails du produit<\/span><\/h3>\n<ul>\n<li>Charge toutes les piles AA ou AAA NiMH Energizer Recharge\u00ae en une heure ou moins<\/li>\n<li>La jauge de puissance, facile \u00e0 lire, indique le volume de charge et peut aussi tester la charge d\u2019une seule pile<\/li>\n<li>Chargez dans votre voiture avec l\u2019adaptateur qui est inclus ou chez vous avec l\u2019adaptateur CA mural<\/li>\n<li>Assure la charge compl\u00e8te de la pile ainsi que la d\u00e9tection d\u2019une mauvaise pile<\/li>\n<li>Pour plus de d\u00e9tails, veuillez t\u00e9l\u00e9charger\u00a0le manuel de l\u2019utilisateur<\/li>\n<li>Gr\u00e2ce \u00e0 de multiples canaux de charge, cet appareil peut charger entre 1 et 4 piles NiMH \u00e0 la fois<\/li>\n<li>La marque rechargeable Num\u00e9ro 1 au monde selon les donn\u00e9es d\u2019une \u00e9tude de march\u00e9<\/li>\n<\/ul>\n<p>&nbsp;<\/p>\n<ul class=\"charger-table-ul\">\n<li><strong>TEMPS DE CHARGE: <\/strong>1 HEURE OU MOINS<\/li>\n<li><strong>CHARGEZ LES PILES:<\/strong> AA\/AAA<\/li>\n<li><strong>NOMBRE DE POSITIONS POUR LA CHARGE:<\/strong> 4<\/li>\n<li><strong>L\u2019EMPLACEMENT DU CHARGEUR:<\/strong> Accueil\/Voiture, Domicile\/Voiture<\/li>\n<li><strong>ARR\u00caT AUTOMATIQUE:<\/strong> OUI<\/li>\n<li><strong>INDICATEUR DE CHARGE D\u00c9L:<\/strong> OUI<\/li>\n<li><strong>D\u00c9TECTION D\u2019UNE MAUVAISE PILE:<\/strong> OUI<\/li>\n<li><strong>GARANTIE:<\/strong> OUI<\/li>\n<\/ul>\n","protected":false},"excerpt":{"rendered":"<p>Le chargeur 1 Heure\u00a0<em>Energizer<\/em>\u00a0Recharge<sub>\u00ae<\/sub>\u00a0\u2013 Notre chargeur de piles le plus rapide peut recharger 2 ou 4 piles AA ou AAA NiMH en une heure ou moins. Si vous voulez vraiment \u00e9conomiser du temps et de l\u2019argent, ce chargeur est parfait pour vous!<\/p>\n","protected":false},"featured_media":0,"comment_status":"open","ping_status":"closed","template":"","meta":{"_acf_changed":false},"product_brand":[],"product_cat":[82],"product_tag":[],"class_list":{"0":"post-13158","1":"product","2":"type-product","3":"status-publish","5":"product_cat-battery-chargers","7":"first","8":"instock","9":"shipping-taxable","10":"product-type-simple"},"acf":[],"_links":{"self":[{"href":"https:\/\/energizer.com\/canada-french\/wp-json\/wp\/v2\/product\/13158","targetHints":{"allow":["GET"]}}],"collection":[{"href":"https:\/\/energizer.com\/canada-french\/wp-json\/wp\/v2\/product"}],"about":[{"href":"https:\/\/energizer.com\/canada-french\/wp-json\/wp\/v2\/types\/product"}],"replies":[{"embeddable":true,"href":"https:\/\/energizer.com\/canada-french\/wp-json\/wp\/v2\/comments?post=13158"}],"version-history":[{"count":0,"href":"https:\/\/energizer.com\/canada-french\/wp-json\/wp\/v2\/product\/13158\/revisions"}],"wp:attachment":[{"href":"https:\/\/energizer.com\/canada-french\/wp-json\/wp\/v2\/media?parent=13158"}],"wp:term":[{"taxonomy":"product_brand","embeddable":true,"href":"https:\/\/energizer.com\/canada-french\/wp-json\/wp\/v2\/product_brand?post=13158"},{"taxonomy":"product_cat","embeddable":true,"href":"https:\/\/energizer.com\/canada-french\/wp-json\/wp\/v2\/product_cat?post=13158"},{"taxonomy":"product_tag","embeddable":true,"href":"https:\/\/energizer.com\/canada-french\/wp-json\/wp\/v2\/product_tag?post=13158"}],"curies":[{"name":"wp","href":"https:\/\/api.w.org\/{rel}","templated":true}]}}