{"id":13294,"date":"2024-09-19T10:24:14","date_gmt":"2024-09-19T10:24:14","guid":{"rendered":"https:\/\/energizer.com\/canada-french\/?post_type=product&#038;p=13294"},"modified":"2025-02-25T11:34:05","modified_gmt":"2025-02-25T11:34:05","slug":"ensemble-combo-lampe-de-poche-et-lanterne-paw-patrol-energizer","status":"publish","type":"product","link":"https:\/\/energizer.com\/canada-french\/product\/eclairage\/eclairage-a-grand-faisceau\/ensemble-combo-lampe-de-poche-et-lanterne-paw-patrol-energizer\/","title":{"rendered":"Energizer\u00ae PAW Patrol Flashlight &amp; Lantern Combo Pack"},"content":{"rendered":"<ul>\n<li>Laissez votre enfant illuminer la nuit avec l\u2019ensemble combo PAW Patrol\u00a0Energizer<sub>\u00ae<\/sub>. Cet ensemble comprend une lampe de poche et une lanterne pour enfants, chacune projetant une douce lueur.<\/li>\n<li>La lanterne l\u00e9g\u00e8re est facile \u00e0 transporter et la lampe de poche compacte est id\u00e9ale pour les petites mains.<\/li>\n<li>Les mini lanternes sont un excellent moyen pour les enfants d\u2019explorer l\u2019obscurit\u00e9 en toute s\u00e9curit\u00e9, que ce soit dans la cour, en camping ou en jouant \u00e0 l\u2019int\u00e9rieur.<\/li>\n<li>La lanterne \u00e0 DEL et la lampe de poche projettent toutes les deux une douce lueur pour rendre l\u2019obscurit\u00e9 plus accueillante. De plus, chaque lumi\u00e8re DEL pr\u00e9sente un th\u00e8me color\u00e9 pour s\u2019harmoniser avec les jouets de la PAW Patrol de votre enfant.<br \/>\nLa lanterne pour enfants est dot\u00e9e d\u2019un crochet r\u00e9tractable et la lampe de poche a un cordon int\u00e9gr\u00e9. De plus, la base de la lanterne est suffisamment solide pour reposer sur des surfaces o\u00f9 que votre enfant l\u2019emporte.<\/li>\n<li>Chaque lampe \u00e0 piles a une lentille incassable pour une utilisation de longue dur\u00e9e.<\/li>\n<li>Vous recevrez la lampe de poche dans l\u2019une des deux options de couleur si vous achetez en ligne.<\/li>\n<li>Pour des performances fiables en toute situation, faites confiance \u00e0 Energizer.<\/li>\n<li>Voir la d\u00e9claration de la FCC<\/li>\n<\/ul>\n","protected":false},"excerpt":{"rendered":"<p>L\u2019ensemble de lampe de poche et lanterne pour enfants PAW Patrol ENERGIZER<sub>\u00ae<\/sub>\u00a0est con\u00e7u pour \u00eatre un excellent jouet pour les enfants. Il est lumineux, pratique et durable, emball\u00e9 dans un design amusant et mignon avec des personnages de la PAW Patrol. La lanterne est facile \u00e0 utiliser et l\u00e9g\u00e8re, ce qui permet aux enfants de la transporter facilement. Elle est dot\u00e9e de la technologie \u00e0 DEL \u00e9co\u00e9nerg\u00e9tique qui fournit une lumi\u00e8re de zone brillante avec une longue dur\u00e9e de vie avec seulement deux piles AA. Une base robuste et un crochet de suspension r\u00e9tractable offrent la flexibilit\u00e9 pour positionner la lanterne avec pr\u00e9cision, selon les besoins. La lampe de poche est une option d\u2019\u00e9clairage compacte et l\u00e9g\u00e8re pour les enfants qui les aidera \u00e0 explorer l\u2019ext\u00e9rieur ou tout simplement \u00e0 \u00eatre cr\u00e9atifs \u00e0 l\u2019int\u00e9rieur. Ces lampes peuvent rendre plus amusants votre prochain voyage de camping, le temps de jeu dans la cour-arri\u00e8re ou l\u2019activit\u00e9 int\u00e9rieure avec les enfants.<\/p>\n","protected":false},"featured_media":0,"comment_status":"open","ping_status":"closed","template":"","meta":{"_acf_changed":false},"product_brand":[],"product_cat":[44],"product_tag":[],"class_list":{"0":"post-13294","1":"product","2":"type-product","3":"status-publish","5":"product_cat-eclairage-a-grand-faisceau","6":"pa_collection-lampes-paw-patrol","8":"first","9":"instock","10":"shipping-taxable","11":"product-type-simple"},"acf":[],"_links":{"self":[{"href":"https:\/\/energizer.com\/canada-french\/wp-json\/wp\/v2\/product\/13294","targetHints":{"allow":["GET"]}}],"collection":[{"href":"https:\/\/energizer.com\/canada-french\/wp-json\/wp\/v2\/product"}],"about":[{"href":"https:\/\/energizer.com\/canada-french\/wp-json\/wp\/v2\/types\/product"}],"replies":[{"embeddable":true,"href":"https:\/\/energizer.com\/canada-french\/wp-json\/wp\/v2\/comments?post=13294"}],"version-history":[{"count":0,"href":"https:\/\/energizer.com\/canada-french\/wp-json\/wp\/v2\/product\/13294\/revisions"}],"wp:attachment":[{"href":"https:\/\/energizer.com\/canada-french\/wp-json\/wp\/v2\/media?parent=13294"}],"wp:term":[{"taxonomy":"product_brand","embeddable":true,"href":"https:\/\/energizer.com\/canada-french\/wp-json\/wp\/v2\/product_brand?post=13294"},{"taxonomy":"product_cat","embeddable":true,"href":"https:\/\/energizer.com\/canada-french\/wp-json\/wp\/v2\/product_cat?post=13294"},{"taxonomy":"product_tag","embeddable":true,"href":"https:\/\/energizer.com\/canada-french\/wp-json\/wp\/v2\/product_tag?post=13294"}],"curies":[{"name":"wp","href":"https:\/\/api.w.org\/{rel}","templated":true}]}}