{"id":14067,"date":"2024-09-20T06:36:18","date_gmt":"2024-09-20T06:36:18","guid":{"rendered":"https:\/\/energizer.com\/canada-french\/?post_type=product&#038;p=14067"},"modified":"2025-02-25T13:05:21","modified_gmt":"2025-02-25T13:05:21","slug":"lampe-pour-casquette-energizer-2aaa","status":"publish","type":"product","link":"https:\/\/energizer.com\/canada-french\/product\/eclairage\/mains-libres\/lampe-pour-casquette-energizer-2aaa\/","title":{"rendered":"Energizer\u00ae 2AAA Cap Light"},"content":{"rendered":"<ul>\n<li>Lampe l\u00e9g\u00e8re et compacte \u00e0 fixer sur une casquette, au-dessus de la visi\u00e8re, pour offrir une vision d\u00e9gag\u00e9e<\/li>\n<li>3\u00a0modes d\u2019\u00e9clairage pour s\u2019adapter \u00e0 de multiples t\u00e2ches\u00a0:\n<ul>\n<li>Faisceau blanc faible ou intense<\/li>\n<li>Faisceau rouge pour vision nocturne<\/li>\n<\/ul>\n<\/li>\n<li>Attache en m\u00e9tal solide avec base pivotante<\/li>\n<li>Interrupteur \u00e9lectronique facile \u00e0 utiliser et localiser, m\u00eame avec des mains gant\u00e9es<\/li>\n<li>Lampe vision de nuit pour casquette fournie avec deux piles AAA\u00a0<em>Energizer\u00ae<\/em> MAX\u00ae<\/li>\n<\/ul>\n","protected":false},"excerpt":{"rendered":"<p>Fixez-la \u00e0 votre casquette et c\u2019est parti\u00a0: avec elle, vous gardez toujours les mains libres et la vue claire Vous cherchiez une lampe frontale \u00e0 fixer sur votre casquette et qui vous offre une bonne vision de nuit? Ne cherchez plus.<\/p>\n","protected":false},"featured_media":0,"comment_status":"open","ping_status":"closed","template":"","meta":{"_acf_changed":false},"product_brand":[],"product_cat":[43,132],"product_tag":[],"class_list":{"0":"post-14067","1":"product","2":"type-product","3":"status-publish","5":"product_cat-mains-libres","6":"product_cat-trouvez-des-produits-declairage-energizer","7":"pa_uses-bricolage","8":"pa_uses-exterieur","9":"pa_uses-travail","11":"first","12":"instock","13":"shipping-taxable","14":"product-type-simple"},"acf":[],"_links":{"self":[{"href":"https:\/\/energizer.com\/canada-french\/wp-json\/wp\/v2\/product\/14067","targetHints":{"allow":["GET"]}}],"collection":[{"href":"https:\/\/energizer.com\/canada-french\/wp-json\/wp\/v2\/product"}],"about":[{"href":"https:\/\/energizer.com\/canada-french\/wp-json\/wp\/v2\/types\/product"}],"replies":[{"embeddable":true,"href":"https:\/\/energizer.com\/canada-french\/wp-json\/wp\/v2\/comments?post=14067"}],"version-history":[{"count":0,"href":"https:\/\/energizer.com\/canada-french\/wp-json\/wp\/v2\/product\/14067\/revisions"}],"wp:attachment":[{"href":"https:\/\/energizer.com\/canada-french\/wp-json\/wp\/v2\/media?parent=14067"}],"wp:term":[{"taxonomy":"product_brand","embeddable":true,"href":"https:\/\/energizer.com\/canada-french\/wp-json\/wp\/v2\/product_brand?post=14067"},{"taxonomy":"product_cat","embeddable":true,"href":"https:\/\/energizer.com\/canada-french\/wp-json\/wp\/v2\/product_cat?post=14067"},{"taxonomy":"product_tag","embeddable":true,"href":"https:\/\/energizer.com\/canada-french\/wp-json\/wp\/v2\/product_tag?post=14067"}],"curies":[{"name":"wp","href":"https:\/\/api.w.org\/{rel}","templated":true}]}}