{"id":14084,"date":"2024-09-20T06:46:01","date_gmt":"2024-09-20T06:46:01","guid":{"rendered":"https:\/\/energizer.com\/canada-french\/?post_type=product&#038;p=14084"},"modified":"2024-10-03T07:49:55","modified_gmt":"2024-10-03T07:49:55","slug":"energizervision-ultra-headlamp","status":"publish","type":"product","link":"https:\/\/energizer.com\/canada-french\/product\/eclairage\/mains-libres\/energizervision-ultra-headlamp\/","title":{"rendered":"Energizer\u00ae Vision Ultra Headlamp"},"content":{"rendered":"<div class=\"button\"><a class=\"redbtn\" href=\"https:\/\/energizer.com\/canada-french\/fr-headlights\/\" rel=\"noopener\" aria-label=\"En savoir plus sur les lampes frontales\">En savoir plus sur les lampes frontales<\/a><\/div>\n<ul>\n<li>Six modes d\u2019\u00e9clairage<\/li>\n<li>Le mode \u00e0 D\u00c9L rouge et verte permet \u00e0 l\u2019utilisateur de pr\u00e9server la vision nocturne<\/li>\n<li>La variation intelligente de l\u2019\u00e9clairage Energizer\u00ae permet de contr\u00f4ler l\u2019intensit\u00e9 de la lumi\u00e8re dans plusieurs modes\n<ul>\n<li>Concentr\u00e9 + \u00e9largi<\/li>\n<li>Concentr\u00e9<\/li>\n<li>\u00c9largi<\/li>\n<\/ul>\n<\/li>\n<li class=\"cta\">VisionGuard prot\u00e8ge votre vision en augmentant graduellement l\u2019intensit\u00e9 de la lumi\u00e8re<\/li>\n<li>Indicateur de pile faible<\/li>\n<li>R\u00e9sistante \u00e0 l\u2019eau, norme IPX4, avec fabrication d\u2019une lentille incassable<\/li>\n<li>Fonctionne avec 3 piles AAA (comprend 3 piles\u00a0<a class=\"anchorhover\" href=\"https:\/\/energizer.com\/canada-french\/product\/power\/energizer-max\/energizer-max-aaa\/\" rel=\"noopener\" aria-label=\"AAA Energizer MAX\u00ae\">AAA Energizer MAX\u00ae<\/a>)<\/li>\n<\/ul>\n","protected":false},"excerpt":{"rendered":"<p>En savoir plus sur les lampes frontales Six modes d\u2019\u00e9clairage Le mode \u00e0 D\u00c9L rouge et verte permet \u00e0 l\u2019utilisateur de pr\u00e9server la vision nocturne La variation intelligente de l\u2019\u00e9clairage Energizer\u00ae permet de contr\u00f4ler l\u2019intensit\u00e9 de la lumi\u00e8re dans plusieurs modes Concentr\u00e9 + \u00e9largi Concentr\u00e9 \u00c9largi VisionGuard prot\u00e8ge votre vision en augmentant graduellement l\u2019intensit\u00e9 de [&hellip;]<\/p>\n","protected":false},"featured_media":0,"comment_status":"open","ping_status":"closed","template":"","meta":{"_acf_changed":false},"product_brand":[],"product_cat":[43,132],"product_tag":[],"class_list":{"0":"post-14084","1":"product","2":"type-product","3":"status-publish","5":"product_cat-mains-libres","6":"product_cat-trouvez-des-produits-declairage-energizer","7":"pa_uses-bricolage","8":"pa_uses-exterieur","9":"pa_uses-travail","11":"first","12":"instock","13":"shipping-taxable","14":"product-type-simple"},"acf":[],"_links":{"self":[{"href":"https:\/\/energizer.com\/canada-french\/wp-json\/wp\/v2\/product\/14084","targetHints":{"allow":["GET"]}}],"collection":[{"href":"https:\/\/energizer.com\/canada-french\/wp-json\/wp\/v2\/product"}],"about":[{"href":"https:\/\/energizer.com\/canada-french\/wp-json\/wp\/v2\/types\/product"}],"replies":[{"embeddable":true,"href":"https:\/\/energizer.com\/canada-french\/wp-json\/wp\/v2\/comments?post=14084"}],"version-history":[{"count":0,"href":"https:\/\/energizer.com\/canada-french\/wp-json\/wp\/v2\/product\/14084\/revisions"}],"wp:attachment":[{"href":"https:\/\/energizer.com\/canada-french\/wp-json\/wp\/v2\/media?parent=14084"}],"wp:term":[{"taxonomy":"product_brand","embeddable":true,"href":"https:\/\/energizer.com\/canada-french\/wp-json\/wp\/v2\/product_brand?post=14084"},{"taxonomy":"product_cat","embeddable":true,"href":"https:\/\/energizer.com\/canada-french\/wp-json\/wp\/v2\/product_cat?post=14084"},{"taxonomy":"product_tag","embeddable":true,"href":"https:\/\/energizer.com\/canada-french\/wp-json\/wp\/v2\/product_tag?post=14084"}],"curies":[{"name":"wp","href":"https:\/\/api.w.org\/{rel}","templated":true}]}}