{"id":14086,"date":"2024-09-20T06:55:25","date_gmt":"2024-09-20T06:55:25","guid":{"rendered":"https:\/\/energizer.com\/canada-french\/?post_type=product&#038;p=14086"},"modified":"2024-10-03T07:49:28","modified_gmt":"2024-10-03T07:49:28","slug":"lampe-sur-porte-cles-energizer-dotee-de-la-technologie-touch-tech","status":"publish","type":"product","link":"https:\/\/energizer.com\/canada-french\/product\/eclairage\/nouveautes\/lampe-sur-porte-cles-energizer-dotee-de-la-technologie-touch-tech\/","title":{"rendered":"Energizer\u00ae Keychain Light with Touch Tech\u2122 Technology"},"content":{"rendered":"<ul>\n<li>Fonction marche\/arr\u00eat tactile sans interrupteur<\/li>\n<li>Con\u00e7u pour une commodit\u00e9 maximale \u2013 Saisissez la lumi\u00e8re pour un \u00e9clairage instantan\u00e9 et rel\u00e2chez-la pour l\u2019\u00e9teindre doucement<\/li>\n<li>Format compact<\/li>\n<li>R\u00e9siste aux chutes jusqu\u2019\u00e0 1 m\u00e8tre<\/li>\n<li>Dur\u00e9e d\u2019utilisation exceptionnelle<\/li>\n<li>\u00c9clairage billant et uniforme pour une vaste gamme d\u2019utilisations<\/li>\n<li>Dot\u00e9e de la technologie D\u00c9L<\/li>\n<li>Fonctionne avec 2 piles CR2032 (comprend 2\u00a0<a class=\"anchorhover\" href=\"https:\/\/energizer.com\/canada-french\/product\/power\/specialty\/pile-2032\/\" target=\"_blank\" rel=\"noopener\" aria-label=\"Energizer\u00ae CR2032 batteries\">Energizer\u00ae CR2032 batteries<\/a>)<\/li>\n<\/ul>\n","protected":false},"excerpt":{"rendered":"<p>La lampe sur porte-cl\u00e9s\u00a0<em>Energizer<sub>\u00ae<\/sub>\u00a0<\/em>dot\u00e9e de la technologie Touch Tech<sup>MC<\/sup>\u00a0offre une technologie brevet\u00e9e de pointe pour une utilisation facile et intuitive. Gr\u00e2ce \u00e0 l\u2019innovation sans commutateur de Touch Tech<sup>MC<\/sup>, les utilisateurs b\u00e9n\u00e9ficient d\u2019un \u00e9clairage instantan\u00e9 et d\u2019un faisceau lumineux uniforme en saisissant tout simplement la lampe. Avec Touch Tech<sup>MC<\/sup>, il suffit de rel\u00e2cher votre prise lorsque vous avez termin\u00e9 de l\u2019utiliser et Touch Tech<sup>MC\u00a0<\/sup><sup>\u00a0<\/sup>\u00e9teindra doucement la lumi\u00e8re. La technologie Touch Tech<sup>MC<\/sup>\u00a0garantit que votre lampe ne restera jamais en marche accidentellement et cela prolongera alors la dur\u00e9e de vie de la pile. Avec sa construction r\u00e9sistante aux chocs, les utilisateurs profiteront d\u2019une exp\u00e9rience durable et convenable pour une vari\u00e9t\u00e9 de t\u00e2ches. Gr\u00e2ce \u00e0 cette lampe de poche\u00a0<em>Energizer<sub>\u00ae<\/sub>\u00a0<\/em>facile \u00e0 utiliser, il vous suffit de la prendre et de l\u2019emporter avec vous peu importe o\u00f9 vous allez!<\/p>\n","protected":false},"featured_media":0,"comment_status":"open","ping_status":"closed","template":"","meta":{"_acf_changed":false},"product_brand":[],"product_cat":[45,132],"product_tag":[],"class_list":{"0":"post-14086","1":"product","2":"type-product","3":"status-publish","5":"product_cat-nouveautes","6":"product_cat-trouvez-des-produits-declairage-energizer","8":"first","9":"instock","10":"shipping-taxable","11":"product-type-simple"},"acf":[],"_links":{"self":[{"href":"https:\/\/energizer.com\/canada-french\/wp-json\/wp\/v2\/product\/14086","targetHints":{"allow":["GET"]}}],"collection":[{"href":"https:\/\/energizer.com\/canada-french\/wp-json\/wp\/v2\/product"}],"about":[{"href":"https:\/\/energizer.com\/canada-french\/wp-json\/wp\/v2\/types\/product"}],"replies":[{"embeddable":true,"href":"https:\/\/energizer.com\/canada-french\/wp-json\/wp\/v2\/comments?post=14086"}],"version-history":[{"count":0,"href":"https:\/\/energizer.com\/canada-french\/wp-json\/wp\/v2\/product\/14086\/revisions"}],"wp:attachment":[{"href":"https:\/\/energizer.com\/canada-french\/wp-json\/wp\/v2\/media?parent=14086"}],"wp:term":[{"taxonomy":"product_brand","embeddable":true,"href":"https:\/\/energizer.com\/canada-french\/wp-json\/wp\/v2\/product_brand?post=14086"},{"taxonomy":"product_cat","embeddable":true,"href":"https:\/\/energizer.com\/canada-french\/wp-json\/wp\/v2\/product_cat?post=14086"},{"taxonomy":"product_tag","embeddable":true,"href":"https:\/\/energizer.com\/canada-french\/wp-json\/wp\/v2\/product_tag?post=14086"}],"curies":[{"name":"wp","href":"https:\/\/api.w.org\/{rel}","templated":true}]}}