{"id":14092,"date":"2024-09-20T07:03:32","date_gmt":"2024-09-20T07:03:32","guid":{"rendered":"https:\/\/energizer.com\/canada-french\/?post_type=product&#038;p=14092"},"modified":"2024-10-03T07:48:59","modified_gmt":"2024-10-03T07:48:59","slug":"energizerhigh-tech-keychain-light","status":"publish","type":"product","link":"https:\/\/energizer.com\/canada-french\/product\/eclairage\/nouveautes\/energizerhigh-tech-keychain-light\/","title":{"rendered":"Energizer\u00aeHigh Tech Keychain Light"},"content":{"rendered":"<div class=\"button\"><a class=\"redbtn\" href=\"https:\/\/energizer.com\/canada-french\/eclairage\/fr-keychain-lights\/\" rel=\"noopener\" aria-label=\"En savoir plus sur les lumi\u00e8res porte-cl\u00e9s\">En savoir plus sur les lumi\u00e8res porte-cl\u00e9s<\/a><\/div>\n<ul>\n<li>Lampe sur porte-cl\u00e9s en m\u00e9tal moul\u00e9 durable qui fournit une lumi\u00e8re D\u00c9L blanche et brillante<\/li>\n<li>Interrupteur \u00e0 bouton-poussoir pour utilisation momentan\u00e9e fournit de l\u2019\u00e9clairage lorsque vous en avez besoin et conserve la vie des piles<\/li>\n<li>Porte-cl\u00e9s pratique avec pince \u00e0 ressort<\/li>\n<li>Comprend 2 piles miniatures au lithium CR2032\u00a0<em>Energizer<\/em><sub>\u00ae<\/sub><\/li>\n<\/ul>\n","protected":false},"excerpt":{"rendered":"<p>En savoir plus sur les lumi\u00e8res porte-cl\u00e9s Lampe sur porte-cl\u00e9s en m\u00e9tal moul\u00e9 durable qui fournit une lumi\u00e8re D\u00c9L blanche et brillante Interrupteur \u00e0 bouton-poussoir pour utilisation momentan\u00e9e fournit de l\u2019\u00e9clairage lorsque vous en avez besoin et conserve la vie des piles Porte-cl\u00e9s pratique avec pince \u00e0 ressort Comprend 2 piles miniatures au lithium CR2032\u00a0Energizer\u00ae<\/p>\n","protected":false},"featured_media":0,"comment_status":"open","ping_status":"closed","template":"","meta":{"_acf_changed":false},"product_brand":[],"product_cat":[45,132],"product_tag":[],"class_list":{"0":"post-14092","1":"product","2":"type-product","3":"status-publish","5":"product_cat-nouveautes","6":"product_cat-trouvez-des-produits-declairage-energizer","7":"pa_uses-quotidien","9":"first","10":"instock","11":"shipping-taxable","12":"product-type-simple"},"acf":[],"_links":{"self":[{"href":"https:\/\/energizer.com\/canada-french\/wp-json\/wp\/v2\/product\/14092","targetHints":{"allow":["GET"]}}],"collection":[{"href":"https:\/\/energizer.com\/canada-french\/wp-json\/wp\/v2\/product"}],"about":[{"href":"https:\/\/energizer.com\/canada-french\/wp-json\/wp\/v2\/types\/product"}],"replies":[{"embeddable":true,"href":"https:\/\/energizer.com\/canada-french\/wp-json\/wp\/v2\/comments?post=14092"}],"version-history":[{"count":0,"href":"https:\/\/energizer.com\/canada-french\/wp-json\/wp\/v2\/product\/14092\/revisions"}],"wp:attachment":[{"href":"https:\/\/energizer.com\/canada-french\/wp-json\/wp\/v2\/media?parent=14092"}],"wp:term":[{"taxonomy":"product_brand","embeddable":true,"href":"https:\/\/energizer.com\/canada-french\/wp-json\/wp\/v2\/product_brand?post=14092"},{"taxonomy":"product_cat","embeddable":true,"href":"https:\/\/energizer.com\/canada-french\/wp-json\/wp\/v2\/product_cat?post=14092"},{"taxonomy":"product_tag","embeddable":true,"href":"https:\/\/energizer.com\/canada-french\/wp-json\/wp\/v2\/product_tag?post=14092"}],"curies":[{"name":"wp","href":"https:\/\/api.w.org\/{rel}","templated":true}]}}