{"id":15786,"date":"2024-09-26T10:37:26","date_gmt":"2024-09-26T10:37:26","guid":{"rendered":"https:\/\/energizer.com\/canada-french\/?post_type=product&#038;p=15786"},"modified":"2024-09-26T10:37:26","modified_gmt":"2024-09-26T10:37:26","slug":"emballages-energizer","status":"publish","type":"product","link":"https:\/\/energizer.com\/canada-french\/product\/power\/hearing-aid\/emballages-energizer\/","title":{"rendered":"EMBALLAGES ENERGIZER\u00ae"},"content":{"rendered":"<p>Cet emballage pratique et simple \u00e0 utiliser est muni d\u2019un cadran qui est facile de faire tourner; cependant, le syst\u00e8me de fermeture et le \u00ab\u00a0clic\u00a0\u00bb vous permettent de garder vos piles zinc-air pour proth\u00e8ses auditives exactement l\u00e0 o\u00f9 elles doivent \u00eatre \u2013 pour les sortir de l\u2019emballage, ou les y laisser. Avec cet emballage, finies les piles qui tombent dans vos tiroirs ou votre sac \u00e0 main!\u00a0<em>Energizer\u00a0<\/em>a con\u00e7u la premi\u00e8re pile au monde sans mercure pour proth\u00e8ses auditives* et un emballage recyclable \u00e0 100 % afin d\u2019\u00e9nergiser de fa\u00e7on responsable en cr\u00e9ant moins d\u2019impact sur l\u2019environnement.\u00a0<strong><em>\u00c7a, c\u2019est de l\u2019\u00e9nergie positive!<\/em><\/strong><\/p>\n","protected":false},"excerpt":{"rendered":"<p><small>*commercialement disponible depuis 2001<\/small><\/p>\n","protected":false},"featured_media":0,"comment_status":"open","ping_status":"closed","template":"","meta":{"_acf_changed":false},"product_brand":[],"product_cat":[32],"product_tag":[],"class_list":{"0":"post-15786","1":"product","2":"type-product","3":"status-publish","5":"product_cat-hearing-aid","7":"first","8":"instock","9":"shipping-taxable","10":"product-type-simple"},"acf":[],"_links":{"self":[{"href":"https:\/\/energizer.com\/canada-french\/wp-json\/wp\/v2\/product\/15786","targetHints":{"allow":["GET"]}}],"collection":[{"href":"https:\/\/energizer.com\/canada-french\/wp-json\/wp\/v2\/product"}],"about":[{"href":"https:\/\/energizer.com\/canada-french\/wp-json\/wp\/v2\/types\/product"}],"replies":[{"embeddable":true,"href":"https:\/\/energizer.com\/canada-french\/wp-json\/wp\/v2\/comments?post=15786"}],"version-history":[{"count":0,"href":"https:\/\/energizer.com\/canada-french\/wp-json\/wp\/v2\/product\/15786\/revisions"}],"wp:attachment":[{"href":"https:\/\/energizer.com\/canada-french\/wp-json\/wp\/v2\/media?parent=15786"}],"wp:term":[{"taxonomy":"product_brand","embeddable":true,"href":"https:\/\/energizer.com\/canada-french\/wp-json\/wp\/v2\/product_brand?post=15786"},{"taxonomy":"product_cat","embeddable":true,"href":"https:\/\/energizer.com\/canada-french\/wp-json\/wp\/v2\/product_cat?post=15786"},{"taxonomy":"product_tag","embeddable":true,"href":"https:\/\/energizer.com\/canada-french\/wp-json\/wp\/v2\/product_tag?post=15786"}],"curies":[{"name":"wp","href":"https:\/\/api.w.org\/{rel}","templated":true}]}}