{"id":15802,"date":"2024-09-26T11:07:50","date_gmt":"2024-09-26T11:07:50","guid":{"rendered":"https:\/\/energizer.com\/canada-french\/?post_type=product&#038;p=15802"},"modified":"2024-10-01T11:22:38","modified_gmt":"2024-10-01T11:22:38","slug":"lampe-a-eclairage-de-zone-et-de-projection","status":"publish","type":"product","link":"https:\/\/energizer.com\/canada-french\/product\/eclairage\/eclairage-a-grand-faisceau\/lampe-a-eclairage-de-zone-et-de-projection\/","title":{"rendered":"Lampe \u00e0 \u00e9clairage de zone et de projection Energizer\u00ae"},"content":{"rendered":"<ul>\n<li>T\u00eate pivotante permettant de diriger la lumi\u00e8re l\u00e0 o\u00f9 vous en avez besoin<\/li>\n<li>Supports repliables pour un \u00e9clairage de projection ou de zone qui vous laisse les mains libres<\/li>\n<li>Crochet de suspension int\u00e9gr\u00e9 pour un maximum de polyvalence<\/li>\n<li>Produit compact dot\u00e9 de la technologie unique Light Fusion Technology\u2122 qui offre un \u00e9clairage uniforme d\u2019une impressionnante brillance<\/li>\n<li>Munie d\u2019une fonction d\u2019intensit\u00e9 variable. Maintenez le bouton enfonc\u00e9 pour ajuster l\u2019intensit\u00e9 au niveau d\u00e9sir\u00e9 en mode \u00e9clairage de projection et en mode \u00e9clairage de zone<\/li>\n<li>Munie de la technologie DEL<\/li>\n<li>Utilise quatre piles AA (quatre piles AA Energizer MAX<sub>\u00ae<\/sub>\u00a0comprises)<\/li>\n<\/ul>\n","protected":false},"excerpt":{"rendered":"<p>Dot\u00e9e de la technologie Light\u00a0Fusion\u00a0Technology\u2122, la lampe torche multifonction\u00a0<em>Energizer<sub>\u00ae<\/sub>\u00a0<\/em>\u00e0 la polyvalence in\u00e9gal\u00e9e convient \u00e0 toutes les t\u00e2ches. Vous n\u2019avez qu\u2019\u00e0 choisir entre un \u00e9clairage de projection vif ou un \u00e9clairage de zone tr\u00e8s brillant. Ayez les mains libres pour vaquer \u00e0 vos occupations gr\u00e2ce \u00e0 ses supports solides et \u00e0 sa t\u00eate pivotante. Si vous souhaitez l\u2019utiliser comme lampe torche, vous n\u2019avez qu\u2019\u00e0 replier les supports. Avec sa multitude d\u2019options, cette lampe fournit l\u2019\u00e9clairage de zone et de projection parfait en toute occasion.<\/p>\n","protected":false},"featured_media":0,"comment_status":"open","ping_status":"closed","template":"","meta":{"_acf_changed":false},"product_brand":[],"product_cat":[44,97],"product_tag":[],"class_list":{"0":"post-15802","1":"product","2":"type-product","3":"status-publish","5":"product_cat-eclairage-a-grand-faisceau","6":"product_cat-lampes-de-poche","7":"pa_uses-bricolage","8":"pa_uses-exterieur","9":"pa_uses-quotidien","11":"first","12":"instock","13":"shipping-taxable","14":"product-type-simple"},"acf":[],"_links":{"self":[{"href":"https:\/\/energizer.com\/canada-french\/wp-json\/wp\/v2\/product\/15802","targetHints":{"allow":["GET"]}}],"collection":[{"href":"https:\/\/energizer.com\/canada-french\/wp-json\/wp\/v2\/product"}],"about":[{"href":"https:\/\/energizer.com\/canada-french\/wp-json\/wp\/v2\/types\/product"}],"replies":[{"embeddable":true,"href":"https:\/\/energizer.com\/canada-french\/wp-json\/wp\/v2\/comments?post=15802"}],"version-history":[{"count":0,"href":"https:\/\/energizer.com\/canada-french\/wp-json\/wp\/v2\/product\/15802\/revisions"}],"wp:attachment":[{"href":"https:\/\/energizer.com\/canada-french\/wp-json\/wp\/v2\/media?parent=15802"}],"wp:term":[{"taxonomy":"product_brand","embeddable":true,"href":"https:\/\/energizer.com\/canada-french\/wp-json\/wp\/v2\/product_brand?post=15802"},{"taxonomy":"product_cat","embeddable":true,"href":"https:\/\/energizer.com\/canada-french\/wp-json\/wp\/v2\/product_cat?post=15802"},{"taxonomy":"product_tag","embeddable":true,"href":"https:\/\/energizer.com\/canada-french\/wp-json\/wp\/v2\/product_tag?post=15802"}],"curies":[{"name":"wp","href":"https:\/\/api.w.org\/{rel}","templated":true}]}}