{"id":15812,"date":"2024-09-26T11:34:50","date_gmt":"2024-09-26T11:34:50","guid":{"rendered":"https:\/\/energizer.com\/canada-french\/?post_type=product&#038;p=15812"},"modified":"2024-10-01T04:48:19","modified_gmt":"2024-10-01T04:48:19","slug":"lampe-a-del-pour-projets-hard-case-professional-energizer","status":"publish","type":"product","link":"https:\/\/energizer.com\/canada-french\/product\/eclairage\/lampes-de-poche\/lampe-a-del-pour-projets-hard-case-professional-energizer\/","title":{"rendered":"Lampe Energizer\u00ae 4AA ProjectPro"},"content":{"rendered":"<ul>\n<li>Parfaite pour les utilisateurs professionnels et bricoleurs amateurs<\/li>\n<li>Con\u00e7ue pour durer au moins 25\u00a0ans; garantie \u00e0 vie<\/li>\n<li>Technologie d\u2019intensit\u00e9 variable intelligente, pour une ma\u00eetrise totale de la luminosit\u00e9 et de l\u2019autonomie<\/li>\n<li>Construction de haute qualit\u00e9 et technologie DEL avanc\u00e9e<\/li>\n<li>Durabilit\u00e9 et r\u00e9sistance aux intemp\u00e9ries exceptionnelles<\/li>\n<li>Lentille incassable; r\u00e9sistance \u00e0 des chutes d\u2019une hauteur de 7\u00a0m\u00e8tres<\/li>\n<li>Lampe torche professionnelle fournie avec quatre piles\u00a0AA\u00a0<em>Energizer<\/em>\u00a0MAX<sub>\u00ae<\/sub><\/li>\n<\/ul>\n","protected":false},"excerpt":{"rendered":"<p>Quel que soit le projet sur lequel vous travaillez, nous avons la lampe \u00e0 DEL qui vous convient! Avec son intensit\u00e9 lumineuse de 400\u00a0lumens, la lampe\u00a0<em>Energizer<\/em><strong><sub>\u00ae<\/sub><\/strong>\u00a04AA\u00a0ProjectPro vous accompagne dans tous vos travaux. Une lampe torche professionnelle parfaite pour les personnes \u00e0 la recherche d\u2019une lampe torche solide et r\u00e9sistante aux intemp\u00e9ries<\/p>\n","protected":false},"featured_media":0,"comment_status":"open","ping_status":"closed","template":"","meta":{"_acf_changed":false},"product_brand":[],"product_cat":[97],"product_tag":[],"class_list":{"0":"post-15812","1":"product","2":"type-product","3":"status-publish","5":"product_cat-lampes-de-poche","6":"pa_collection-hard-case-professional-energizer","7":"pa_uses-bricolage","8":"pa_uses-travail","10":"first","11":"instock","12":"shipping-taxable","13":"product-type-simple"},"acf":[],"_links":{"self":[{"href":"https:\/\/energizer.com\/canada-french\/wp-json\/wp\/v2\/product\/15812","targetHints":{"allow":["GET"]}}],"collection":[{"href":"https:\/\/energizer.com\/canada-french\/wp-json\/wp\/v2\/product"}],"about":[{"href":"https:\/\/energizer.com\/canada-french\/wp-json\/wp\/v2\/types\/product"}],"replies":[{"embeddable":true,"href":"https:\/\/energizer.com\/canada-french\/wp-json\/wp\/v2\/comments?post=15812"}],"version-history":[{"count":0,"href":"https:\/\/energizer.com\/canada-french\/wp-json\/wp\/v2\/product\/15812\/revisions"}],"wp:attachment":[{"href":"https:\/\/energizer.com\/canada-french\/wp-json\/wp\/v2\/media?parent=15812"}],"wp:term":[{"taxonomy":"product_brand","embeddable":true,"href":"https:\/\/energizer.com\/canada-french\/wp-json\/wp\/v2\/product_brand?post=15812"},{"taxonomy":"product_cat","embeddable":true,"href":"https:\/\/energizer.com\/canada-french\/wp-json\/wp\/v2\/product_cat?post=15812"},{"taxonomy":"product_tag","embeddable":true,"href":"https:\/\/energizer.com\/canada-french\/wp-json\/wp\/v2\/product_tag?post=15812"}],"curies":[{"name":"wp","href":"https:\/\/api.w.org\/{rel}","templated":true}]}}