{"id":15817,"date":"2024-09-26T11:57:12","date_gmt":"2024-09-26T11:57:12","guid":{"rendered":"https:\/\/energizer.com\/canada-french\/?post_type=product&#038;p=15817"},"modified":"2024-10-03T07:48:30","modified_gmt":"2024-10-03T07:48:30","slug":"lampe-etanche-a-del-weatheready-energizer","status":"publish","type":"product","link":"https:\/\/energizer.com\/canada-french\/product\/eclairage\/lampes-de-poche\/lampe-etanche-a-del-weatheready-energizer\/","title":{"rendered":"Lampe \u00e9tanche Energizer\u00ae Weatheready\u00ae 2AA"},"content":{"rendered":"<ul>\n<li>Durable, cette lampe torche \u00e9tanche offre la luminosit\u00e9 d\u2019une DEL blanche dans toute situation<\/li>\n<li>En plus d\u2019\u00eatre \u00e9tanche, elle flotte, ce qui vous permet de la r\u00e9cup\u00e9rer facilement<\/li>\n<li>Sa surface r\u00e9fl\u00e9chissante facilite sa localisation, m\u00eame dans des conditions de faible luminosit\u00e9<\/li>\n<li>Elle fonctionne quand vous en avez besoin\u00a0: jusqu\u2019\u00e0 35\u00a0heures d\u2019autonomie sur un jeu de piles<\/li>\n<li>Lampe de poche de construction \u00e9tanche pour la tranquillit\u00e9 d\u2019esprit, peu importe les conditions m\u00e9t\u00e9orologiques<\/li>\n<li>Fonctionne avec 2 piles AA (comprend deux piles\u00a0<a class=\"anchorhover\" href=\"https:\/\/energizer.com\/canada-french\/product\/power\/energizer-max\/energizer-max-aa\/\" target=\"_blank\" rel=\"noopener\" aria-label=\"AA Energizer MAX\u00ae\">AA Energizer MAX\u00ae<\/a>)<\/li>\n<\/ul>\n","protected":false},"excerpt":{"rendered":"<p>En plus de briller, elle flotte\u00a0: la lampe \u00e9tanche\u00a0<em>Energizer<\/em><strong><sub>\u00ae<\/sub><\/strong>\u00a0Weatheready<strong><sub>\u00ae<\/sub><\/strong>\u00a02AA vous accompagne dans les conditions les plus difficiles.<\/p>\n","protected":false},"featured_media":0,"comment_status":"open","ping_status":"closed","template":"","meta":{"_acf_changed":false},"product_brand":[],"product_cat":[97],"product_tag":[],"class_list":{"0":"post-15817","1":"product","2":"type-product","3":"status-publish","5":"product_cat-lampes-de-poche","6":"pa_collection-weatheready-energizer","7":"pa_uses-bricolage","8":"pa_uses-exterieur","9":"pa_uses-quotidien","10":"pa_uses-soyez-pret","12":"first","13":"instock","14":"shipping-taxable","15":"product-type-simple"},"acf":[],"_links":{"self":[{"href":"https:\/\/energizer.com\/canada-french\/wp-json\/wp\/v2\/product\/15817","targetHints":{"allow":["GET"]}}],"collection":[{"href":"https:\/\/energizer.com\/canada-french\/wp-json\/wp\/v2\/product"}],"about":[{"href":"https:\/\/energizer.com\/canada-french\/wp-json\/wp\/v2\/types\/product"}],"replies":[{"embeddable":true,"href":"https:\/\/energizer.com\/canada-french\/wp-json\/wp\/v2\/comments?post=15817"}],"version-history":[{"count":0,"href":"https:\/\/energizer.com\/canada-french\/wp-json\/wp\/v2\/product\/15817\/revisions"}],"wp:attachment":[{"href":"https:\/\/energizer.com\/canada-french\/wp-json\/wp\/v2\/media?parent=15817"}],"wp:term":[{"taxonomy":"product_brand","embeddable":true,"href":"https:\/\/energizer.com\/canada-french\/wp-json\/wp\/v2\/product_brand?post=15817"},{"taxonomy":"product_cat","embeddable":true,"href":"https:\/\/energizer.com\/canada-french\/wp-json\/wp\/v2\/product_cat?post=15817"},{"taxonomy":"product_tag","embeddable":true,"href":"https:\/\/energizer.com\/canada-french\/wp-json\/wp\/v2\/product_tag?post=15817"}],"curies":[{"name":"wp","href":"https:\/\/api.w.org\/{rel}","templated":true}]}}