{"id":15826,"date":"2024-09-26T12:16:11","date_gmt":"2024-09-26T12:16:11","guid":{"rendered":"https:\/\/energizer.com\/canada-french\/?post_type=product&#038;p=15826"},"modified":"2025-02-26T13:30:54","modified_gmt":"2025-02-26T13:30:54","slug":"energizer-vision-hd-rechargeable-metal-lights","status":"publish","type":"product","link":"https:\/\/energizer.com\/canada-french\/product\/eclairage\/lampes-de-poche\/energizer-vision-hd-rechargeable-metal-lights\/","title":{"rendered":"Lampe rechargeable en m\u00e9tal Energizer\u00ae Vision HD"},"content":{"rendered":"<div class=\"button\"><a class=\"redbtn\" href=\"https:\/\/energizer.com\/canada-french\/lampes-metal-hautes-performances-energizer-vision-hd-2\/\" rel=\"noopener\" aria-label=\"En savoir plus sur les lampes m\u00e9talliques Vision HD Performance\">En savoir plus sur les lampes m\u00e9talliques Vision HD Performance<\/a><\/div>\n<ul>\n<li>Sortie USB qui permet de recharger des appareils<\/li>\n<li>Comprend un c\u00e2ble de recharge USB<\/li>\n<li>\u00c9clairage puissant m\u00eame apr\u00e8s une recharge compl\u00e8te d\u2019un t\u00e9l\u00e9phone intelligent*<\/li>\n<li>Aluminium r\u00e9sistant de qualit\u00e9 a\u00e9ronautique<\/li>\n<li>Facile \u00e0 utiliser<\/li>\n<li>Mise au point num\u00e9rique par la simple pression d\u2019un bouton<\/li>\n<li>Rendement lumineux exceptionnel parfait en toute occasion<\/li>\n<li>Produit une luminosit\u00e9 jusqu\u2019\u00e0 15 fois sup\u00e9rieure \u00e0 celle d\u2019une technologie DEL ordinaire<\/li>\n<li>Technologie MAXVIZ\u2122 produisant un faisceau large et puissant ainsi qu\u2019une vision haute d\u00e9finition<\/li>\n<li>Con\u00e7ue pour offrir une dur\u00e9e de vie de 20 ans (selon les habitudes d\u2019utilisation typiques des consommateurs)<\/li>\n<li>Munie de la technologie DEL<\/li>\n<li>Utilise une pile au lithium-ion (26650) non amovible<\/li>\n<\/ul>\n","protected":false},"excerpt":{"rendered":"<p><small>*La lumi\u00e8re doit \u00eatre \u00e9teinte durant la recharge. Bas\u00e9 sur une pile de t\u00e9l\u00e9phone intelligent d\u2019une capacit\u00e9 de 1810 mAh.<\/small><\/p>\n","protected":false},"featured_media":0,"comment_status":"open","ping_status":"closed","template":"","meta":{"_acf_changed":false},"product_brand":[],"product_cat":[97],"product_tag":[],"class_list":{"0":"post-15826","1":"product","2":"type-product","3":"status-publish","5":"product_cat-lampes-de-poche","6":"pa_collection-lampes-metal-hautes-performances-energizer-vision-hd","7":"pa_uses-bricolage","8":"pa_uses-exterieur","9":"pa_uses-quotidien","10":"pa_uses-travail","12":"first","13":"instock","14":"shipping-taxable","15":"product-type-simple"},"acf":[],"_links":{"self":[{"href":"https:\/\/energizer.com\/canada-french\/wp-json\/wp\/v2\/product\/15826","targetHints":{"allow":["GET"]}}],"collection":[{"href":"https:\/\/energizer.com\/canada-french\/wp-json\/wp\/v2\/product"}],"about":[{"href":"https:\/\/energizer.com\/canada-french\/wp-json\/wp\/v2\/types\/product"}],"replies":[{"embeddable":true,"href":"https:\/\/energizer.com\/canada-french\/wp-json\/wp\/v2\/comments?post=15826"}],"version-history":[{"count":0,"href":"https:\/\/energizer.com\/canada-french\/wp-json\/wp\/v2\/product\/15826\/revisions"}],"wp:attachment":[{"href":"https:\/\/energizer.com\/canada-french\/wp-json\/wp\/v2\/media?parent=15826"}],"wp:term":[{"taxonomy":"product_brand","embeddable":true,"href":"https:\/\/energizer.com\/canada-french\/wp-json\/wp\/v2\/product_brand?post=15826"},{"taxonomy":"product_cat","embeddable":true,"href":"https:\/\/energizer.com\/canada-french\/wp-json\/wp\/v2\/product_cat?post=15826"},{"taxonomy":"product_tag","embeddable":true,"href":"https:\/\/energizer.com\/canada-french\/wp-json\/wp\/v2\/product_tag?post=15826"}],"curies":[{"name":"wp","href":"https:\/\/api.w.org\/{rel}","templated":true}]}}