{"id":15828,"date":"2024-09-26T12:18:33","date_gmt":"2024-09-26T12:18:33","guid":{"rendered":"https:\/\/energizer.com\/canada-french\/?post_type=product&#038;p=15828"},"modified":"2024-10-01T04:53:11","modified_gmt":"2024-10-01T04:53:11","slug":"lampe-tenue-a-la-main-energizer-dotee-de-la-technologie-touch-tech","status":"publish","type":"product","link":"https:\/\/energizer.com\/canada-french\/product\/eclairage\/lampes-de-poche\/lampe-tenue-a-la-main-energizer-dotee-de-la-technologie-touch-tech\/","title":{"rendered":"Lampe tenue \u00e0 la main Energizer\u00ae dot\u00e9e de la technologie Touch Tech\u2122"},"content":{"rendered":"<h2 class=\"h3_size\">D\u00e9tails du produit<\/h2>\n<ul>\n<li>Fonction marche \/ arr\u00eat sans commutateur, avec une simple pression<\/li>\n<li>Il s\u2019agit tout simplement de saisir la lampe pour une lumi\u00e8re D\u00c9L instantan\u00e9e et de la rel\u00e2cher afin de l\u2019\u00e9teindre doucement<\/li>\n<li>Jusqu\u2019\u00e0 10 fois plus brillant que la technologie \u00e0 D\u00c9L standard<\/li>\n<li>Durable et r\u00e9siste \u00e0 un test de chute de 1 m\u00e8tre<\/li>\n<li>La lampe de poche comprend deux piles AA<em>\u00a0Energizer<\/em>\u00a0MAX<sub>\u00ae<\/sub><\/li>\n<\/ul>\n","protected":false},"excerpt":{"rendered":"<p>Tout simplement g\u00e9nial. La lampe tenue \u00e0 la main\u00a0<em>Energizer<\/em><sub>\u00ae<\/sub>dot\u00e9e de la technologie\u00a0<em>Touch Tech\u2122\u00a0<\/em>vous procure un \u00e9clairage instantan\u00e9 tout simplement en y appuyant un peu de pression. Rel\u00e2chez votre prise lorsque vous avez termin\u00e9 et la technologie Touch Tech \u00e9teindra la lumi\u00e8re. Gr\u00e2ce \u00e0 l\u2019innovation sans commutateur de la technologie Touch Tech, votre lampe ne sera jamais en marche accidentellement, ce qui permettra une dur\u00e9e de vie prolong\u00e9e. C\u2019est aussi simple que \u00e7a! Alors, allez-y avec cette lampe de poche\u00a0<em>Energizer\u00ae\u00a0<\/em>facile \u00e0 utiliser.<\/p>\n","protected":false},"featured_media":0,"comment_status":"open","ping_status":"closed","template":"","meta":{"_acf_changed":false},"product_brand":[],"product_cat":[97],"product_tag":[],"class_list":{"0":"post-15828","1":"product","2":"type-product","3":"status-publish","5":"product_cat-lampes-de-poche","6":"pa_uses-quotidien","7":"pa_uses-soyez-pret","9":"first","10":"instock","11":"shipping-taxable","12":"product-type-simple"},"acf":[],"_links":{"self":[{"href":"https:\/\/energizer.com\/canada-french\/wp-json\/wp\/v2\/product\/15828","targetHints":{"allow":["GET"]}}],"collection":[{"href":"https:\/\/energizer.com\/canada-french\/wp-json\/wp\/v2\/product"}],"about":[{"href":"https:\/\/energizer.com\/canada-french\/wp-json\/wp\/v2\/types\/product"}],"replies":[{"embeddable":true,"href":"https:\/\/energizer.com\/canada-french\/wp-json\/wp\/v2\/comments?post=15828"}],"version-history":[{"count":0,"href":"https:\/\/energizer.com\/canada-french\/wp-json\/wp\/v2\/product\/15828\/revisions"}],"wp:attachment":[{"href":"https:\/\/energizer.com\/canada-french\/wp-json\/wp\/v2\/media?parent=15828"}],"wp:term":[{"taxonomy":"product_brand","embeddable":true,"href":"https:\/\/energizer.com\/canada-french\/wp-json\/wp\/v2\/product_brand?post=15828"},{"taxonomy":"product_cat","embeddable":true,"href":"https:\/\/energizer.com\/canada-french\/wp-json\/wp\/v2\/product_cat?post=15828"},{"taxonomy":"product_tag","embeddable":true,"href":"https:\/\/energizer.com\/canada-french\/wp-json\/wp\/v2\/product_tag?post=15828"}],"curies":[{"name":"wp","href":"https:\/\/api.w.org\/{rel}","templated":true}]}}