{"id":15832,"date":"2024-09-26T12:25:16","date_gmt":"2024-09-26T12:25:16","guid":{"rendered":"https:\/\/energizer.com\/canada-french\/?post_type=product&#038;p=15832"},"modified":"2025-02-26T13:37:09","modified_gmt":"2025-02-26T13:37:09","slug":"energizerheadband-light","status":"publish","type":"product","link":"https:\/\/energizer.com\/canada-french\/product\/eclairage\/mains-libres\/energizerheadband-light\/","title":{"rendered":"Lampe frontale Energizer\u00ae"},"content":{"rendered":"<div class=\"button\"><a class=\"redbtn\" href=\"https:\/\/energizer.com\/canada-french\/fr-headlights\/\" aria-label=\"En savoir plus sur les lampes frontales\">En savoir plus sur les lampes frontales<\/a><\/div>\n<ul>\n<li>La lampe mains libres comprend une lumi\u00e8re DEL brillante sur un bandeau doux et extensible pour un port confortable et prolong\u00e9<\/li>\n<li>Id\u00e9al comme \u00e9clairage pour les promenades nocturnes ou comme lampe de lecture int\u00e9rieure<\/li>\n<li>Cette lumi\u00e8re aliment\u00e9e par piles \u00e9met jusqu\u2019\u00e0 100\u00a0lumens en mode haute intensit\u00e9 et offre une autonomie impressionnante de 19\u00a0heures en mode faible intensit\u00e9<\/li>\n<li>Cette lampe frontale est r\u00e9sistante aux chocs jusqu\u2019\u00e0 1\u00a0m\u00e8tre pour une durabilit\u00e9 sur laquelle vous pouvez compter<\/li>\n<li>Sp\u00e9cialement con\u00e7ue pour illuminer votre chemin tout en gardant vos cheveux en arri\u00e8re<\/li>\n<\/ul>\n","protected":false},"excerpt":{"rendered":"<p>En savoir plus sur les lampes frontales La lampe mains libres comprend une lumi\u00e8re DEL brillante sur un bandeau doux et extensible pour un port confortable et prolong\u00e9 Id\u00e9al comme \u00e9clairage pour les promenades nocturnes ou comme lampe de lecture int\u00e9rieure Cette lumi\u00e8re aliment\u00e9e par piles \u00e9met jusqu\u2019\u00e0 100\u00a0lumens en mode haute intensit\u00e9 et offre [&hellip;]<\/p>\n","protected":false},"featured_media":0,"comment_status":"open","ping_status":"closed","template":"","meta":{"_acf_changed":false},"product_brand":[],"product_cat":[43],"product_tag":[],"class_list":{"0":"post-15832","1":"product","2":"type-product","3":"status-publish","5":"product_cat-mains-libres","6":"pa_collection-lampes-frontales-energizer","7":"pa_uses-exterieur","8":"pa_uses-quotidien","10":"first","11":"instock","12":"shipping-taxable","13":"product-type-simple"},"acf":[],"_links":{"self":[{"href":"https:\/\/energizer.com\/canada-french\/wp-json\/wp\/v2\/product\/15832","targetHints":{"allow":["GET"]}}],"collection":[{"href":"https:\/\/energizer.com\/canada-french\/wp-json\/wp\/v2\/product"}],"about":[{"href":"https:\/\/energizer.com\/canada-french\/wp-json\/wp\/v2\/types\/product"}],"replies":[{"embeddable":true,"href":"https:\/\/energizer.com\/canada-french\/wp-json\/wp\/v2\/comments?post=15832"}],"version-history":[{"count":0,"href":"https:\/\/energizer.com\/canada-french\/wp-json\/wp\/v2\/product\/15832\/revisions"}],"wp:attachment":[{"href":"https:\/\/energizer.com\/canada-french\/wp-json\/wp\/v2\/media?parent=15832"}],"wp:term":[{"taxonomy":"product_brand","embeddable":true,"href":"https:\/\/energizer.com\/canada-french\/wp-json\/wp\/v2\/product_brand?post=15832"},{"taxonomy":"product_cat","embeddable":true,"href":"https:\/\/energizer.com\/canada-french\/wp-json\/wp\/v2\/product_cat?post=15832"},{"taxonomy":"product_tag","embeddable":true,"href":"https:\/\/energizer.com\/canada-french\/wp-json\/wp\/v2\/product_tag?post=15832"}],"curies":[{"name":"wp","href":"https:\/\/api.w.org\/{rel}","templated":true}]}}