{"id":15838,"date":"2024-09-26T12:36:24","date_gmt":"2024-09-26T12:36:24","guid":{"rendered":"https:\/\/energizer.com\/canada-french\/?post_type=product&#038;p=15838"},"modified":"2025-02-26T13:36:57","modified_gmt":"2025-02-26T13:36:57","slug":"nouvelle-lampe-frontale-energizer-universelle-plus","status":"publish","type":"product","link":"https:\/\/energizer.com\/canada-french\/product\/eclairage\/mains-libres\/nouvelle-lampe-frontale-energizer-universelle-plus\/","title":{"rendered":"Lampe frontale Energizer\u00ae universelle plus"},"content":{"rendered":"<div class=\"button\"><a class=\"redbtn\" href=\"https:\/\/energizer.com\/canada-french\/fr-headlights\/\" rel=\"noopener\" aria-label=\"En savoir plus sur les lampes frontales\">En savoir plus sur les lampes frontales<\/a><\/div>\n<ul>\n<li>Compact et l\u00e9ger pour un confort optimal<\/li>\n<li>Conception \u00e9pur\u00e9e id\u00e9ale pour les activit\u00e9s ext\u00e9rieures<\/li>\n<li>Fort rendement lumineux id\u00e9al pour les projets int\u00e9rieurs et de bricolage<\/li>\n<li>Fiable et facile \u00e0 utiliser<\/li>\n<li>Bandeau confortable, amovible et lavable<\/li>\n<li>Fabrication durable<\/li>\n<li>DEL rouge pour vision nocturne<\/li>\n<li>Jusqu\u2019\u00e0 12x plus lumineux qu\u2019avec une technologie DEL ordinaire<\/li>\n<li>Longue autonomie<\/li>\n<li>Deux modes\n<ul>\n<li>Haute intensit\u00e9<\/li>\n<li>Rouge (vision nocturne)<\/li>\n<\/ul>\n<\/li>\n<li>Fonctionne avec 2\u00a0piles AAA (2\u00a0piles AAA\u00a0<em>Energizer\u00a0<\/em>MAX<sub>\u00ae<\/sub>\u00a0incluses)<\/li>\n<\/ul>\n","protected":false},"excerpt":{"rendered":"<p>En savoir plus sur les lampes frontales Compact et l\u00e9ger pour un confort optimal Conception \u00e9pur\u00e9e id\u00e9ale pour les activit\u00e9s ext\u00e9rieures Fort rendement lumineux id\u00e9al pour les projets int\u00e9rieurs et de bricolage Fiable et facile \u00e0 utiliser Bandeau confortable, amovible et lavable Fabrication durable DEL rouge pour vision nocturne Jusqu\u2019\u00e0 12x plus lumineux qu\u2019avec une [&hellip;]<\/p>\n","protected":false},"featured_media":0,"comment_status":"open","ping_status":"closed","template":"","meta":{"_acf_changed":false},"product_brand":[],"product_cat":[43],"product_tag":[],"class_list":{"0":"post-15838","1":"product","2":"type-product","3":"status-publish","5":"product_cat-mains-libres","6":"pa_collection-lampes-frontales-energizer","7":"pa_uses-bricolage","8":"pa_uses-exterieur","9":"pa_uses-soyez-pret","11":"first","12":"instock","13":"shipping-taxable","14":"product-type-simple"},"acf":[],"_links":{"self":[{"href":"https:\/\/energizer.com\/canada-french\/wp-json\/wp\/v2\/product\/15838","targetHints":{"allow":["GET"]}}],"collection":[{"href":"https:\/\/energizer.com\/canada-french\/wp-json\/wp\/v2\/product"}],"about":[{"href":"https:\/\/energizer.com\/canada-french\/wp-json\/wp\/v2\/types\/product"}],"replies":[{"embeddable":true,"href":"https:\/\/energizer.com\/canada-french\/wp-json\/wp\/v2\/comments?post=15838"}],"version-history":[{"count":0,"href":"https:\/\/energizer.com\/canada-french\/wp-json\/wp\/v2\/product\/15838\/revisions"}],"wp:attachment":[{"href":"https:\/\/energizer.com\/canada-french\/wp-json\/wp\/v2\/media?parent=15838"}],"wp:term":[{"taxonomy":"product_brand","embeddable":true,"href":"https:\/\/energizer.com\/canada-french\/wp-json\/wp\/v2\/product_brand?post=15838"},{"taxonomy":"product_cat","embeddable":true,"href":"https:\/\/energizer.com\/canada-french\/wp-json\/wp\/v2\/product_cat?post=15838"},{"taxonomy":"product_tag","embeddable":true,"href":"https:\/\/energizer.com\/canada-french\/wp-json\/wp\/v2\/product_tag?post=15838"}],"curies":[{"name":"wp","href":"https:\/\/api.w.org\/{rel}","templated":true}]}}