{"id":15844,"date":"2024-09-26T12:49:13","date_gmt":"2024-09-26T12:49:13","guid":{"rendered":"https:\/\/energizer.com\/canada-french\/?post_type=product&#038;p=15844"},"modified":"2025-02-25T11:28:31","modified_gmt":"2025-02-25T11:28:31","slug":"lampe-de-secours-a-grand-faisceau-d-eclairage-energizer","status":"publish","type":"product","link":"https:\/\/energizer.com\/canada-french\/product\/eclairage\/eclairage-a-grand-faisceau\/lampe-de-secours-a-grand-faisceau-d-eclairage-energizer\/","title":{"rendered":"Lampe de secours \u00e0 grand faisceau d\u2019 \u00e9clairage Energizer\u00ae"},"content":{"rendered":"<ul>\n<li>Construit express\u00e9ment pour une plus longue dur\u00e9e d\u2019utilisation lorsque vous en avez le plus besoin<\/li>\n<li>Robuste, fiable et facile \u00e0 utiliser \u2013 Id\u00e9al en cas d\u2019urgence<\/li>\n<li>3 modes d\u2019\u00e9clairage: Intense pour un \u00e9clairage maximal , faible pour une dur\u00e9e d\u2019utilisation exceptionnelle en cas de panne de courant de longue dur\u00e9e; veilleuse pour un \u00e9clairage tamis\u00e9<\/li>\n<li>Jusqu\u2019\u00e0 10 fois plus brillante que la technologie \u00e0 D\u00c9L standard<\/li>\n<li>La technologie PowerSwitch qui \u00e9conomise de l\u2019\u00e9nergie permet la lanterne d\u2019urgence de fonctionner avec des piles D ou AA<\/li>\n<li>Durable et r\u00e9siste \u00e0 l\u2019eau \u2013 une lampe d\u2019urgence robuste<\/li>\n<\/ul>\n","protected":false},"excerpt":{"rendered":"<p>La lampe de secours \u00e0 grand faisceau d\u2019\u00e9clairage\u00a0<em>Energizer<\/em><sub>\u00ae<\/sub>est notre lanterne \u00e0 D\u00c9L de secours la plus puissante \u00e0 ce jour. Elle poss\u00e8de une brillance extraordinaire et une dur\u00e9e d\u2019utilisation exceptionnelle. Con\u00e7ue pour une plus longue dur\u00e9e d\u2019utilisation et fabriqu\u00e9e pour exceller en cas d\u2019urgence, elle fournira un \u00e9clairage complet et une utilisation mains-libres pratique. De plus, l\u2019interrupteur lumineux visible dans l\u2019obscurit\u00e9 et facile \u00e0 manipuler permet un acc\u00e8s rapide \u00e0 trois diff\u00e9rents modes d\u2019\u00e9clairage.<\/p>\n<p><small>*Le rendement lumineux efficace est mesur\u00e9 avec la D\u00c9L. La valeur s\u2019applique uniquement \u00e0 la D\u00c9L. Le rendement lumineux r\u00e9el de l\u2019appareil peut varier.<\/small><br \/>\n<small>**Le rendement lumineux efficace est mesur\u00e9 avec la D\u00c9L. La valeur s\u2019applique uniquement \u00e0 la D\u00c9L. Le rendement lumineux r\u00e9el de l\u2019appareil peut varier.<\/small><br \/>\n<small>***La tension finale indiqu\u00e9e est de 1 % de la valeur initiale.<\/small><\/p>\n","protected":false},"featured_media":0,"comment_status":"open","ping_status":"closed","template":"","meta":{"_acf_changed":false},"product_brand":[],"product_cat":[44],"product_tag":[],"class_list":{"0":"post-15844","1":"product","2":"type-product","3":"status-publish","5":"product_cat-eclairage-a-grand-faisceau","6":"pa_collection-weatheready-energizer","7":"pa_uses-exterieur","8":"pa_uses-quotidien","9":"pa_uses-soyez-pret","11":"first","12":"instock","13":"shipping-taxable","14":"product-type-simple"},"acf":[],"_links":{"self":[{"href":"https:\/\/energizer.com\/canada-french\/wp-json\/wp\/v2\/product\/15844","targetHints":{"allow":["GET"]}}],"collection":[{"href":"https:\/\/energizer.com\/canada-french\/wp-json\/wp\/v2\/product"}],"about":[{"href":"https:\/\/energizer.com\/canada-french\/wp-json\/wp\/v2\/types\/product"}],"replies":[{"embeddable":true,"href":"https:\/\/energizer.com\/canada-french\/wp-json\/wp\/v2\/comments?post=15844"}],"version-history":[{"count":0,"href":"https:\/\/energizer.com\/canada-french\/wp-json\/wp\/v2\/product\/15844\/revisions"}],"wp:attachment":[{"href":"https:\/\/energizer.com\/canada-french\/wp-json\/wp\/v2\/media?parent=15844"}],"wp:term":[{"taxonomy":"product_brand","embeddable":true,"href":"https:\/\/energizer.com\/canada-french\/wp-json\/wp\/v2\/product_brand?post=15844"},{"taxonomy":"product_cat","embeddable":true,"href":"https:\/\/energizer.com\/canada-french\/wp-json\/wp\/v2\/product_cat?post=15844"},{"taxonomy":"product_tag","embeddable":true,"href":"https:\/\/energizer.com\/canada-french\/wp-json\/wp\/v2\/product_tag?post=15844"}],"curies":[{"name":"wp","href":"https:\/\/api.w.org\/{rel}","templated":true}]}}