{"id":15848,"date":"2024-09-26T12:50:39","date_gmt":"2024-09-26T12:50:39","guid":{"rendered":"https:\/\/energizer.com\/canada-french\/?post_type=product&#038;p=15848"},"modified":"2024-10-03T07:43:41","modified_gmt":"2024-10-03T07:43:41","slug":"energizervision-lantern","status":"publish","type":"product","link":"https:\/\/energizer.com\/canada-french\/product\/eclairage\/eclairage-a-grand-faisceau\/energizervision-lantern\/","title":{"rendered":"Lanterne Energizer\u00ae Vision"},"content":{"rendered":"<div class=\"button\"><a class=\"redbtn\" href=\"https:\/\/energizer.com\/canada-french\/eclairage\/lanternes-vision\/\" rel=\"noopener\" aria-label=\"En savoir plus sur les lanternes Vision\">En savoir plus sur les lanternes Vision<\/a><\/div>\n<ul>\n<li>\u00c9clairage de zone puissant et brillant<\/li>\n<li>Sortie USB permettant de recharger des appareils<\/li>\n<li>\u00c9clairage puissant m\u00eame apr\u00e8s la recharge compl\u00e8te d\u2019un t\u00e9l\u00e9phone intelligent Base solide permettant de travailler les mains libres et poign\u00e9e antid\u00e9rapante confortable facilitant le transport<sup>\u2020<\/sup><\/li>\n<li>Grande autonomie en mode faible intensit\u00e9<\/li>\n<li>Mode haute intensit\u00e9 pour un maximum de luminosit\u00e9<\/li>\n<li>Produit une luminosit\u00e9 jusqu\u2019\u00e0 10 fois sup\u00e9rieure \u00e0 celle d\u2019une technologie DEL ordinaire<\/li>\n<li>Fonction d\u2019intensit\u00e9 variable pour un \u00e9clairage adapt\u00e9 et une autonomie optimale<\/li>\n<li>Mode d\u2019\u00e9clairage de nuit<\/li>\n<li>Conception durable<\/li>\n<li>Munie de la technologie DEL<\/li>\n<li>Utilise quatre piles D<\/li>\n<\/ul>\n","protected":false},"excerpt":{"rendered":"<p>En savoir plus sur les lanternes Vision \u00c9clairage de zone puissant et brillant Sortie USB permettant de recharger des appareils \u00c9clairage puissant m\u00eame apr\u00e8s la recharge compl\u00e8te d\u2019un t\u00e9l\u00e9phone intelligent Base solide permettant de travailler les mains libres et poign\u00e9e antid\u00e9rapante confortable facilitant le transport\u2020 Grande autonomie en mode faible intensit\u00e9 Mode haute intensit\u00e9 pour [&hellip;]<\/p>\n","protected":false},"featured_media":0,"comment_status":"open","ping_status":"closed","template":"","meta":{"_acf_changed":false},"product_brand":[],"product_cat":[44],"product_tag":[],"class_list":{"0":"post-15848","1":"product","2":"type-product","3":"status-publish","5":"product_cat-eclairage-a-grand-faisceau","6":"pa_uses-bricolage","7":"pa_uses-exterieur","8":"pa_uses-quotidien","9":"pa_uses-soyez-pret","11":"first","12":"instock","13":"shipping-taxable","14":"product-type-simple"},"acf":[],"_links":{"self":[{"href":"https:\/\/energizer.com\/canada-french\/wp-json\/wp\/v2\/product\/15848","targetHints":{"allow":["GET"]}}],"collection":[{"href":"https:\/\/energizer.com\/canada-french\/wp-json\/wp\/v2\/product"}],"about":[{"href":"https:\/\/energizer.com\/canada-french\/wp-json\/wp\/v2\/types\/product"}],"replies":[{"embeddable":true,"href":"https:\/\/energizer.com\/canada-french\/wp-json\/wp\/v2\/comments?post=15848"}],"version-history":[{"count":0,"href":"https:\/\/energizer.com\/canada-french\/wp-json\/wp\/v2\/product\/15848\/revisions"}],"wp:attachment":[{"href":"https:\/\/energizer.com\/canada-french\/wp-json\/wp\/v2\/media?parent=15848"}],"wp:term":[{"taxonomy":"product_brand","embeddable":true,"href":"https:\/\/energizer.com\/canada-french\/wp-json\/wp\/v2\/product_brand?post=15848"},{"taxonomy":"product_cat","embeddable":true,"href":"https:\/\/energizer.com\/canada-french\/wp-json\/wp\/v2\/product_cat?post=15848"},{"taxonomy":"product_tag","embeddable":true,"href":"https:\/\/energizer.com\/canada-french\/wp-json\/wp\/v2\/product_tag?post=15848"}],"curies":[{"name":"wp","href":"https:\/\/api.w.org\/{rel}","templated":true}]}}