{"id":15850,"date":"2024-09-26T12:53:34","date_gmt":"2024-09-26T12:53:34","guid":{"rendered":"https:\/\/energizer.com\/canada-french\/?post_type=product&#038;p=15850"},"modified":"2024-10-01T05:02:46","modified_gmt":"2024-10-01T05:02:46","slug":"lanterne-compacte-a-del-2-en-1-avec-technologie-de-fusion-lumineuse","status":"publish","type":"product","link":"https:\/\/energizer.com\/canada-french\/product\/eclairage\/eclairage-a-grand-faisceau\/lanterne-compacte-a-del-2-en-1-avec-technologie-de-fusion-lumineuse\/","title":{"rendered":"Lanterne compacte Energizer\u00ae dot\u00e9e de la technologie de fusion lumineuse"},"content":{"rendered":"<ul>\n<li>La lanterne \u00e0 D\u00c9L raffin\u00e9e et compacte fournit un \u00e9clairage vibrant et uniforme sur 360 degr\u00e9s pour une vari\u00e9t\u00e9 de t\u00e2ches et d\u2019activit\u00e9s \u00e0 l\u2019ext\u00e9rieur<\/li>\n<li>Le panneau dot\u00e9 de la technologie de fusion lumineuse se replie pour \u00e9clairer sur 360 degr\u00e9s<\/li>\n<li>Une poign\u00e9e robuste pour transporter et accrocher la lanterne; se d\u00e9plie pour plus de stabilit\u00e9<\/li>\n<li>Deux modes: Intense et Faible<\/li>\n<li>La lanterne \u00e0 D\u00c9L compacte comprend 4 piles AA<em>\u00a0Energizer\u00a0<\/em>MAX<sub>\u00ae<\/sub><\/li>\n<\/ul>\n","protected":false},"excerpt":{"rendered":"<p>\u00c0 la fois puissante et facile \u00e0 emporter, la lanterne\u00a0<em>Energizer<\/em><sub>\u00ae<\/sub>\u00a0compacte \u00e0 DEL avec technologie de fusion lumineuse offre un \u00e9clairage extr\u00eamement performant. Id\u00e9ale pour les activit\u00e9s ext\u00e9rieures, mais aussi \u00e0 la maison, en camping ou en voyage.<\/p>\n<p><small>*Le rendement lumineux efficace est mesur\u00e9 \u00e0 partir de la D\u00c9L \u00e0 150 mA rms. La valeur s\u2019applique uniquement \u00e0 la D\u00c9L. Le rendement lumineux r\u00e9el de l\u2019appareil peut varier.<\/small><br \/>\n<small>**Le rendement lumineux efficace est mesur\u00e9 depuis la D\u00c9L \u00e0 150 mA rms. La valeur s\u2019applique uniquement \u00e0 la D\u00c9L. Le rendement lumineux r\u00e9el de l\u2019appareil peut varier.<\/small><br \/>\n<small>***La tension finale indiqu\u00e9e est de 1 % de la valeur initiale sur le mode \u00e0 haute intensit\u00e9.<\/small><br \/>\n<small>**** La tension finale indiqu\u00e9e est de 1 % de la valeur initiale sur le mode \u00e0 faible intensit\u00e9.<\/small><\/p>\n","protected":false},"featured_media":0,"comment_status":"open","ping_status":"closed","template":"","meta":{"_acf_changed":false},"product_brand":[],"product_cat":[44],"product_tag":[],"class_list":{"0":"post-15850","1":"product","2":"type-product","3":"status-publish","5":"product_cat-eclairage-a-grand-faisceau","6":"pa_uses-bricolage","7":"pa_uses-exterieur","8":"pa_uses-quotidien","9":"pa_uses-soyez-pret","11":"first","12":"instock","13":"shipping-taxable","14":"product-type-simple"},"acf":[],"_links":{"self":[{"href":"https:\/\/energizer.com\/canada-french\/wp-json\/wp\/v2\/product\/15850","targetHints":{"allow":["GET"]}}],"collection":[{"href":"https:\/\/energizer.com\/canada-french\/wp-json\/wp\/v2\/product"}],"about":[{"href":"https:\/\/energizer.com\/canada-french\/wp-json\/wp\/v2\/types\/product"}],"replies":[{"embeddable":true,"href":"https:\/\/energizer.com\/canada-french\/wp-json\/wp\/v2\/comments?post=15850"}],"version-history":[{"count":0,"href":"https:\/\/energizer.com\/canada-french\/wp-json\/wp\/v2\/product\/15850\/revisions"}],"wp:attachment":[{"href":"https:\/\/energizer.com\/canada-french\/wp-json\/wp\/v2\/media?parent=15850"}],"wp:term":[{"taxonomy":"product_brand","embeddable":true,"href":"https:\/\/energizer.com\/canada-french\/wp-json\/wp\/v2\/product_brand?post=15850"},{"taxonomy":"product_cat","embeddable":true,"href":"https:\/\/energizer.com\/canada-french\/wp-json\/wp\/v2\/product_cat?post=15850"},{"taxonomy":"product_tag","embeddable":true,"href":"https:\/\/energizer.com\/canada-french\/wp-json\/wp\/v2\/product_tag?post=15850"}],"curies":[{"name":"wp","href":"https:\/\/api.w.org\/{rel}","templated":true}]}}