{"id":15854,"date":"2024-09-26T12:58:15","date_gmt":"2024-09-26T12:58:15","guid":{"rendered":"https:\/\/energizer.com\/canada-french\/?post_type=product&#038;p=15854"},"modified":"2024-10-03T07:43:13","modified_gmt":"2024-10-03T07:43:13","slug":"energizervision-rechargeable-lantern","status":"publish","type":"product","link":"https:\/\/energizer.com\/canada-french\/product\/eclairage\/eclairage-a-grand-faisceau\/energizervision-rechargeable-lantern\/","title":{"rendered":"Lanterne rechargeable Energizer\u00ae Vision"},"content":{"rendered":"<div class=\"button\"><a class=\"redbtn\" href=\"https:\/\/energizer.com\/canada-french\/eclairage\/lanternes-vision\/\" rel=\"noopener\" aria-label=\"En savoir plus sur les lanternes Vision\">En savoir plus sur les lanternes Vision<\/a><\/div>\n<ul>\n<li>Rechargeable\u00a0\u2013 recharge compl\u00e8te en 8\u00a0heures*<\/li>\n<li>Port USB sortant\u00a0\u2013 recharge des appareils<\/li>\n<li>\u00c9clairage puissant, m\u00eame apr\u00e8s la recharge compl\u00e8te d\u2019un t\u00e9l\u00e9phone intelligent**<\/li>\n<li>Fonction d\u2019intensit\u00e9 variable permettant d\u2019adapter la luminosit\u00e9 et d\u2019optimiser l\u2019autonomie<\/li>\n<li>\u00c9clairage de zone vif et puissant<\/li>\n<li>Base stable permettant de travailler les mains libres et poign\u00e9e antid\u00e9rapante confortable facilitant le transport<\/li>\n<li>Fabrication durable<\/li>\n<li>Lentille incassable<\/li>\n<li>Longue autonomie<\/li>\n<li>Jusqu\u2019\u00e0 12x plus lumineux qu\u2019une technologie DEL ordinaire<\/li>\n<li>Mode haute intensit\u00e9 pour un maximum de luminosit\u00e9<\/li>\n<li>Trois modes\n<ul>\n<li>Haute intensit\u00e9<\/li>\n<li>Faible intensit\u00e9<\/li>\n<li>\u00c9clairage de nuit<\/li>\n<\/ul>\n<\/li>\n<li>Fonctionne avec une batterie aux ions de lithium<\/li>\n<\/ul>\n","protected":false},"excerpt":{"rendered":"<p>En savoir plus sur les lanternes Vision Rechargeable\u00a0\u2013 recharge compl\u00e8te en 8\u00a0heures* Port USB sortant\u00a0\u2013 recharge des appareils \u00c9clairage puissant, m\u00eame apr\u00e8s la recharge compl\u00e8te d\u2019un t\u00e9l\u00e9phone intelligent** Fonction d\u2019intensit\u00e9 variable permettant d\u2019adapter la luminosit\u00e9 et d\u2019optimiser l\u2019autonomie \u00c9clairage de zone vif et puissant Base stable permettant de travailler les mains libres et poign\u00e9e antid\u00e9rapante [&hellip;]<\/p>\n","protected":false},"featured_media":0,"comment_status":"open","ping_status":"closed","template":"","meta":{"_acf_changed":false},"product_brand":[],"product_cat":[44],"product_tag":[],"class_list":{"0":"post-15854","1":"product","2":"type-product","3":"status-publish","5":"product_cat-eclairage-a-grand-faisceau","6":"pa_uses-bricolage","7":"pa_uses-exterieur","8":"pa_uses-quotidien","9":"pa_uses-soyez-pret","11":"first","12":"instock","13":"shipping-taxable","14":"product-type-simple"},"acf":[],"_links":{"self":[{"href":"https:\/\/energizer.com\/canada-french\/wp-json\/wp\/v2\/product\/15854","targetHints":{"allow":["GET"]}}],"collection":[{"href":"https:\/\/energizer.com\/canada-french\/wp-json\/wp\/v2\/product"}],"about":[{"href":"https:\/\/energizer.com\/canada-french\/wp-json\/wp\/v2\/types\/product"}],"replies":[{"embeddable":true,"href":"https:\/\/energizer.com\/canada-french\/wp-json\/wp\/v2\/comments?post=15854"}],"version-history":[{"count":0,"href":"https:\/\/energizer.com\/canada-french\/wp-json\/wp\/v2\/product\/15854\/revisions"}],"wp:attachment":[{"href":"https:\/\/energizer.com\/canada-french\/wp-json\/wp\/v2\/media?parent=15854"}],"wp:term":[{"taxonomy":"product_brand","embeddable":true,"href":"https:\/\/energizer.com\/canada-french\/wp-json\/wp\/v2\/product_brand?post=15854"},{"taxonomy":"product_cat","embeddable":true,"href":"https:\/\/energizer.com\/canada-french\/wp-json\/wp\/v2\/product_cat?post=15854"},{"taxonomy":"product_tag","embeddable":true,"href":"https:\/\/energizer.com\/canada-french\/wp-json\/wp\/v2\/product_tag?post=15854"}],"curies":[{"name":"wp","href":"https:\/\/api.w.org\/{rel}","templated":true}]}}