{"id":15856,"date":"2024-09-26T13:01:04","date_gmt":"2024-09-26T13:01:04","guid":{"rendered":"https:\/\/energizer.com\/canada-french\/?post_type=product&#038;p=15856"},"modified":"2024-10-01T05:57:14","modified_gmt":"2024-10-01T05:57:14","slug":"energizer-avec-la-lumiere-led-fusion-technology-pliant-lantern","status":"publish","type":"product","link":"https:\/\/energizer.com\/canada-french\/product\/eclairage\/eclairage-a-grand-faisceau\/energizer-avec-la-lumiere-led-fusion-technology-pliant-lantern\/","title":{"rendered":"Lanterne repliable \u00e0 D\u00c9L Energizer\u00ae dot\u00e9e de la technologie de fusion lumineuse"},"content":{"rendered":"<ul>\n<li>Lanterne raffin\u00e9e qui fournit une lumi\u00e8re vibrante et uniforme sur 360 degr\u00e9s pour une vari\u00e9t\u00e9 de t\u00e2ches et d\u2019activit\u00e9s \u00e0 l\u2019ext\u00e9rieur<\/li>\n<li>Le panneau dot\u00e9 de la technologie de fusion lumineuse se replie pour un \u00e9clairage sur 360 degr\u00e9s<\/li>\n<li>Support robuste \u00e0 l\u2019arri\u00e8re pour une utilisation \u00e0 mains libres<\/li>\n<li>Technologie intelligente du r\u00e9glage de la lumi\u00e8re pour un contr\u00f4le complet de la brillance et de la dur\u00e9e d\u2019utilisation (grand faisceau et concentr\u00e9)<\/li>\n<li>Fonctionne avec 4 ou 8 piles AA<\/li>\n<li>Comprend 4 piles Energizer MAX AA<\/li>\n<\/ul>\n","protected":false},"excerpt":{"rendered":"<p>\u00c0 la fois puissante et portable, la lanterne repliable\u00a0<em>Energizer<\/em><sub>\u00ae<\/sub>\u00a0dot\u00e9e de la technologie de fusion lumineuse est une lampe \u00e0 la fois compacte et brillante. Elle est id\u00e9ale pour les r\u00e9unions de famille et d\u2019amis sur les terasses, pour les escapades de fin de semaine et le camping.<\/p>\n<p><small>*Le rendement lumineux efficace est mesur\u00e9 depuis la D\u00c9L \u00e0 150 mA rms.<\/small><br \/>\n<small>La valeur s\u2019applique uniquement \u00e0 la D\u00c9L. Le rendement lumineux r\u00e9el de l\u2019appareil peut varier.<\/small><br \/>\n<small>**La tension finale indiqu\u00e9e est de 1 % de la valeur initiale sur les modes \u00e0 haute et \u00e0 faible intensit\u00e9.<\/small><\/p>\n","protected":false},"featured_media":0,"comment_status":"open","ping_status":"closed","template":"","meta":{"_acf_changed":false},"product_brand":[],"product_cat":[44],"product_tag":[],"class_list":{"0":"post-15856","1":"product","2":"type-product","3":"status-publish","5":"product_cat-eclairage-a-grand-faisceau","6":"pa_uses-bricolage","7":"pa_uses-exterieur","8":"pa_uses-quotidien","9":"pa_uses-soyez-pret","11":"first","12":"instock","13":"shipping-taxable","14":"product-type-simple"},"acf":[],"_links":{"self":[{"href":"https:\/\/energizer.com\/canada-french\/wp-json\/wp\/v2\/product\/15856","targetHints":{"allow":["GET"]}}],"collection":[{"href":"https:\/\/energizer.com\/canada-french\/wp-json\/wp\/v2\/product"}],"about":[{"href":"https:\/\/energizer.com\/canada-french\/wp-json\/wp\/v2\/types\/product"}],"replies":[{"embeddable":true,"href":"https:\/\/energizer.com\/canada-french\/wp-json\/wp\/v2\/comments?post=15856"}],"version-history":[{"count":0,"href":"https:\/\/energizer.com\/canada-french\/wp-json\/wp\/v2\/product\/15856\/revisions"}],"wp:attachment":[{"href":"https:\/\/energizer.com\/canada-french\/wp-json\/wp\/v2\/media?parent=15856"}],"wp:term":[{"taxonomy":"product_brand","embeddable":true,"href":"https:\/\/energizer.com\/canada-french\/wp-json\/wp\/v2\/product_brand?post=15856"},{"taxonomy":"product_cat","embeddable":true,"href":"https:\/\/energizer.com\/canada-french\/wp-json\/wp\/v2\/product_cat?post=15856"},{"taxonomy":"product_tag","embeddable":true,"href":"https:\/\/energizer.com\/canada-french\/wp-json\/wp\/v2\/product_tag?post=15856"}],"curies":[{"name":"wp","href":"https:\/\/api.w.org\/{rel}","templated":true}]}}