{"id":15858,"date":"2024-09-26T13:03:51","date_gmt":"2024-09-26T13:03:51","guid":{"rendered":"https:\/\/energizer.com\/canada-french\/?post_type=product&#038;p=15858"},"modified":"2024-10-01T05:30:16","modified_gmt":"2024-10-01T05:30:16","slug":"lanterne-repliable-a-del-weatheready-energizer","status":"publish","type":"product","link":"https:\/\/energizer.com\/canada-french\/product\/eclairage\/eclairage-a-grand-faisceau\/lanterne-repliable-a-del-weatheready-energizer\/","title":{"rendered":"Lanterne repliable \u00e0 D\u00c9L Weatheready\u00ae Energizer\u00ae"},"content":{"rendered":"<ul>\n<li>Lampe polyvalente qui fournit de la lumi\u00e8re selon vos besoins<\/li>\n<li>Lampe pivotante afin de fournir un \u00e9clairage sur 360 \u00ba<\/li>\n<li>Trois modes d\u2019\u00e9clairage: Intense, Faible et Veilleuse<\/li>\n<li>Optique am\u00e9lior\u00e9e qui fournit une lumi\u00e8re uniforme avec un grand faisceau d\u2019\u00e9clairage<\/li>\n<li>Prise facile pour transporter ou accrocher<\/li>\n<li>Se plie pour un rangement facile et compact<\/li>\n<li>Cette lanterne repliable fonctionne avec quatre piles alcalines D (pas incluses)<\/li>\n<\/ul>\n","protected":false},"excerpt":{"rendered":"<p>La lanterne \u00e0 DEL repliable\u00a0<em>Energizer<\/em><strong><sub>\u00ae<\/sub><\/strong>\u00a0Weatheready<strong><sub>\u00ae<\/sub><\/strong> se plie litt\u00e9ralement \u00e0 vos besoins : il vous suffit de la d\u00e9plier quand vous souhaitez l\u2019utiliser, ou de la garder ferm\u00e9e le reste du temps.<\/p>\n<p><small>*Le rendement lumineux efficace est mesur\u00e9 depuis la D\u00c9L \u00e0 150 mA rms.<\/small><br \/>\n<small>La valeur s\u2019applique uniquement \u00e0 la D\u00c9L. Le rendement lumineux r\u00e9el de l\u2019appareil peut varier.<\/small><br \/>\n<small>**La tension finale indiqu\u00e9e est de 1 % de la valeur initiale sur les modes \u00e0 haute et \u00e0 faible intensit\u00e9.<\/small><\/p>\n","protected":false},"featured_media":0,"comment_status":"open","ping_status":"closed","template":"","meta":{"_acf_changed":false},"product_brand":[],"product_cat":[44],"product_tag":[],"class_list":{"0":"post-15858","1":"product","2":"type-product","3":"status-publish","5":"product_cat-eclairage-a-grand-faisceau","6":"pa_collection-weatheready-energizer","7":"pa_uses-bricolage","8":"pa_uses-exterieur","9":"pa_uses-quotidien","10":"pa_uses-soyez-pret","12":"first","13":"instock","14":"shipping-taxable","15":"product-type-simple"},"acf":[],"_links":{"self":[{"href":"https:\/\/energizer.com\/canada-french\/wp-json\/wp\/v2\/product\/15858","targetHints":{"allow":["GET"]}}],"collection":[{"href":"https:\/\/energizer.com\/canada-french\/wp-json\/wp\/v2\/product"}],"about":[{"href":"https:\/\/energizer.com\/canada-french\/wp-json\/wp\/v2\/types\/product"}],"replies":[{"embeddable":true,"href":"https:\/\/energizer.com\/canada-french\/wp-json\/wp\/v2\/comments?post=15858"}],"version-history":[{"count":0,"href":"https:\/\/energizer.com\/canada-french\/wp-json\/wp\/v2\/product\/15858\/revisions"}],"wp:attachment":[{"href":"https:\/\/energizer.com\/canada-french\/wp-json\/wp\/v2\/media?parent=15858"}],"wp:term":[{"taxonomy":"product_brand","embeddable":true,"href":"https:\/\/energizer.com\/canada-french\/wp-json\/wp\/v2\/product_brand?post=15858"},{"taxonomy":"product_cat","embeddable":true,"href":"https:\/\/energizer.com\/canada-french\/wp-json\/wp\/v2\/product_cat?post=15858"},{"taxonomy":"product_tag","embeddable":true,"href":"https:\/\/energizer.com\/canada-french\/wp-json\/wp\/v2\/product_tag?post=15858"}],"curies":[{"name":"wp","href":"https:\/\/api.w.org\/{rel}","templated":true}]}}