{"id":16222,"date":"2024-09-27T07:48:46","date_gmt":"2024-09-27T07:48:46","guid":{"rendered":"https:\/\/energizer.com\/canada-french\/?post_type=product&#038;p=16222"},"modified":"2024-10-03T07:42:50","modified_gmt":"2024-10-03T07:42:50","slug":"lampe-de-travail-a-del-hard-case-professional-energizer","status":"publish","type":"product","link":"https:\/\/energizer.com\/canada-french\/product\/eclairage\/lampe-de-travail-a-del-hard-case-professional-energizer\/","title":{"rendered":"Energizer\u00aeHard Case\u00aeProfessional Task Light"},"content":{"rendered":"<h2 class=\"h3_size\">D\u00e9tails du produit<\/h2>\n<ul>\n<li>Fabrication exceptionnellement durable pour les travaux les plus exigeants\n<ul>\n<li>Polym\u00e8re robuste et surmoulage durable pour maximiser l\u2019absorption des chocs<\/li>\n<li>Conception durable de 20 ans selon un usage normal du consommateur<\/li>\n<\/ul>\n<\/li>\n<li class=\"cta\">Fonctionne \u00e0 mains libres\n<ul>\n<li>Crochet rotatif r\u00e9tractable<\/li>\n<li>Aimants<\/li>\n<li>Large base<\/li>\n<\/ul>\n<\/li>\n<li class=\"cta\">Technologie D\u00c9L la plus avanc\u00e9e pour fournir une lumi\u00e8re claire et brillante pour les travaux ardus<\/li>\n<li>Modes intense et faible pour contr\u00f4ler la luminosit\u00e9 et la dur\u00e9e d\u2019utilisation<\/li>\n<li>Lampe \u00e0 grand faisceau d\u2019\u00e9clairage id\u00e9al pour tout projet<\/li>\n<li>Cordon int\u00e9gr\u00e9<\/li>\n<li>Technologie intelligente de la gradation de la lumi\u00e8re pour une rendement lumineux personnalis\u00e9e et une dur\u00e9e d\u2019utilisation prolong\u00e9e<\/li>\n<li>Gros interrupteur \u00e0 bouton-poussoir pour une manipulation facile, m\u00eame avec des gants<\/li>\n<li>Fonctionne avec 4 piles AA (comprend 4 piles\u00a0<a class=\"anchorhover\" href=\"https:\/\/energizer.com\/canada-french\/product\/power\/energizer-max\/energizer-max-aa\/\" target=\"_blank\" rel=\"noopener\" aria-label=\"AA Energizer MAX\u00ae\">AA Energizer MAX\u00ae<\/a>)<\/li>\n<\/ul>\n","protected":false},"excerpt":{"rendered":"<p>La lampe de travail \u00e0 D\u00c9L Hard Case fournit une lumi\u00e8re uniforme et brillante dans deux modes D\u00c9L, vous permettant de travailler les mains libres.<\/p>\n<p><small>*Le rendement lumineux est mesur\u00e9 \u00e0 partir de la D\u00c9L. La valeur s\u2019applique uniquement \u00e0 la D\u00c9L. Le rendement lumineux r\u00e9el de l\u2019appareil peut varier.<\/small><br \/>\n<small>**La tension finale indiqu\u00e9e d\u00e9termin\u00e9e est \u00e0 1 % de la valeur initiale \u2013\u00a0<em>Les r\u00e9sultats sont bas\u00e9s sur les piles Energizer MAX\u00ae Alc.E91<\/em><\/small><\/p>\n","protected":false},"featured_media":0,"comment_status":"open","ping_status":"closed","template":"","meta":{"_acf_changed":false},"product_brand":[],"product_cat":[41],"product_tag":[],"class_list":{"0":"post-16222","1":"product","2":"type-product","3":"status-publish","5":"product_cat-eclairage","6":"pa_collection-hard-case-professional-energizer","7":"pa_uses-bricolage","8":"pa_uses-travail","10":"first","11":"instock","12":"shipping-taxable","13":"product-type-simple"},"acf":[],"_links":{"self":[{"href":"https:\/\/energizer.com\/canada-french\/wp-json\/wp\/v2\/product\/16222","targetHints":{"allow":["GET"]}}],"collection":[{"href":"https:\/\/energizer.com\/canada-french\/wp-json\/wp\/v2\/product"}],"about":[{"href":"https:\/\/energizer.com\/canada-french\/wp-json\/wp\/v2\/types\/product"}],"replies":[{"embeddable":true,"href":"https:\/\/energizer.com\/canada-french\/wp-json\/wp\/v2\/comments?post=16222"}],"version-history":[{"count":0,"href":"https:\/\/energizer.com\/canada-french\/wp-json\/wp\/v2\/product\/16222\/revisions"}],"wp:attachment":[{"href":"https:\/\/energizer.com\/canada-french\/wp-json\/wp\/v2\/media?parent=16222"}],"wp:term":[{"taxonomy":"product_brand","embeddable":true,"href":"https:\/\/energizer.com\/canada-french\/wp-json\/wp\/v2\/product_brand?post=16222"},{"taxonomy":"product_cat","embeddable":true,"href":"https:\/\/energizer.com\/canada-french\/wp-json\/wp\/v2\/product_cat?post=16222"},{"taxonomy":"product_tag","embeddable":true,"href":"https:\/\/energizer.com\/canada-french\/wp-json\/wp\/v2\/product_tag?post=16222"}],"curies":[{"name":"wp","href":"https:\/\/api.w.org\/{rel}","templated":true}]}}