{"id":16251,"date":"2024-09-27T08:02:35","date_gmt":"2024-09-27T08:02:35","guid":{"rendered":"https:\/\/energizer.com\/canada-french\/?post_type=product&#038;p=16251"},"modified":"2024-09-30T13:08:32","modified_gmt":"2024-09-30T13:08:32","slug":"lampes-a-pression-paw-patrol-energizer","status":"publish","type":"product","link":"https:\/\/energizer.com\/canada-french\/product\/eclairage\/lampes-a-pression-paw-patrol-energizer\/","title":{"rendered":"Energizer\u00ae PAW Patrol Squeeze Lights"},"content":{"rendered":"<h3 class=\"h3_size\">D\u00e9tails du produit<\/h3>\n<ul>\n<li>\u00c9gayez le temps de jeu de votre enfant avec la lampe de poche LED \u00e0 pression PAW Patrol\u00a0Energizer<sub>\u00ae<\/sub><\/li>\n<li>Pour les 3 ans et plus, cette lampe \u00e0 piles combine une lampe de poche compacte avec les jouets PAW Patrol pr\u00e9f\u00e9r\u00e9s de votre enfant<\/li>\n<li>Votre enfant peut emmener avec lui Marshall ou Skye \u00e0 l\u2019heure du coucher, lors de promenades nocturnes ou simplement pour jouer \u00e0 l\u2019int\u00e9rieur apr\u00e8s la tomb\u00e9e de la nuit. De plus, les mini lampes de poche sont faciles \u00e0 utiliser par les enfants. Appuyez simplement sur le dos et le ventre du petit chien pour allumer la lampe<\/li>\n<li>Pour plus de s\u00e9curit\u00e9, la lampe de poche pour enfants s\u2019\u00e9teint automatiquement lorsque les boutons sont rel\u00e2ch\u00e9s<\/li>\n<li>La lampe de poche pour enfants est dot\u00e9e d\u2019une DEL pour un \u00e9clat chaleureux. Deux piles Energizer non rempla\u00e7ables sont incluses dans la lampe de poche PAW Patrol pour une utilisation imm\u00e9diate<\/li>\n<li>Vous recevrez une lampe de poche \u00e0 pression, soit une lampe \u00e0 th\u00e8me Skye, soit une lampe \u00e0 th\u00e8me Marshall, avec votre achat en ligne<\/li>\n<li>Faites confiance \u00e0 Energizer pour des performances fiables en toutes circonstances<\/li>\n<li>Voir la d\u00e9claration de la FCC<\/li>\n<\/ul>\n","protected":false},"excerpt":{"rendered":"<p>Cette collection de lampes \u00e0 pression PAW Patrol est un excellent choix pour ajouter plus de plaisir lorsque les enfants jouent dans l\u2019obscurit\u00e9. De conception mignonne, les lampes se pr\u00e9sentent sous la forme de Marshall ou de Skye afin que les enfants puissent avoir une lampe qui ressemble \u00e0 leur personnage pr\u00e9f\u00e9r\u00e9. Cette lampe \u00e0 pression pour enfant est facile \u00e0 utiliser et l\u2019aidera \u00e0 explorer l\u2019ext\u00e9rieur ou simplement \u00e0 \u00eatre cr\u00e9atif \u00e0 l\u2019int\u00e9rieur.\u00a0 Ces lampes \u00e0 pression (Marshall ou Skye) sont une option d\u2019\u00e9clairage s\u00e9curitaire et amusante pour les enfants qui les accompagnera dans toutes leurs aventures.<\/p>\n","protected":false},"featured_media":0,"comment_status":"open","ping_status":"closed","template":"","meta":{"_acf_changed":false},"product_brand":[],"product_cat":[41],"product_tag":[],"class_list":{"0":"post-16251","1":"product","2":"type-product","3":"status-publish","5":"product_cat-eclairage","6":"pa_collection-lampes-paw-patrol","8":"first","9":"instock","10":"shipping-taxable","11":"product-type-simple"},"acf":[],"_links":{"self":[{"href":"https:\/\/energizer.com\/canada-french\/wp-json\/wp\/v2\/product\/16251","targetHints":{"allow":["GET"]}}],"collection":[{"href":"https:\/\/energizer.com\/canada-french\/wp-json\/wp\/v2\/product"}],"about":[{"href":"https:\/\/energizer.com\/canada-french\/wp-json\/wp\/v2\/types\/product"}],"replies":[{"embeddable":true,"href":"https:\/\/energizer.com\/canada-french\/wp-json\/wp\/v2\/comments?post=16251"}],"version-history":[{"count":0,"href":"https:\/\/energizer.com\/canada-french\/wp-json\/wp\/v2\/product\/16251\/revisions"}],"wp:attachment":[{"href":"https:\/\/energizer.com\/canada-french\/wp-json\/wp\/v2\/media?parent=16251"}],"wp:term":[{"taxonomy":"product_brand","embeddable":true,"href":"https:\/\/energizer.com\/canada-french\/wp-json\/wp\/v2\/product_brand?post=16251"},{"taxonomy":"product_cat","embeddable":true,"href":"https:\/\/energizer.com\/canada-french\/wp-json\/wp\/v2\/product_cat?post=16251"},{"taxonomy":"product_tag","embeddable":true,"href":"https:\/\/energizer.com\/canada-french\/wp-json\/wp\/v2\/product_tag?post=16251"}],"curies":[{"name":"wp","href":"https:\/\/api.w.org\/{rel}","templated":true}]}}