{"id":16860,"date":"2024-09-27T12:57:16","date_gmt":"2024-09-27T12:57:16","guid":{"rendered":"https:\/\/energizer.com\/canada-french\/?post_type=product&#038;p=16860"},"modified":"2024-10-03T07:42:20","modified_gmt":"2024-10-03T07:42:20","slug":"lampe-a-del-pour-travaux-hard-case-professional-energizer","status":"publish","type":"product","link":"https:\/\/energizer.com\/canada-french\/product\/eclairage\/lampes-de-poche\/lampe-a-del-pour-travaux-hard-case-professional-energizer\/","title":{"rendered":"Lampe pour travaux Energizer\u00ae Hardcase \u00ae Professional \u00ae"},"content":{"rendered":"<ul>\n<li>Fabrication exceptionnellement durable pour les travaux les plus exigeants\n<ul>\n<li>Polym\u00e8re robuste et surmoulage durable pour maximiser l\u2019absorption des chocs<\/li>\n<li>Conception durable de 20 ans selon un usage normal du consommateur<\/li>\n<li>Lentille incassable<\/li>\n<\/ul>\n<\/li>\n<li class=\"cta\">Technologie D\u00c9L la plus avanc\u00e9e pour fournir une lumi\u00e8re claire et brillante pour les travaux ardus<\/li>\n<li>Modes intense et faible pour contr\u00f4ler la luminosit\u00e9 et la dur\u00e9e d\u2019utilisation<\/li>\n<li>Faisceau brillant et uniforme, id\u00e9al pour les projets<\/li>\n<li>Technologie intelligente de la gradation de la lumi\u00e8re pour un rendement lumineux personnalis\u00e9e et une dur\u00e9e d\u2019utilisation prolong\u00e9e<\/li>\n<li>Cordon int\u00e9gr\u00e9<\/li>\n<li>Fabrication robuste en ABS, acier et caoutchouc<\/li>\n<li>Gros interrupteur \u00e0 bouton-poussoir pour une manipulation facile, m\u00eame avec des gants<\/li>\n<li>Lampe compacte facile \u00e0 transporter et \u00e0 ranger<\/li>\n<li>Fonctionne avec 2 piles AA (comprend 2 piles\u00a0<a class=\"anchorhover\" href=\"https:\/\/energizer.com\/canada-french\/product\/power\/energizer-max\/energizer-max-aa\/\" target=\"_blank\" rel=\"noopener\" aria-label=\"AA Energizer MAX\u00ae\">AA Energizer MAX\u00ae<\/a>)<\/li>\n<\/ul>\n","protected":false},"excerpt":{"rendered":"<p>Peu importe votre t\u00e2che, cette lampe rel\u00e8vera le d\u00e9fi. Les artisans sp\u00e9cialis\u00e9s et les bricoleurs se fient aux 2 modes de brillance de cette lampe robuste qu\u2019ils peuvent emporter n\u2019importe o\u00f9.<\/p>\n","protected":false},"featured_media":0,"comment_status":"open","ping_status":"closed","template":"","meta":{"_acf_changed":false},"product_brand":[],"product_cat":[41,97],"product_tag":[],"class_list":{"0":"post-16860","1":"product","2":"type-product","3":"status-publish","5":"product_cat-eclairage","6":"product_cat-lampes-de-poche","7":"pa_collection-hard-case-professional-energizer","8":"pa_uses-bricolage","9":"pa_uses-travail","11":"first","12":"instock","13":"shipping-taxable","14":"product-type-simple"},"acf":[],"_links":{"self":[{"href":"https:\/\/energizer.com\/canada-french\/wp-json\/wp\/v2\/product\/16860","targetHints":{"allow":["GET"]}}],"collection":[{"href":"https:\/\/energizer.com\/canada-french\/wp-json\/wp\/v2\/product"}],"about":[{"href":"https:\/\/energizer.com\/canada-french\/wp-json\/wp\/v2\/types\/product"}],"replies":[{"embeddable":true,"href":"https:\/\/energizer.com\/canada-french\/wp-json\/wp\/v2\/comments?post=16860"}],"version-history":[{"count":0,"href":"https:\/\/energizer.com\/canada-french\/wp-json\/wp\/v2\/product\/16860\/revisions"}],"wp:attachment":[{"href":"https:\/\/energizer.com\/canada-french\/wp-json\/wp\/v2\/media?parent=16860"}],"wp:term":[{"taxonomy":"product_brand","embeddable":true,"href":"https:\/\/energizer.com\/canada-french\/wp-json\/wp\/v2\/product_brand?post=16860"},{"taxonomy":"product_cat","embeddable":true,"href":"https:\/\/energizer.com\/canada-french\/wp-json\/wp\/v2\/product_cat?post=16860"},{"taxonomy":"product_tag","embeddable":true,"href":"https:\/\/energizer.com\/canada-french\/wp-json\/wp\/v2\/product_tag?post=16860"}],"curies":[{"name":"wp","href":"https:\/\/api.w.org\/{rel}","templated":true}]}}