{"id":16750,"date":"2025-01-22T13:12:48","date_gmt":"2025-01-22T13:12:48","guid":{"rendered":"https:\/\/energizer.com\/canada\/?post_type=product&#038;p=16750"},"modified":"2025-01-22T13:31:28","modified_gmt":"2025-01-22T13:31:28","slug":"energizer-max-c-batteries-8-pack-c-cell-alkaline-batteries-2","status":"publish","type":"product","link":"https:\/\/energizer.com\/canada\/product\/power\/energizer-max-c-batteries-8-pack-c-cell-alkaline-batteries-2\/","title":{"rendered":"Energizer MAX C Batteries (8 Pack), C Cell Alkaline Batteries"},"content":{"rendered":"<ul>\n<li>8 pack of Energizer MAX C Batteries, C Cell Alkaline Batteries<\/li>\n<li>These alkaline C batteries provide long lasting power for your everyday devices<\/li>\n<li>The power you depend on for high-tech C battery flashlights, radios, toys and other high-drain devices<\/li>\n<li>MAX C alkaline batteries that hold power for up to 10 years in storage<\/li>\n<li>C alkaline batteries that are made to last. Not to leak.<\/li>\n<li>From the makers of the #1 longest lasting AA battery (Energizer Ultimate Lithium), and the Energizer Bunny<\/li>\n<li>Energizer created the world\u2019s first zero mercury alkaline battery (commercially available since 1991), and it hasn\u2019t stopped innovating since.<\/li>\n<\/ul>\n","protected":false},"excerpt":{"rendered":"<p>La famille Energizer MAX repr\u00e9sente l&#8217;\u00e9nergie durable et l&#8217;innovation. Les piles de format C conservent leur \u00e9nergie jusqu&#8217;\u00e0 10 ans lorsqu&#8217;elles sont entrepos\u00e9es pour que vous ayez de l&#8217;\u00e9nergie lorsque vous en avez le plus besoin. Donc, pour vos jouets, appareils photo num\u00e9riques et autres appareils pr\u00e9cieux, vous pouvez toujours faire confiance \u00e0 l&#8217;\u00e9nergie durable ainsi qu&#8217;\u00e0 la protection que vous exigez d&#8217;Energizer\u00ae.<\/p>\n","protected":false},"featured_media":16754,"comment_status":"open","ping_status":"closed","template":"","meta":{"_acf_changed":false},"product_brand":[],"product_cat":[54],"product_tag":[],"class_list":{"0":"post-16750","1":"product","2":"type-product","3":"status-publish","4":"has-post-thumbnail","6":"product_cat-power","8":"first","9":"instock","10":"shipping-taxable","11":"product-type-simple"},"acf":[],"_links":{"self":[{"href":"https:\/\/energizer.com\/canada\/wp-json\/wp\/v2\/product\/16750","targetHints":{"allow":["GET"]}}],"collection":[{"href":"https:\/\/energizer.com\/canada\/wp-json\/wp\/v2\/product"}],"about":[{"href":"https:\/\/energizer.com\/canada\/wp-json\/wp\/v2\/types\/product"}],"replies":[{"embeddable":true,"href":"https:\/\/energizer.com\/canada\/wp-json\/wp\/v2\/comments?post=16750"}],"version-history":[{"count":0,"href":"https:\/\/energizer.com\/canada\/wp-json\/wp\/v2\/product\/16750\/revisions"}],"wp:featuredmedia":[{"embeddable":true,"href":"https:\/\/energizer.com\/canada\/wp-json\/wp\/v2\/media\/16754"}],"wp:attachment":[{"href":"https:\/\/energizer.com\/canada\/wp-json\/wp\/v2\/media?parent=16750"}],"wp:term":[{"taxonomy":"product_brand","embeddable":true,"href":"https:\/\/energizer.com\/canada\/wp-json\/wp\/v2\/product_brand?post=16750"},{"taxonomy":"product_cat","embeddable":true,"href":"https:\/\/energizer.com\/canada\/wp-json\/wp\/v2\/product_cat?post=16750"},{"taxonomy":"product_tag","embeddable":true,"href":"https:\/\/energizer.com\/canada\/wp-json\/wp\/v2\/product_tag?post=16750"}],"curies":[{"name":"wp","href":"https:\/\/api.w.org\/{rel}","templated":true}]}}